{"id":118,"date":"2018-08-27T09:23:18","date_gmt":"2018-08-27T09:23:18","guid":{"rendered":"http:\/\/konte.uix.store\/furniture\/?page_id=118"},"modified":"2022-07-29T16:14:48","modified_gmt":"2022-07-29T16:14:48","slug":"brand","status":"publish","type":"page","link":"https:\/\/aguamole.pt\/index.php\/brand\/","title":{"rendered":"A Marca"},"content":{"rendered":"<div class=\"wpb-content-wrapper\"><p>[vc_section full_width=&#8221;stretch_row&#8221; css=&#8221;.vc_custom_1659111265649{padding-top: 35px !important;background-position: center !important;background-repeat: no-repeat !important;background-size: cover !important;}&#8221;][vc_row css=&#8221;.vc_custom_1530089427958{margin-bottom: 70px !important;}&#8221;][vc_column width=&#8221;1\/6&#8243; offset=&#8221;vc_hidden-sm vc_hidden-xs&#8221;][\/vc_column][vc_column offset=&#8221;vc_col-lg-8 vc_col-md-8&#8243;][vc_column_text css_animation=&#8221;slideInUp&#8221;]<\/p>\n<h4 class=\"p1\">\u00c1gua Mole transpira delicadeza, bem-estar e personalidade.<\/h4>\n<p class=\"p1\">Da necessidade de hidrata\u00e7\u00e3o da pele nasceu o que se tornaria hoje a \u00c1gua Mole: uma pequena empresa familiar que cria e desenvolve produtos arom\u00e1ticos pessoais e para espa\u00e7os, de alta qualidade, a partir de processos artesanais.<\/p>\n<p class=\"p1\">Surgindo da cria\u00e7\u00e3o de um sabonete artesanal produzido a partir de azeite virgem, como reposta e solu\u00e7\u00e3o eficientes para um problema de pele, \u00c1gua Mole cresceu, amadureceu, inovou e expandiu-se. Atualmente, \u00c1gua Mole tanto cria produtos da sua pr\u00f3pria marca como desenvolve aromas exclusivos para espa\u00e7os que reflictam o seu DNA.<\/p>\n<p>[\/vc_column_text][\/vc_column][vc_column width=&#8221;1\/6&#8243; offset=&#8221;vc_hidden-sm vc_hidden-xs&#8221;][\/vc_column][\/vc_row][vc_row][vc_column][vc_empty_space height=&#8221;30&#8243;][\/vc_column][\/vc_row][vc_row][vc_column width=&#8221;1\/2&#8243;][vc_empty_space height=&#8221;50px&#8221;][vc_single_image image=&#8221;3225&#8243; img_size=&#8221;full&#8221; css_animation=&#8221;fadeInUp&#8221;][\/vc_column][vc_column width=&#8221;1\/2&#8243; css=&#8221;.vc_custom_1606221608557{border-right-width: 50px !important;padding-top: 150px !important;padding-left: 90px !important;}&#8221;][vc_custom_heading text=&#8221;Respeitamos<br \/>\no Corpo&#8221; font_container=&#8221;tag:h4|text_align:left&#8221; use_theme_fonts=&#8221;yes&#8221; css=&#8221;.vc_custom_1606221294136{margin-bottom: 25px !important;}&#8221;][vc_column_text]<\/p>\n<p class=\"p2\">Consideramos importante haver rigor na selec\u00e7\u00e3o das melhores mat\u00e9rias primas utilizadas aliada a uma cuidada produ\u00e7\u00e3o artesanal, bem como arranjar estrat\u00e9gias eficientes para que o nosso impacto ambiental, no processo que vai desde a concep\u00e7\u00e3o do produto \u00e0 entrega do mesmo aos nossos clientes, seja o menor poss\u00edvel.<\/p>\n<p>[\/vc_column_text][\/vc_column][\/vc_row][vc_row][vc_column css_animation=&#8221;fadeInUp&#8221; width=&#8221;1\/12&#8243; offset=&#8221;vc_col-lg-5 vc_col-md-5&#8243; css=&#8221;.vc_custom_1606221555805{padding-top: 115px !important;padding-right: 50px !important;padding-left: 90px !important;background-position: center !important;background-repeat: no-repeat !important;background-size: cover !important;}&#8221;][vc_custom_heading text=&#8221;Respeitamos<br \/>\na Vida&#8221; font_container=&#8221;tag:h4|text_align:left&#8221; use_theme_fonts=&#8221;yes&#8221; css=&#8221;.vc_custom_1606221307535{margin-bottom: 25px !important;}&#8221;][vc_column_text]<\/p>\n<p class=\"p2\">N\u00e3o somos 100% vegan, tampouco 100% zero waste, mas somos 100% humanos. : )<\/p>\n<p class=\"p2\">Todos os produtos est\u00e3o devidamente etiquetados com os ingredientes presentes nas composi\u00e7\u00f5es para que fa\u00e7am a escolha certa para o vosso corpo e casa.<br \/>\nValorizando a vida, respeito e empatia ao pr\u00f3ximo, n\u00e3o testamos em animais.<\/p>\n<p>[\/vc_column_text][\/vc_column][vc_column css_animation=&#8221;fadeIn&#8221; width=&#8221;1\/2&#8243; css=&#8221;.vc_custom_1606221379967{margin-right: -15px !important;padding-top: -50px !important;padding-right: 50px !important;}&#8221; offset=&#8221;vc_col-lg-7 vc_col-md-7&#8243; el_class=&#8221;values&#8221;][vc_single_image image=&#8221;3226&#8243; img_size=&#8221;medium&#8221; alignment=&#8221;right&#8221; css_animation=&#8221;fadeInUp&#8221; css=&#8221;.vc_custom_1659111255506{padding-right: 60px !important;padding-left: -60px !important;}&#8221;][\/vc_column][\/vc_row][vc_row][vc_column][vc_empty_space height=&#8221;30&#8243;][\/vc_column][\/vc_row][\/vc_section][vc_section full_width=&#8221;stretch_row_content&#8221; content_placement=&#8221;middle&#8221; css=&#8221;.vc_custom_1606220929273{padding-top: 35px !important;background-position: center !important;background-repeat: no-repeat !important;background-size: cover !important;}&#8221;][vc_row css_animation=&#8221;fadeIn&#8221;][vc_column width=&#8221;1\/2&#8243; css=&#8221;.vc_custom_1606221843437{padding-top: 60px !important;padding-left: 60px !important;}&#8221;][vc_single_image image=&#8221;3223&#8243; img_size=&#8221;large&#8221; css_animation=&#8221;fadeInUp&#8221;][\/vc_column][vc_column css_animation=&#8221;fadeIn&#8221; width=&#8221;1\/2&#8243; offset=&#8221;vc_col-lg-5 vc_col-md-5&#8243; css=&#8221;.vc_custom_1606221896861{padding-top: 120px !important;padding-right: 80px !important;padding-left: 80px !important;background-position: center !important;background-repeat: no-repeat !important;background-size: cover !important;}&#8221;][vc_custom_heading text=&#8221;Fundadora<br \/>\ne Artes\u00e3&#8221; font_container=&#8221;tag:h4|text_align:left&#8221; use_theme_fonts=&#8221;yes&#8221; css=&#8221;.vc_custom_1606221313790{margin-bottom: 25px !important;}&#8221;][vc_column_text]<\/p>\n<p class=\"p1\">Foi de uma necessidade que \u00c1gua Mole nasceu.<br \/>\nA necessidade de criar produtos com qualidade de excel\u00eancia e que apenas tivessem o essencial para dar sa\u00fade \u00e0 nossa pele.<\/p>\n<p class=\"p1\">Do sabonete evolu\u00edmos para uma gama completa que conta com produtos n\u00e3o s\u00f3 para o corpo e cabelo, mas tamb\u00e9m para a casa, para que tenham uma experi\u00eancia completa e naturalmente refrescante.<\/p>\n<p class=\"p1\">Esperamos que recebam com muito amor tudo o que temos para vos oferecer.<\/p>\n<p class=\"p1\">\u00c1gua Mole,<br \/>\nFragr\u00e2ncias que nos abra\u00e7am<\/p>\n<p>[\/vc_column_text][vc_custom_heading text=&#8221;ANA PAULA LEIT\u00c3O&#8221; font_container=&#8221;tag:h6|font_size:12px|text_align:left&#8221; use_theme_fonts=&#8221;yes&#8221; css=&#8221;.vc_custom_1601575704132{margin-top: 10px !important;}&#8221;][\/vc_column][\/vc_row][\/vc_section][vc_row][vc_column][vc_empty_space height=&#8221;125px&#8221;][\/vc_column][\/vc_row][vc_row][vc_column width=&#8221;1\/3&#8243; offset=&#8221;vc_col-lg-4 vc_col-md-4&#8243;]<div class=\"konte-icon-box icon-type-image box-align-center  wpb_animate_when_almost_visible wpb_fadeInUp fadeInUp  vc_custom_1606214990818\">\n\t\t\t\t<div class=\"konte-icon-box__icon\"><img decoding=\"async\" alt=\"Clientes Felizes\" src=\"https:\/\/aguamole.pt\/wp-content\/uploads\/2020\/10\/icones-01.png\"><\/div>\n\t\t\t\t<h4 class=\"konte-icon-box__title\" >Clientes Felizes<\/h4>\n\t\t\t\t<div class=\"konte-icon-box__content\"><p class=\"p1\">Valorizamos as necessidades<br \/>\ndos nossos clientes, trabalhando<br \/>\ndiariamente para a cria\u00e7\u00e3o<br \/>\nde produtos de excel\u00eancia.<\/p>\n<\/div>\n\t\t\t<\/div>[\/vc_column][vc_column width=&#8221;1\/3&#8243;]<div class=\"konte-icon-box icon-type-image box-align-center  wpb_animate_when_almost_visible wpb_fadeInUp fadeInUp  vc_custom_1659110870489\">\n\t\t\t\t<div class=\"konte-icon-box__icon\"><img decoding=\"async\" alt=\"9 Anos de Experi\u00eancias\" src=\"https:\/\/aguamole.pt\/wp-content\/uploads\/2020\/10\/icones-02.png\"><\/div>\n\t\t\t\t<h4 class=\"konte-icon-box__title\" >9 Anos de Experi\u00eancias<\/h4>\n\t\t\t\t<div class=\"konte-icon-box__content\"><p class=\"p1\">Desde 2014 que criamos<br \/>\nprodutos naturais para<br \/>\no seu corpo e para a sua casa.<\/p>\n<\/div>\n\t\t\t<\/div>[\/vc_column][vc_column width=&#8221;1\/3&#8243;]<div class=\"konte-icon-box icon-type-image box-align-center  wpb_animate_when_almost_visible wpb_fadeInUp fadeInUp  vc_custom_1606215018266\">\n\t\t\t\t<div class=\"konte-icon-box__icon\"><img decoding=\"async\" alt=\"Pro Natura\" src=\"https:\/\/aguamole.pt\/wp-content\/uploads\/2020\/10\/icones-03.png\"><\/div>\n\t\t\t\t<h4 class=\"konte-icon-box__title\" >Pro Natura<\/h4>\n\t\t\t\t<div class=\"konte-icon-box__content\"><p class=\"p1\">N\u00e3o testamos em animais<br \/>\ne trabalhamos diariamente<br \/>\npara a redu\u00e7\u00e3o do desperd\u00edcio<br \/>\nna nossa oficina.<\/p>\n<\/div>\n\t\t\t<\/div>[\/vc_column][\/vc_row][vc_row][vc_column][vc_empty_space height=&#8221;30px&#8221;][\/vc_column][\/vc_row]<\/p>\n<\/div>","protected":false},"excerpt":{"rendered":"<p>[vc_section full_width=&#8221;stretch_row&#8221; css=&#8221;.vc_custom_1659111265649{padding-top: 35px !important;background-position: center !important;background-repeat: no-repeat !important;background-size: cover !important;}&#8221;][vc_row css=&#8221;.vc_custom_1530089427958{margin-bottom: 70px !important;}&#8221;][vc_column width=&#8221;1\/6&#8243; offset=&#8221;vc_hidden-sm vc_hidden-xs&#8221;][\/vc_column][vc_column offset=&#8221;vc_col-lg-8 vc_col-md-8&#8243;][vc_column_text css_animation=&#8221;slideInUp&#8221;] \u00c1gua Mole transpira delicadeza, bem-estar e personalidade. Da necessidade de&hellip;<\/p>\n","protected":false},"author":1,"featured_media":3218,"parent":0,"menu_order":0,"comment_status":"closed","ping_status":"closed","template":"","meta":{"footnotes":""},"class_list":["post-118","page","type-page","status-publish","has-post-thumbnail","hentry"],"yoast_head":"<!-- This site is optimized with the Yoast SEO plugin v27.0 - https:\/\/yoast.com\/product\/yoast-seo-wordpress\/ -->\n<title>A Marca - \u00e1gua mole<\/title>\n<meta name=\"robots\" content=\"index, follow, max-snippet:-1, max-image-preview:large, max-video-preview:-1\" \/>\n<link rel=\"canonical\" href=\"https:\/\/aguamole.pt\/index.php\/brand\/\" \/>\n<meta property=\"og:locale\" content=\"pt_PT\" \/>\n<meta property=\"og:type\" content=\"article\" \/>\n<meta property=\"og:title\" content=\"A Marca - \u00e1gua mole\" \/>\n<meta property=\"og:description\" content=\"[vc_section full_width=&#8221;stretch_row&#8221; css=&#8221;.vc_custom_1659111265649{padding-top: 35px !important;background-position: center !important;background-repeat: no-repeat !important;background-size: cover !important;}&#8221;][vc_row css=&#8221;.vc_custom_1530089427958{margin-bottom: 70px !important;}&#8221;][vc_column width=&#8221;1\/6&#8243; offset=&#8221;vc_hidden-sm vc_hidden-xs&#8221;][\/vc_column][vc_column offset=&#8221;vc_col-lg-8 vc_col-md-8&#8243;][vc_column_text css_animation=&#8221;slideInUp&#8221;] \u00c1gua Mole transpira delicadeza, bem-estar e personalidade. Da necessidade de&hellip;\" \/>\n<meta property=\"og:url\" content=\"https:\/\/aguamole.pt\/index.php\/brand\/\" \/>\n<meta property=\"og:site_name\" content=\"\u00e1gua mole\" \/>\n<meta property=\"article:publisher\" content=\"https:\/\/www.facebook.com\/agua.mole.essencia\" \/>\n<meta property=\"article:modified_time\" content=\"2022-07-29T16:14:48+00:00\" \/>\n<meta property=\"og:image\" content=\"https:\/\/aguamole.pt\/wp-content\/uploads\/2022\/07\/IMG_4376editedgreen-scaled.jpg\" \/>\n\t<meta property=\"og:image:width\" content=\"2560\" \/>\n\t<meta property=\"og:image:height\" content=\"1920\" \/>\n\t<meta property=\"og:image:type\" content=\"image\/jpeg\" \/>\n<meta name=\"twitter:card\" content=\"summary_large_image\" \/>\n<meta name=\"twitter:label1\" content=\"Tempo estimado de leitura\" \/>\n\t<meta name=\"twitter:data1\" content=\"3 minutos\" \/>\n<script type=\"application\/ld+json\" class=\"yoast-schema-graph\">{\"@context\":\"https:\/\/schema.org\",\"@graph\":[{\"@type\":\"WebPage\",\"@id\":\"https:\/\/aguamole.pt\/index.php\/brand\/\",\"url\":\"https:\/\/aguamole.pt\/index.php\/brand\/\",\"name\":\"A Marca - \u00e1gua mole\",\"isPartOf\":{\"@id\":\"https:\/\/aguamole.pt\/#website\"},\"primaryImageOfPage\":{\"@id\":\"https:\/\/aguamole.pt\/index.php\/brand\/#primaryimage\"},\"image\":{\"@id\":\"https:\/\/aguamole.pt\/index.php\/brand\/#primaryimage\"},\"thumbnailUrl\":\"https:\/\/aguamole.pt\/wp-content\/uploads\/2022\/07\/IMG_4376editedgreen-scaled.jpg\",\"datePublished\":\"2018-08-27T09:23:18+00:00\",\"dateModified\":\"2022-07-29T16:14:48+00:00\",\"breadcrumb\":{\"@id\":\"https:\/\/aguamole.pt\/index.php\/brand\/#breadcrumb\"},\"inLanguage\":\"pt-PT\",\"potentialAction\":[{\"@type\":\"ReadAction\",\"target\":[\"https:\/\/aguamole.pt\/index.php\/brand\/\"]}]},{\"@type\":\"ImageObject\",\"inLanguage\":\"pt-PT\",\"@id\":\"https:\/\/aguamole.pt\/index.php\/brand\/#primaryimage\",\"url\":\"https:\/\/aguamole.pt\/wp-content\/uploads\/2022\/07\/IMG_4376editedgreen-scaled.jpg\",\"contentUrl\":\"https:\/\/aguamole.pt\/wp-content\/uploads\/2022\/07\/IMG_4376editedgreen-scaled.jpg\",\"width\":2560,\"height\":1920},{\"@type\":\"BreadcrumbList\",\"@id\":\"https:\/\/aguamole.pt\/index.php\/brand\/#breadcrumb\",\"itemListElement\":[{\"@type\":\"ListItem\",\"position\":1,\"name\":\"Home\",\"item\":\"https:\/\/aguamole.pt\/\"},{\"@type\":\"ListItem\",\"position\":2,\"name\":\"A Marca\"}]},{\"@type\":\"WebSite\",\"@id\":\"https:\/\/aguamole.pt\/#website\",\"url\":\"https:\/\/aguamole.pt\/\",\"name\":\"\u00e1gua mole\",\"description\":\"Produtos de bem-estar naturais para o corpo e para a casa\",\"publisher\":{\"@id\":\"https:\/\/aguamole.pt\/#organization\"},\"potentialAction\":[{\"@type\":\"SearchAction\",\"target\":{\"@type\":\"EntryPoint\",\"urlTemplate\":\"https:\/\/aguamole.pt\/?s={search_term_string}\"},\"query-input\":{\"@type\":\"PropertyValueSpecification\",\"valueRequired\":true,\"valueName\":\"search_term_string\"}}],\"inLanguage\":\"pt-PT\"},{\"@type\":\"Organization\",\"@id\":\"https:\/\/aguamole.pt\/#organization\",\"name\":\"\u00e1gua mole\",\"url\":\"https:\/\/aguamole.pt\/\",\"logo\":{\"@type\":\"ImageObject\",\"inLanguage\":\"pt-PT\",\"@id\":\"https:\/\/aguamole.pt\/#\/schema\/logo\/image\/\",\"url\":\"https:\/\/aguamole.pt\/wp-content\/uploads\/2020\/09\/logo_straight-01.png\",\"contentUrl\":\"https:\/\/aguamole.pt\/wp-content\/uploads\/2020\/09\/logo_straight-01.png\",\"width\":129,\"height\":25,\"caption\":\"\u00e1gua mole\"},\"image\":{\"@id\":\"https:\/\/aguamole.pt\/#\/schema\/logo\/image\/\"},\"sameAs\":[\"https:\/\/www.facebook.com\/agua.mole.essencia\",\"https:\/\/www.instagram.com\/agua.mole\/\"]}]}<\/script>\n<!-- \/ Yoast SEO plugin. -->","yoast_head_json":{"title":"A Marca - \u00e1gua mole","robots":{"index":"index","follow":"follow","max-snippet":"max-snippet:-1","max-image-preview":"max-image-preview:large","max-video-preview":"max-video-preview:-1"},"canonical":"https:\/\/aguamole.pt\/index.php\/brand\/","og_locale":"pt_PT","og_type":"article","og_title":"A Marca - \u00e1gua mole","og_description":"[vc_section full_width=&#8221;stretch_row&#8221; css=&#8221;.vc_custom_1659111265649{padding-top: 35px !important;background-position: center !important;background-repeat: no-repeat !important;background-size: cover !important;}&#8221;][vc_row css=&#8221;.vc_custom_1530089427958{margin-bottom: 70px !important;}&#8221;][vc_column width=&#8221;1\/6&#8243; offset=&#8221;vc_hidden-sm vc_hidden-xs&#8221;][\/vc_column][vc_column offset=&#8221;vc_col-lg-8 vc_col-md-8&#8243;][vc_column_text css_animation=&#8221;slideInUp&#8221;] \u00c1gua Mole transpira delicadeza, bem-estar e personalidade. Da necessidade de&hellip;","og_url":"https:\/\/aguamole.pt\/index.php\/brand\/","og_site_name":"\u00e1gua mole","article_publisher":"https:\/\/www.facebook.com\/agua.mole.essencia","article_modified_time":"2022-07-29T16:14:48+00:00","og_image":[{"width":2560,"height":1920,"url":"https:\/\/aguamole.pt\/wp-content\/uploads\/2022\/07\/IMG_4376editedgreen-scaled.jpg","type":"image\/jpeg"}],"twitter_card":"summary_large_image","twitter_misc":{"Tempo estimado de leitura":"3 minutos"},"schema":{"@context":"https:\/\/schema.org","@graph":[{"@type":"WebPage","@id":"https:\/\/aguamole.pt\/index.php\/brand\/","url":"https:\/\/aguamole.pt\/index.php\/brand\/","name":"A Marca - \u00e1gua mole","isPartOf":{"@id":"https:\/\/aguamole.pt\/#website"},"primaryImageOfPage":{"@id":"https:\/\/aguamole.pt\/index.php\/brand\/#primaryimage"},"image":{"@id":"https:\/\/aguamole.pt\/index.php\/brand\/#primaryimage"},"thumbnailUrl":"https:\/\/aguamole.pt\/wp-content\/uploads\/2022\/07\/IMG_4376editedgreen-scaled.jpg","datePublished":"2018-08-27T09:23:18+00:00","dateModified":"2022-07-29T16:14:48+00:00","breadcrumb":{"@id":"https:\/\/aguamole.pt\/index.php\/brand\/#breadcrumb"},"inLanguage":"pt-PT","potentialAction":[{"@type":"ReadAction","target":["https:\/\/aguamole.pt\/index.php\/brand\/"]}]},{"@type":"ImageObject","inLanguage":"pt-PT","@id":"https:\/\/aguamole.pt\/index.php\/brand\/#primaryimage","url":"https:\/\/aguamole.pt\/wp-content\/uploads\/2022\/07\/IMG_4376editedgreen-scaled.jpg","contentUrl":"https:\/\/aguamole.pt\/wp-content\/uploads\/2022\/07\/IMG_4376editedgreen-scaled.jpg","width":2560,"height":1920},{"@type":"BreadcrumbList","@id":"https:\/\/aguamole.pt\/index.php\/brand\/#breadcrumb","itemListElement":[{"@type":"ListItem","position":1,"name":"Home","item":"https:\/\/aguamole.pt\/"},{"@type":"ListItem","position":2,"name":"A Marca"}]},{"@type":"WebSite","@id":"https:\/\/aguamole.pt\/#website","url":"https:\/\/aguamole.pt\/","name":"\u00e1gua mole","description":"Produtos de bem-estar naturais para o corpo e para a casa","publisher":{"@id":"https:\/\/aguamole.pt\/#organization"},"potentialAction":[{"@type":"SearchAction","target":{"@type":"EntryPoint","urlTemplate":"https:\/\/aguamole.pt\/?s={search_term_string}"},"query-input":{"@type":"PropertyValueSpecification","valueRequired":true,"valueName":"search_term_string"}}],"inLanguage":"pt-PT"},{"@type":"Organization","@id":"https:\/\/aguamole.pt\/#organization","name":"\u00e1gua mole","url":"https:\/\/aguamole.pt\/","logo":{"@type":"ImageObject","inLanguage":"pt-PT","@id":"https:\/\/aguamole.pt\/#\/schema\/logo\/image\/","url":"https:\/\/aguamole.pt\/wp-content\/uploads\/2020\/09\/logo_straight-01.png","contentUrl":"https:\/\/aguamole.pt\/wp-content\/uploads\/2020\/09\/logo_straight-01.png","width":129,"height":25,"caption":"\u00e1gua mole"},"image":{"@id":"https:\/\/aguamole.pt\/#\/schema\/logo\/image\/"},"sameAs":["https:\/\/www.facebook.com\/agua.mole.essencia","https:\/\/www.instagram.com\/agua.mole\/"]}]}},"jetpack_sharing_enabled":true,"_links":{"self":[{"href":"https:\/\/aguamole.pt\/index.php\/wp-json\/wp\/v2\/pages\/118","targetHints":{"allow":["GET"]}}],"collection":[{"href":"https:\/\/aguamole.pt\/index.php\/wp-json\/wp\/v2\/pages"}],"about":[{"href":"https:\/\/aguamole.pt\/index.php\/wp-json\/wp\/v2\/types\/page"}],"author":[{"embeddable":true,"href":"https:\/\/aguamole.pt\/index.php\/wp-json\/wp\/v2\/users\/1"}],"replies":[{"embeddable":true,"href":"https:\/\/aguamole.pt\/index.php\/wp-json\/wp\/v2\/comments?post=118"}],"version-history":[{"count":51,"href":"https:\/\/aguamole.pt\/index.php\/wp-json\/wp\/v2\/pages\/118\/revisions"}],"predecessor-version":[{"id":3227,"href":"https:\/\/aguamole.pt\/index.php\/wp-json\/wp\/v2\/pages\/118\/revisions\/3227"}],"wp:featuredmedia":[{"embeddable":true,"href":"https:\/\/aguamole.pt\/index.php\/wp-json\/wp\/v2\/media\/3218"}],"wp:attachment":[{"href":"https:\/\/aguamole.pt\/index.php\/wp-json\/wp\/v2\/media?parent=118"}],"curies":[{"name":"wp","href":"https:\/\/api.w.org\/{rel}","templated":true}]}}