{"id":160,"date":"2018-08-28T09:52:26","date_gmt":"2018-08-28T09:52:26","guid":{"rendered":"http:\/\/konte.uix.store\/furniture\/?page_id=160"},"modified":"2021-08-26T12:00:37","modified_gmt":"2021-08-26T12:00:37","slug":"themaker","status":"publish","type":"page","link":"https:\/\/aguamole.pt\/index.php\/themaker\/","title":{"rendered":"A Artes\u00e3"},"content":{"rendered":"<div class=\"wpb-content-wrapper\"><p>[vc_row][vc_column][vc_custom_heading text=&#8221;Fundadora e Artes\u00e3&#8221; use_theme_fonts=&#8221;yes&#8221;][vc_custom_heading text=&#8221;ANA PAULA LEIT\u00c3O&#8221; font_container=&#8221;tag:p|font_size:14|text_align:left|color:%23838889&#8243; use_theme_fonts=&#8221;yes&#8221; css=&#8221;.vc_custom_1599061210387{margin-bottom: 50px !important;}&#8221;][vc_column_text]<\/p>\n<p class=\"p1\">Foi de uma necessidade que \u00c1gua Mole nasceu. A necessidade de criar produtos com qualidade de excel\u00eancia e que apenas tivessem o essencial para dar sa\u00fade \u00e0 nossa pele. Do sabonete evolu\u00edmos para uma gama completa que conta com produtos n\u00e3o s\u00f3 para o corpo e cabelo, mas tamb\u00e9m para a casa, para que tenham uma experi\u00eancia completa e naturalmente refrescante.<\/p>\n<p class=\"p1\">Esperamos que recebam com muito amor tudo o que temos para vos oferecer.<\/p>\n<p class=\"p1\">\u00c1gua Mole,<br \/>\nFragr\u00e2ncias que nos abra\u00e7am<\/p>\n<p>[\/vc_column_text][\/vc_column][\/vc_row][vc_row][vc_column][vc_media_grid initial_loading_animation=&#8221;fadeInLeft&#8221; grid_id=&#8221;vc_gid:1599062527088-a96c1ff5-e284-7&#8243; include=&#8221;1394,1393,1395,1391,1390,1313&#8243;][\/vc_column][\/vc_row]<\/p>\n<\/div>","protected":false},"excerpt":{"rendered":"<p>[vc_row][vc_column][vc_custom_heading text=&#8221;Fundadora e Artes\u00e3&#8221; use_theme_fonts=&#8221;yes&#8221;][vc_custom_heading text=&#8221;ANA PAULA LEIT\u00c3O&#8221; font_container=&#8221;tag:p|font_size:14|text_align:left|color:%23838889&#8243; use_theme_fonts=&#8221;yes&#8221; css=&#8221;.vc_custom_1599061210387{margin-bottom: 50px !important;}&#8221;][vc_column_text] Foi de uma necessidade que \u00c1gua Mole nasceu. A necessidade de criar produtos com qualidade de excel\u00eancia&hellip;<\/p>\n","protected":false},"author":1,"featured_media":2976,"parent":0,"menu_order":0,"comment_status":"closed","ping_status":"closed","template":"","meta":{"footnotes":""},"class_list":["post-160","page","type-page","status-publish","has-post-thumbnail","hentry"],"yoast_head":"<!-- This site is optimized with the Yoast SEO plugin v27.0 - https:\/\/yoast.com\/product\/yoast-seo-wordpress\/ -->\n<title>A Artes\u00e3 - \u00e1gua mole<\/title>\n<meta name=\"robots\" content=\"index, follow, max-snippet:-1, max-image-preview:large, max-video-preview:-1\" \/>\n<link rel=\"canonical\" href=\"https:\/\/aguamole.pt\/index.php\/themaker\/\" \/>\n<meta property=\"og:locale\" content=\"pt_PT\" \/>\n<meta property=\"og:type\" content=\"article\" \/>\n<meta property=\"og:title\" content=\"A Artes\u00e3 - \u00e1gua mole\" \/>\n<meta property=\"og:description\" content=\"[vc_row][vc_column][vc_custom_heading text=&#8221;Fundadora e Artes\u00e3&#8221; use_theme_fonts=&#8221;yes&#8221;][vc_custom_heading text=&#8221;ANA PAULA LEIT\u00c3O&#8221; font_container=&#8221;tag:p|font_size:14|text_align:left|color:%23838889&#8243; use_theme_fonts=&#8221;yes&#8221; css=&#8221;.vc_custom_1599061210387{margin-bottom: 50px !important;}&#8221;][vc_column_text] Foi de uma necessidade que \u00c1gua Mole nasceu. A necessidade de criar produtos com qualidade de excel\u00eancia&hellip;\" \/>\n<meta property=\"og:url\" content=\"https:\/\/aguamole.pt\/index.php\/themaker\/\" \/>\n<meta property=\"og:site_name\" content=\"\u00e1gua mole\" \/>\n<meta property=\"article:publisher\" content=\"https:\/\/www.facebook.com\/agua.mole.essencia\" \/>\n<meta property=\"article:modified_time\" content=\"2021-08-26T12:00:37+00:00\" \/>\n<meta property=\"og:image\" content=\"https:\/\/aguamole.pt\/wp-content\/uploads\/2021\/08\/artesa-1024x897.jpg\" \/>\n\t<meta property=\"og:image:width\" content=\"1024\" \/>\n\t<meta property=\"og:image:height\" content=\"897\" \/>\n\t<meta property=\"og:image:type\" content=\"image\/jpeg\" \/>\n<meta name=\"twitter:card\" content=\"summary_large_image\" \/>\n<meta name=\"twitter:label1\" content=\"Tempo estimado de leitura\" \/>\n\t<meta name=\"twitter:data1\" content=\"1 minuto\" \/>\n<script type=\"application\/ld+json\" class=\"yoast-schema-graph\">{\"@context\":\"https:\/\/schema.org\",\"@graph\":[{\"@type\":\"WebPage\",\"@id\":\"https:\/\/aguamole.pt\/index.php\/themaker\/\",\"url\":\"https:\/\/aguamole.pt\/index.php\/themaker\/\",\"name\":\"A Artes\u00e3 - \u00e1gua mole\",\"isPartOf\":{\"@id\":\"https:\/\/aguamole.pt\/#website\"},\"primaryImageOfPage\":{\"@id\":\"https:\/\/aguamole.pt\/index.php\/themaker\/#primaryimage\"},\"image\":{\"@id\":\"https:\/\/aguamole.pt\/index.php\/themaker\/#primaryimage\"},\"thumbnailUrl\":\"https:\/\/aguamole.pt\/wp-content\/uploads\/2021\/08\/artesa.jpg\",\"datePublished\":\"2018-08-28T09:52:26+00:00\",\"dateModified\":\"2021-08-26T12:00:37+00:00\",\"breadcrumb\":{\"@id\":\"https:\/\/aguamole.pt\/index.php\/themaker\/#breadcrumb\"},\"inLanguage\":\"pt-PT\",\"potentialAction\":[{\"@type\":\"ReadAction\",\"target\":[\"https:\/\/aguamole.pt\/index.php\/themaker\/\"]}]},{\"@type\":\"ImageObject\",\"inLanguage\":\"pt-PT\",\"@id\":\"https:\/\/aguamole.pt\/index.php\/themaker\/#primaryimage\",\"url\":\"https:\/\/aguamole.pt\/wp-content\/uploads\/2021\/08\/artesa.jpg\",\"contentUrl\":\"https:\/\/aguamole.pt\/wp-content\/uploads\/2021\/08\/artesa.jpg\",\"width\":2500,\"height\":2189},{\"@type\":\"BreadcrumbList\",\"@id\":\"https:\/\/aguamole.pt\/index.php\/themaker\/#breadcrumb\",\"itemListElement\":[{\"@type\":\"ListItem\",\"position\":1,\"name\":\"Home\",\"item\":\"https:\/\/aguamole.pt\/\"},{\"@type\":\"ListItem\",\"position\":2,\"name\":\"A Artes\u00e3\"}]},{\"@type\":\"WebSite\",\"@id\":\"https:\/\/aguamole.pt\/#website\",\"url\":\"https:\/\/aguamole.pt\/\",\"name\":\"\u00e1gua mole\",\"description\":\"Produtos de bem-estar naturais para o corpo e para a casa\",\"publisher\":{\"@id\":\"https:\/\/aguamole.pt\/#organization\"},\"potentialAction\":[{\"@type\":\"SearchAction\",\"target\":{\"@type\":\"EntryPoint\",\"urlTemplate\":\"https:\/\/aguamole.pt\/?s={search_term_string}\"},\"query-input\":{\"@type\":\"PropertyValueSpecification\",\"valueRequired\":true,\"valueName\":\"search_term_string\"}}],\"inLanguage\":\"pt-PT\"},{\"@type\":\"Organization\",\"@id\":\"https:\/\/aguamole.pt\/#organization\",\"name\":\"\u00e1gua mole\",\"url\":\"https:\/\/aguamole.pt\/\",\"logo\":{\"@type\":\"ImageObject\",\"inLanguage\":\"pt-PT\",\"@id\":\"https:\/\/aguamole.pt\/#\/schema\/logo\/image\/\",\"url\":\"https:\/\/aguamole.pt\/wp-content\/uploads\/2020\/09\/logo_straight-01.png\",\"contentUrl\":\"https:\/\/aguamole.pt\/wp-content\/uploads\/2020\/09\/logo_straight-01.png\",\"width\":129,\"height\":25,\"caption\":\"\u00e1gua mole\"},\"image\":{\"@id\":\"https:\/\/aguamole.pt\/#\/schema\/logo\/image\/\"},\"sameAs\":[\"https:\/\/www.facebook.com\/agua.mole.essencia\",\"https:\/\/www.instagram.com\/agua.mole\/\"]}]}<\/script>\n<!-- \/ Yoast SEO plugin. -->","yoast_head_json":{"title":"A Artes\u00e3 - \u00e1gua mole","robots":{"index":"index","follow":"follow","max-snippet":"max-snippet:-1","max-image-preview":"max-image-preview:large","max-video-preview":"max-video-preview:-1"},"canonical":"https:\/\/aguamole.pt\/index.php\/themaker\/","og_locale":"pt_PT","og_type":"article","og_title":"A Artes\u00e3 - \u00e1gua mole","og_description":"[vc_row][vc_column][vc_custom_heading text=&#8221;Fundadora e Artes\u00e3&#8221; use_theme_fonts=&#8221;yes&#8221;][vc_custom_heading text=&#8221;ANA PAULA LEIT\u00c3O&#8221; font_container=&#8221;tag:p|font_size:14|text_align:left|color:%23838889&#8243; use_theme_fonts=&#8221;yes&#8221; css=&#8221;.vc_custom_1599061210387{margin-bottom: 50px !important;}&#8221;][vc_column_text] Foi de uma necessidade que \u00c1gua Mole nasceu. A necessidade de criar produtos com qualidade de excel\u00eancia&hellip;","og_url":"https:\/\/aguamole.pt\/index.php\/themaker\/","og_site_name":"\u00e1gua mole","article_publisher":"https:\/\/www.facebook.com\/agua.mole.essencia","article_modified_time":"2021-08-26T12:00:37+00:00","og_image":[{"width":1024,"height":897,"url":"https:\/\/aguamole.pt\/wp-content\/uploads\/2021\/08\/artesa-1024x897.jpg","type":"image\/jpeg"}],"twitter_card":"summary_large_image","twitter_misc":{"Tempo estimado de leitura":"1 minuto"},"schema":{"@context":"https:\/\/schema.org","@graph":[{"@type":"WebPage","@id":"https:\/\/aguamole.pt\/index.php\/themaker\/","url":"https:\/\/aguamole.pt\/index.php\/themaker\/","name":"A Artes\u00e3 - \u00e1gua mole","isPartOf":{"@id":"https:\/\/aguamole.pt\/#website"},"primaryImageOfPage":{"@id":"https:\/\/aguamole.pt\/index.php\/themaker\/#primaryimage"},"image":{"@id":"https:\/\/aguamole.pt\/index.php\/themaker\/#primaryimage"},"thumbnailUrl":"https:\/\/aguamole.pt\/wp-content\/uploads\/2021\/08\/artesa.jpg","datePublished":"2018-08-28T09:52:26+00:00","dateModified":"2021-08-26T12:00:37+00:00","breadcrumb":{"@id":"https:\/\/aguamole.pt\/index.php\/themaker\/#breadcrumb"},"inLanguage":"pt-PT","potentialAction":[{"@type":"ReadAction","target":["https:\/\/aguamole.pt\/index.php\/themaker\/"]}]},{"@type":"ImageObject","inLanguage":"pt-PT","@id":"https:\/\/aguamole.pt\/index.php\/themaker\/#primaryimage","url":"https:\/\/aguamole.pt\/wp-content\/uploads\/2021\/08\/artesa.jpg","contentUrl":"https:\/\/aguamole.pt\/wp-content\/uploads\/2021\/08\/artesa.jpg","width":2500,"height":2189},{"@type":"BreadcrumbList","@id":"https:\/\/aguamole.pt\/index.php\/themaker\/#breadcrumb","itemListElement":[{"@type":"ListItem","position":1,"name":"Home","item":"https:\/\/aguamole.pt\/"},{"@type":"ListItem","position":2,"name":"A Artes\u00e3"}]},{"@type":"WebSite","@id":"https:\/\/aguamole.pt\/#website","url":"https:\/\/aguamole.pt\/","name":"\u00e1gua mole","description":"Produtos de bem-estar naturais para o corpo e para a casa","publisher":{"@id":"https:\/\/aguamole.pt\/#organization"},"potentialAction":[{"@type":"SearchAction","target":{"@type":"EntryPoint","urlTemplate":"https:\/\/aguamole.pt\/?s={search_term_string}"},"query-input":{"@type":"PropertyValueSpecification","valueRequired":true,"valueName":"search_term_string"}}],"inLanguage":"pt-PT"},{"@type":"Organization","@id":"https:\/\/aguamole.pt\/#organization","name":"\u00e1gua mole","url":"https:\/\/aguamole.pt\/","logo":{"@type":"ImageObject","inLanguage":"pt-PT","@id":"https:\/\/aguamole.pt\/#\/schema\/logo\/image\/","url":"https:\/\/aguamole.pt\/wp-content\/uploads\/2020\/09\/logo_straight-01.png","contentUrl":"https:\/\/aguamole.pt\/wp-content\/uploads\/2020\/09\/logo_straight-01.png","width":129,"height":25,"caption":"\u00e1gua mole"},"image":{"@id":"https:\/\/aguamole.pt\/#\/schema\/logo\/image\/"},"sameAs":["https:\/\/www.facebook.com\/agua.mole.essencia","https:\/\/www.instagram.com\/agua.mole\/"]}]}},"jetpack_sharing_enabled":true,"_links":{"self":[{"href":"https:\/\/aguamole.pt\/index.php\/wp-json\/wp\/v2\/pages\/160","targetHints":{"allow":["GET"]}}],"collection":[{"href":"https:\/\/aguamole.pt\/index.php\/wp-json\/wp\/v2\/pages"}],"about":[{"href":"https:\/\/aguamole.pt\/index.php\/wp-json\/wp\/v2\/types\/page"}],"author":[{"embeddable":true,"href":"https:\/\/aguamole.pt\/index.php\/wp-json\/wp\/v2\/users\/1"}],"replies":[{"embeddable":true,"href":"https:\/\/aguamole.pt\/index.php\/wp-json\/wp\/v2\/comments?post=160"}],"version-history":[{"count":10,"href":"https:\/\/aguamole.pt\/index.php\/wp-json\/wp\/v2\/pages\/160\/revisions"}],"predecessor-version":[{"id":3228,"href":"https:\/\/aguamole.pt\/index.php\/wp-json\/wp\/v2\/pages\/160\/revisions\/3228"}],"wp:featuredmedia":[{"embeddable":true,"href":"https:\/\/aguamole.pt\/index.php\/wp-json\/wp\/v2\/media\/2976"}],"wp:attachment":[{"href":"https:\/\/aguamole.pt\/index.php\/wp-json\/wp\/v2\/media?parent=160"}],"curies":[{"name":"wp","href":"https:\/\/api.w.org\/{rel}","templated":true}]}}