{"id":2070,"date":"2020-10-25T18:43:00","date_gmt":"2020-10-25T18:43:00","guid":{"rendered":"https:\/\/aguamole.pt\/?page_id=2070"},"modified":"2020-10-26T08:31:05","modified_gmt":"2020-10-26T08:31:05","slug":"como-comprar","status":"publish","type":"page","link":"https:\/\/aguamole.pt\/index.php\/como-comprar\/","title":{"rendered":"Como Comprar"},"content":{"rendered":"\n<p><strong>1.&nbsp;<\/strong>Para comprar um artigo, clique em Adicionar ao Carrinho, na p\u00e1gina do artigo desejado.<\/p>\n\n\n\n<p><strong>2.&nbsp;<\/strong>Poder\u00e1 optar por continuar a comprar ou finalizar a encomenda. Se n\u00e3o pretender adicionar mais artigos, clique no bot\u00e3o do carrinho de compras no canto superior da p\u00e1gina e selecione a op\u00e7\u00e3o&nbsp;<strong>Ver Carrinho&nbsp;<\/strong>.<\/p>\n\n\n\n<p><strong>3.&nbsp;<\/strong>Reveja o carrinho e os artigos que adicionou, bem como as quantidades, e clique no bot\u00e3o&nbsp;<strong>Finalizar encomenda&nbsp;<\/strong>.<\/p>\n\n\n\n<p><strong>4.&nbsp;<\/strong>Na p\u00e1gina Finalizar Encomenda, pode optar por efetuar a encomenda com ou sem registo.<\/p>\n\n\n\n<p><strong>4.1&nbsp;<\/strong>Se j\u00e1 dispuser de conta, fa\u00e7a o&nbsp;<strong>Login&nbsp;<\/strong>. Poder\u00e1 escolher entre utilizar os endere\u00e7os recordados pelo sistema ou introduzir um novo. Escolha a forma de pagamento e portes de envio, confira o carrinho uma \u00faltima vez e prima&nbsp;<strong>Finalizar Encomenda&nbsp;<\/strong>.<\/p>\n\n\n\n<p><strong>4.2&nbsp;<\/strong>Se n\u00e3o dispuser de conta na nossa loja, preencha os dados de fatura\u00e7\u00e3o\/envio e escolha a forma de pagamento. Reveja o carrinho uma \u00faltima vez e carregue no bot\u00e3o&nbsp;<strong>Finalizar encomenda&nbsp;<\/strong>.<\/p>\n\n\n\n<p><strong>5.&nbsp;<\/strong>Se escolher o pagamento atrav\u00e9s de cart\u00e3o de cr\u00e9dito\/paypal, n\u00e3o abandone a p\u00e1gina durante o processo de verifica\u00e7\u00e3o, para evitar uma duplica\u00e7\u00e3o da encomenda.<\/p>\n\n\n\n<p><strong>6.\u00a0<\/strong>Uma vez conclu\u00edda a encomenda, recebe um email com todos os dados da mesma e instru\u00e7\u00f5es relativas ao pagamento.<\/p>\n","protected":false},"excerpt":{"rendered":"<p>1.&nbsp;Para comprar um artigo, clique em Adicionar ao Carrinho, na p\u00e1gina do artigo desejado. 2.&nbsp;Poder\u00e1 optar por continuar a comprar ou finalizar a encomenda. Se n\u00e3o pretender adicionar mais artigos,&hellip;<\/p>\n","protected":false},"author":1,"featured_media":0,"parent":0,"menu_order":0,"comment_status":"closed","ping_status":"closed","template":"","meta":{"footnotes":""},"class_list":["post-2070","page","type-page","status-publish","hentry"],"yoast_head":"<!-- This site is optimized with the Yoast SEO plugin v27.0 - https:\/\/yoast.com\/product\/yoast-seo-wordpress\/ -->\n<title>Como Comprar - \u00e1gua mole<\/title>\n<meta name=\"robots\" content=\"index, follow, max-snippet:-1, max-image-preview:large, max-video-preview:-1\" \/>\n<link rel=\"canonical\" href=\"https:\/\/aguamole.pt\/index.php\/como-comprar\/\" \/>\n<meta property=\"og:locale\" content=\"pt_PT\" \/>\n<meta property=\"og:type\" content=\"article\" \/>\n<meta property=\"og:title\" content=\"Como Comprar - \u00e1gua mole\" \/>\n<meta property=\"og:description\" content=\"1.&nbsp;Para comprar um artigo, clique em Adicionar ao Carrinho, na p\u00e1gina do artigo desejado. 2.&nbsp;Poder\u00e1 optar por continuar a comprar ou finalizar a encomenda. Se n\u00e3o pretender adicionar mais artigos,&hellip;\" \/>\n<meta property=\"og:url\" content=\"https:\/\/aguamole.pt\/index.php\/como-comprar\/\" \/>\n<meta property=\"og:site_name\" content=\"\u00e1gua mole\" \/>\n<meta property=\"article:publisher\" content=\"https:\/\/www.facebook.com\/agua.mole.essencia\" \/>\n<meta property=\"article:modified_time\" content=\"2020-10-26T08:31:05+00:00\" \/>\n<meta name=\"twitter:card\" content=\"summary_large_image\" \/>\n<meta name=\"twitter:label1\" content=\"Tempo estimado de leitura\" \/>\n\t<meta name=\"twitter:data1\" content=\"1 minuto\" \/>\n<script type=\"application\/ld+json\" class=\"yoast-schema-graph\">{\"@context\":\"https:\/\/schema.org\",\"@graph\":[{\"@type\":\"WebPage\",\"@id\":\"https:\/\/aguamole.pt\/index.php\/como-comprar\/\",\"url\":\"https:\/\/aguamole.pt\/index.php\/como-comprar\/\",\"name\":\"Como Comprar - \u00e1gua mole\",\"isPartOf\":{\"@id\":\"https:\/\/aguamole.pt\/#website\"},\"datePublished\":\"2020-10-25T18:43:00+00:00\",\"dateModified\":\"2020-10-26T08:31:05+00:00\",\"breadcrumb\":{\"@id\":\"https:\/\/aguamole.pt\/index.php\/como-comprar\/#breadcrumb\"},\"inLanguage\":\"pt-PT\",\"potentialAction\":[{\"@type\":\"ReadAction\",\"target\":[\"https:\/\/aguamole.pt\/index.php\/como-comprar\/\"]}]},{\"@type\":\"BreadcrumbList\",\"@id\":\"https:\/\/aguamole.pt\/index.php\/como-comprar\/#breadcrumb\",\"itemListElement\":[{\"@type\":\"ListItem\",\"position\":1,\"name\":\"Home\",\"item\":\"https:\/\/aguamole.pt\/\"},{\"@type\":\"ListItem\",\"position\":2,\"name\":\"Como Comprar\"}]},{\"@type\":\"WebSite\",\"@id\":\"https:\/\/aguamole.pt\/#website\",\"url\":\"https:\/\/aguamole.pt\/\",\"name\":\"\u00e1gua mole\",\"description\":\"Produtos de bem-estar naturais para o corpo e para a casa\",\"publisher\":{\"@id\":\"https:\/\/aguamole.pt\/#organization\"},\"potentialAction\":[{\"@type\":\"SearchAction\",\"target\":{\"@type\":\"EntryPoint\",\"urlTemplate\":\"https:\/\/aguamole.pt\/?s={search_term_string}\"},\"query-input\":{\"@type\":\"PropertyValueSpecification\",\"valueRequired\":true,\"valueName\":\"search_term_string\"}}],\"inLanguage\":\"pt-PT\"},{\"@type\":\"Organization\",\"@id\":\"https:\/\/aguamole.pt\/#organization\",\"name\":\"\u00e1gua mole\",\"url\":\"https:\/\/aguamole.pt\/\",\"logo\":{\"@type\":\"ImageObject\",\"inLanguage\":\"pt-PT\",\"@id\":\"https:\/\/aguamole.pt\/#\/schema\/logo\/image\/\",\"url\":\"https:\/\/aguamole.pt\/wp-content\/uploads\/2020\/09\/logo_straight-01.png\",\"contentUrl\":\"https:\/\/aguamole.pt\/wp-content\/uploads\/2020\/09\/logo_straight-01.png\",\"width\":129,\"height\":25,\"caption\":\"\u00e1gua mole\"},\"image\":{\"@id\":\"https:\/\/aguamole.pt\/#\/schema\/logo\/image\/\"},\"sameAs\":[\"https:\/\/www.facebook.com\/agua.mole.essencia\",\"https:\/\/www.instagram.com\/agua.mole\/\"]}]}<\/script>\n<!-- \/ Yoast SEO plugin. -->","yoast_head_json":{"title":"Como Comprar - \u00e1gua mole","robots":{"index":"index","follow":"follow","max-snippet":"max-snippet:-1","max-image-preview":"max-image-preview:large","max-video-preview":"max-video-preview:-1"},"canonical":"https:\/\/aguamole.pt\/index.php\/como-comprar\/","og_locale":"pt_PT","og_type":"article","og_title":"Como Comprar - \u00e1gua mole","og_description":"1.&nbsp;Para comprar um artigo, clique em Adicionar ao Carrinho, na p\u00e1gina do artigo desejado. 2.&nbsp;Poder\u00e1 optar por continuar a comprar ou finalizar a encomenda. Se n\u00e3o pretender adicionar mais artigos,&hellip;","og_url":"https:\/\/aguamole.pt\/index.php\/como-comprar\/","og_site_name":"\u00e1gua mole","article_publisher":"https:\/\/www.facebook.com\/agua.mole.essencia","article_modified_time":"2020-10-26T08:31:05+00:00","twitter_card":"summary_large_image","twitter_misc":{"Tempo estimado de leitura":"1 minuto"},"schema":{"@context":"https:\/\/schema.org","@graph":[{"@type":"WebPage","@id":"https:\/\/aguamole.pt\/index.php\/como-comprar\/","url":"https:\/\/aguamole.pt\/index.php\/como-comprar\/","name":"Como Comprar - \u00e1gua mole","isPartOf":{"@id":"https:\/\/aguamole.pt\/#website"},"datePublished":"2020-10-25T18:43:00+00:00","dateModified":"2020-10-26T08:31:05+00:00","breadcrumb":{"@id":"https:\/\/aguamole.pt\/index.php\/como-comprar\/#breadcrumb"},"inLanguage":"pt-PT","potentialAction":[{"@type":"ReadAction","target":["https:\/\/aguamole.pt\/index.php\/como-comprar\/"]}]},{"@type":"BreadcrumbList","@id":"https:\/\/aguamole.pt\/index.php\/como-comprar\/#breadcrumb","itemListElement":[{"@type":"ListItem","position":1,"name":"Home","item":"https:\/\/aguamole.pt\/"},{"@type":"ListItem","position":2,"name":"Como Comprar"}]},{"@type":"WebSite","@id":"https:\/\/aguamole.pt\/#website","url":"https:\/\/aguamole.pt\/","name":"\u00e1gua mole","description":"Produtos de bem-estar naturais para o corpo e para a casa","publisher":{"@id":"https:\/\/aguamole.pt\/#organization"},"potentialAction":[{"@type":"SearchAction","target":{"@type":"EntryPoint","urlTemplate":"https:\/\/aguamole.pt\/?s={search_term_string}"},"query-input":{"@type":"PropertyValueSpecification","valueRequired":true,"valueName":"search_term_string"}}],"inLanguage":"pt-PT"},{"@type":"Organization","@id":"https:\/\/aguamole.pt\/#organization","name":"\u00e1gua mole","url":"https:\/\/aguamole.pt\/","logo":{"@type":"ImageObject","inLanguage":"pt-PT","@id":"https:\/\/aguamole.pt\/#\/schema\/logo\/image\/","url":"https:\/\/aguamole.pt\/wp-content\/uploads\/2020\/09\/logo_straight-01.png","contentUrl":"https:\/\/aguamole.pt\/wp-content\/uploads\/2020\/09\/logo_straight-01.png","width":129,"height":25,"caption":"\u00e1gua mole"},"image":{"@id":"https:\/\/aguamole.pt\/#\/schema\/logo\/image\/"},"sameAs":["https:\/\/www.facebook.com\/agua.mole.essencia","https:\/\/www.instagram.com\/agua.mole\/"]}]}},"jetpack_sharing_enabled":true,"_links":{"self":[{"href":"https:\/\/aguamole.pt\/index.php\/wp-json\/wp\/v2\/pages\/2070","targetHints":{"allow":["GET"]}}],"collection":[{"href":"https:\/\/aguamole.pt\/index.php\/wp-json\/wp\/v2\/pages"}],"about":[{"href":"https:\/\/aguamole.pt\/index.php\/wp-json\/wp\/v2\/types\/page"}],"author":[{"embeddable":true,"href":"https:\/\/aguamole.pt\/index.php\/wp-json\/wp\/v2\/users\/1"}],"replies":[{"embeddable":true,"href":"https:\/\/aguamole.pt\/index.php\/wp-json\/wp\/v2\/comments?post=2070"}],"version-history":[{"count":3,"href":"https:\/\/aguamole.pt\/index.php\/wp-json\/wp\/v2\/pages\/2070\/revisions"}],"predecessor-version":[{"id":2084,"href":"https:\/\/aguamole.pt\/index.php\/wp-json\/wp\/v2\/pages\/2070\/revisions\/2084"}],"wp:attachment":[{"href":"https:\/\/aguamole.pt\/index.php\/wp-json\/wp\/v2\/media?parent=2070"}],"curies":[{"name":"wp","href":"https:\/\/api.w.org\/{rel}","templated":true}]}}