{"id":2275,"date":"2020-11-10T18:09:25","date_gmt":"2020-11-10T18:09:25","guid":{"rendered":"https:\/\/aguamole.pt\/?page_id=2275"},"modified":"2021-01-13T17:43:35","modified_gmt":"2021-01-13T17:43:35","slug":"store-locator","status":"publish","type":"page","link":"https:\/\/aguamole.pt\/index.php\/elements\/store-locator\/","title":{"rendered":"Localizador de Lojas"},"content":{"rendered":"<div class=\"wpb-content-wrapper\"><p>[vc_row][vc_column width=&#8221;1\/6&#8243;][\/vc_column][vc_column width=&#8221;2\/3&#8243;][vc_column_text]<\/p>\n<p style=\"text-align: center;\">Apesar de termos um showroom na nossa sede em Cabe\u00e7o-de-Vide e termos imenso prazer que nos venham visitar ao Alentejo, sabemos que \u00e9 importante fazermos os poss\u00edveis para estar perto dos nossos clientes.<\/p>\n<p style=\"text-align: center;\">Tentamos assim estar presentes um pouco por todo o pa\u00eds, continental e ilhas, mas tamb\u00e9m em Eco Shops online proporcionando-vos um leque de possibilidades. \ud83d\ude42<\/p>\n<p>[\/vc_column_text][\/vc_column][vc_column width=&#8221;1\/6&#8243;][\/vc_column][\/vc_row][vc_row][vc_column][vc_column_text]<\/p>\n<h4>Portugal<\/h4>\n<p>[\/vc_column_text][\/vc_column][\/vc_row][vc_row][vc_column width=&#8221;1\/2&#8243;][vc_tta_accordion shape=&#8221;square&#8221; color=&#8221;white&#8221; c_position=&#8221;right&#8221; active_section=&#8221;2&#8243; no_fill=&#8221;true&#8221;][vc_tta_section title=&#8221;Norte&#8221; tab_id=&#8221;1605031895587-aa704b6c-8a77&#8243;][vc_column_text]<strong><a href=\"https:\/\/goo.gl\/maps\/4aLfvof6FV2D9teB8\">Pedra Flor<\/a><br \/>\n<\/strong>Rua Santa Maria, 59A<br \/>\n4800-443 Guimar\u00e3es[\/vc_column_text][vc_column_text]<strong><a href=\"https:\/\/goo.gl\/maps\/waDniAd8yyJ1r6A7A\">Sensy Wellness<\/a><br \/>\n<\/strong>Rua de Costa Cabral 501a 503,<br \/>\n4200-223 Porto[\/vc_column_text][vc_column_text]<strong><a href=\"https:\/\/goo.gl\/maps\/dJ8dy3qbGfgsjeVEA\">Wiswu<\/a><br \/>\n<\/strong>Rua de Ramos, n\u00ba 487 -Hab.A,<br \/>\n4585 -053 Baltar, Paredes[\/vc_column_text][\/vc_tta_section][vc_tta_section title=&#8221;Centro&#8221; tab_id=&#8221;1605032667120-f06d4bfd-a6c2&#8243;][vc_column_text]<strong><a href=\"http:\/\/Rua Luis Cipriano, 25 (atr\u00e1s do edif\u00edcio dos Pa\u00e7os do Concelho, antiga C\u00e2mara Municipal, junto do Teatro Aveirense) 3810-128 Aveiro, Portugal\">Alma de Alecrim<\/a><br \/>\n<\/strong>R. de Lu\u00eds Cipriano 25,<br \/>\n3810-128 Aveiro<br \/>\n(Junto do Teatro Aveirense)[\/vc_column_text][vc_column_text]<strong><a href=\"https:\/\/goo.gl\/maps\/gRbq39PfsH8tGiKg7\">Terra D&#8217;\u00c1gua<\/a><br \/>\n<\/strong>Rua Dr.\u00ba Carlos Barbosa, n\u00ba 8A<br \/>\n3870-213 Pardelhas &#8211; Murtosa[\/vc_column_text][vc_column_text]<strong><a href=\"https:\/\/www.google.com\/maps\/dir\/39.2600416,-7.4273204\/AndaVer+Portugal\/@39.9546137,-8.7633366,8z\/data=!3m1!4b1!4m9!4m8!1m1!4e1!1m5!1m1!1s0xd23364db406204d:0x7a3753341aa3c7b6!2m2!1d-7.911952!2d40.65954\">AndaVer Portugal<\/a><br \/>\n<\/strong>R. Principal N\u00ba197<br \/>\n3500-890 Lourosa de Baixo,<br \/>\nViseu[\/vc_column_text][vc_column_text]<a href=\"http:\/\/Av. Jo\u00e3o Pereira 8, 6320-499 Sabugal\"><strong>Ess\u00eancia Real<br \/>\n<\/strong><\/a><span class=\"d2edcug0 hpfvmrgz qv66sw1b c1et5uql oi732d6d ik7dh3pa fgxwclzu jq4qci2q a3bd9o3v knj5qynh py34i1dx\"><span class=\"a8c37x1j ni8dbmo4 stjgntxs l9j0dhe7\">Mercado Municipal do Sabugal,<br \/>\n<\/span><\/span>Av. Jo\u00e3o Pereira 8,<br \/>\n6320-499 Sabugal[\/vc_column_text][vc_column_text]<strong><a href=\"https:\/\/www.google.com\/maps\/dir\/39.2600416,-7.4273204\/MAT+-+Make+Amazing+Things\/@39.5957387,-9.2982622,8z\/data=!3m1!4b1!4m9!4m8!1m1!4e1!1m5!1m1!1s0xd220e908477822b:0x6ab4b608076a1f4f!2m2!1d-8.935851!2d39.74675\">MAT &#8211; Make Amazing Things<\/a><br \/>\n<\/strong>Largo 26 de Mar\u00e7o de 1917,<br \/>\nN\u00ba11 Loja 5<br \/>\n2430-147 Marinha Grande[\/vc_column_text][vc_column_text]<a href=\"https:\/\/www.google.com\/maps\/dir\/39.2600416,-7.4273204\/Mercado+do+Campo\/@39.3860614,-8.7022496,9.15z\/data=!4m9!4m8!1m1!4e1!1m5!1m1!1s0xd1ed5e9e21bac61:0x7b916d738c01ff75!2m2!1d-9.2508289!2d38.93024\"><strong>Mercado do Campo<br \/>\n<\/strong><\/a>R. Eng\u00ba Rui Nogueira Sim\u00f5es N\u00ba19 F<br \/>\n2665-622 Malveira[\/vc_column_text][vc_column_text]<a href=\"https:\/\/goo.gl\/maps\/n1mRMFqpnoXKHPXJA\"><strong>Ra\u00edzes Mercearia<br \/>\n<\/strong><\/a>Rua de S\u00e3o Jo\u00e3o 108<br \/>\n2300-568 Tomar[\/vc_column_text][vc_column_text]<strong><a href=\"https:\/\/goo.gl\/maps\/XHuzhNU6YHZN2pDi8\">Sabores&amp;Amores<\/a><\/strong><br \/>\nR. de Santa L\u00fazia, 15 R\/C<br \/>\n3100-490 Pombal[\/vc_column_text][\/vc_tta_section][vc_tta_section title=&#8221;AML&#8221; tab_id=&#8221;1605032702259-75460507-5556&#8243;][vc_column_text]<strong><a href=\"https:\/\/www.google.com\/maps\/dir\/?api=1&amp;destination=38.732524%2C-9.145835&amp;fbclid=IwAR3wEJCV6--Au8bWgS1hdde4KfnieC9agdcOA3xRCQ3kcY9R0WEz1mTUDqk\">Gallery House Saldanha<\/a><br \/>\n<\/strong>R. Pinheiro Chagas, 5<br \/>\n1050-078 Lisboa[\/vc_column_text][vc_column_text]<strong><a href=\"https:\/\/www.google.com\/maps\/dir\/\/flor+de+l%C3%B3tus+papelaria\/data=!4m6!4m5!1m1!4e2!1m2!1m1!1s0xd1932e79d912163:0x5481e7aa1e1eb73b?sa=X&amp;ved=2ahUKEwjvuuugxv_sAhVG6RoKHRfBD6oQ9RcwFHoECA8QAw\">Papelaria Flor de L\u00f3tus<\/a><br \/>\n<\/strong>Rua Professor Francisco Gentil,<br \/>\nEdif\u00edcio E1, Loja 2B<br \/>\n1600-625 Lisboa[\/vc_column_text][vc_column_text]<strong><a href=\"https:\/\/www.google.com\/maps\/dir\/\/flor+de+l%C3%B3tus+papelaria\/data=!4m6!4m5!1m1!4e2!1m2!1m1!1s0xd1932e79d912163:0x5481e7aa1e1eb73b?sa=X&amp;ved=2ahUKEwjvuuugxv_sAhVG6RoKHRfBD6oQ9RcwFHoECA8QAw\">Papelaria Flor de L\u00f3tus<\/a><br \/>\n<\/strong>Rua Professor Francisco Gentil,<br \/>\nEdif\u00edcio E1, Loja 2B<br \/>\n1600-625 Lisboa[\/vc_column_text][\/vc_tta_section][vc_tta_section title=&#8221;Alentejo&#8221; tab_id=&#8221;1605034733095-872cc61f-41d4&#8243;][vc_column_text]<b>Litoral<\/b>[\/vc_column_text][vc_column_text]<a href=\"https:\/\/goo.gl\/maps\/QoPGoDTudtWDdE5a8\"><strong>Farm\u00e1cia Costa<br \/>\n<\/strong><\/a>Rua Dr. Jacinto Nunes, 38-42<br \/>\n7570-177 Gr\u00e2ndola[\/vc_column_text][vc_column_text]<b>Alto Alentejo<\/b>[\/vc_column_text][vc_column_text]<a href=\"https:\/\/www.google.com\/maps\/dir\/?api=1&amp;destination=39.415333440392%2C-7.4549424648285&amp;fbclid=IwAR1B_DtAgwgHktfoVMiYaG-GiCiZyXSSc9vMQJOazJy4nCTxIuIwJ0CaQFk\"><strong>Mercado Portugu\u00eas<br \/>\n<\/strong><\/a>R. de Bartolomeu \u00c1lvares da Santa 67 e 69,<br \/>\n7320-117 Castelo de Vide[\/vc_column_text][vc_column_text]<strong><a href=\"https:\/\/www.google.com\/maps\/dir\/39.2600416,-7.4273204\/Rua+Jos%C3%A9+Maria+Casqueiro+n%C2%BA+6,+7430-159+Crato+e+M%C3%A1rtires\/@39.2793476,-7.6719953,11z\/data=!3m1!4b1!4m9!4m8!1m1!4e1!1m5!1m1!1s0xd178e506b610495:0xf3488f6f482ee1d8!2m2!1d-7.6454163!2d39.286253\">A Mercearia<\/a><br \/>\n<\/strong>Rua Jos\u00e9 Maria Casqueiro n\u00ba 6,<br \/>\n7430-159 Crato e M\u00e1rtires,<br \/>\nPortalegre[\/vc_column_text][vc_column_text]<a href=\"https:\/\/www.google.com\/maps\/dir\/\/Segredo+de+Alecrim\/data=!4m6!4m5!1m1!4e2!1m2!1m1!1s0xd1778647969cf47:0x1a61810f1752d0fe?sa=X&amp;ved=2ahUKEwjToOTJxf_sAhVQxYUKHRxvBHsQ9RcwDXoECBEQBA\"><strong>Restaurante Segredo de <\/strong><strong>Alecrim<\/strong><\/a><a href=\"https:\/\/www.google.com\/maps\/dir\/39.2600416,-7.4273204\/Segredo+de+Alecrim\/@39.1631193,-7.6784144,11z\/data=!3m1!4b1!4m9!4m8!1m1!4e1!1m5!1m1!1s0xd1778647969cf47:0x1a61810f1752d0fe!2m2!1d-7.6497163!2d39.0565025\"><strong><br \/>\n<\/strong><\/a>Largo Marechal Carmona, 21<br \/>\n7460-000 Fronteira,<br \/>\nPortalegre[\/vc_column_text][vc_column_text]<a href=\"https:\/\/goo.gl\/maps\/NX1DrBLtRBWLgBRS8\"><strong>Termas Sulf\u00farea &#8211; Loja<br \/>\n<\/strong><\/a>Sitio das Termas,<br \/>\n7460-002 Cabe\u00e7o de Vide<br \/>\nFronteira, Portalegre<br \/>\n(Junto ao Estacionamento)[\/vc_column_text][vc_column_text]<a href=\"https:\/\/www.google.com\/maps\/dir\/39.2600416,-7.4273204\/39.19813,-7.6575\/@39.2052005,-7.6356118,11.65z\/data=!4m4!4m3!1m1!4e1!1m0\"><strong>Bem Me Quer<br \/>\n<\/strong><\/a><span class=\"d2edcug0 hpfvmrgz qv66sw1b c1et5uql oi732d6d ik7dh3pa fgxwclzu jq4qci2q a3bd9o3v knj5qynh py34i1dx\"><span class=\"a8c37x1j ni8dbmo4 stjgntxs l9j0dhe7\">Avenida Dr Jo\u00e3o Pestana<br \/>\n7440 Alter do Ch\u00e3o, Portalegre<\/span><\/span>[\/vc_column_text][vc_column_text]<b>Baixo Alentejo<\/b>[\/vc_column_text][vc_column_text]<strong><a href=\"https:\/\/www.google.com\/maps\/dir\/39.2600416,-7.4273204\/38.3832419,-7.3450156\/@38.8223663,-7.9005564,9z\/data=!3m1!4b1!4m4!4m3!1m1!4e1!1m0\">Contrabando Grocery Store<\/a><br \/>\n<\/strong>Rua de S\u00e3o Bento 30<br \/>\n7240-266 Mour\u00e3o[\/vc_column_text][vc_column_text]<strong><a href=\"https:\/\/www.google.com\/maps\/dir\/?api=1&amp;destination=37.63891%2C-7.66289&amp;fbclid=IwAR3OqXePsv31wV4Y1N0gY_pQDlr8M422ut-doJ7ZhPFe-1Jxg5Z4x-SGghc\">Al\u00e9m Cante<\/a><br \/>\n<\/strong><span class=\"d2edcug0 hpfvmrgz qv66sw1b c1et5uql oi732d6d ik7dh3pa fgxwclzu jq4qci2q a3bd9o3v knj5qynh py34i1dx\"><span class=\"a8c37x1j ni8dbmo4 stjgntxs l9j0dhe7\">Largo Vasco da Gama S\/N<br \/>\n7750-328 M\u00e9rtola<\/span><\/span>[\/vc_column_text][\/vc_tta_section][\/vc_tta_accordion][vc_tta_accordion shape=&#8221;square&#8221; color=&#8221;white&#8221; c_position=&#8221;right&#8221; active_section=&#8221;2&#8243; no_fill=&#8221;true&#8221;][vc_tta_section title=&#8221;Espanha&#8221; tab_id=&#8221;1610105276106-21154f05-df3f&#8221;][vc_column_text]<strong><a href=\"https:\/\/goo.gl\/maps\/7ArbVpk833darJyT6\">Mamasunci\u00f3n<\/a><br \/>\n<\/strong>Rua Trasdeza, 96,<br \/>\nBaixo, 36540 Silleda,<br \/>\nPontevedra, Espanha[\/vc_column_text][\/vc_tta_section][\/vc_tta_accordion][\/vc_column][vc_column width=&#8221;1\/2&#8243;][vc_tta_accordion shape=&#8221;square&#8221; color=&#8221;white&#8221; c_position=&#8221;right&#8221; active_section=&#8221;2&#8243; no_fill=&#8221;true&#8221;][vc_tta_section title=&#8221;Algarve&#8221; tab_id=&#8221;1605037096401-1a01ccab-3300&#8243;][vc_column_text]<a href=\"https:\/\/www.google.com\/maps\/dir\/?api=1&amp;destination=37.09808%2C-8.47086&amp;fbclid=IwAR0uzWM9LJdaj85jycRhNP-YuixOUd1VjBQj4hEL3kOpBqHixhossT3VYaA\"><strong>Porta 16\u00a0<\/strong><\/a><br \/>\nR. do Barranco N\u00ba25,<br \/>\n8400-508 Carvoeiro[\/vc_column_text][\/vc_tta_section][vc_tta_section title=&#8221;Ilhas&#8221; tab_id=&#8221;1605032743830-4fa5b3a7-8180&#8243;][vc_column_text]<b>Madeira<\/b>[\/vc_column_text][vc_column_text]<strong><a href=\"https:\/\/www.google.com\/maps\/dir\/?api=1&amp;destination=32.6479799%2C-16.90794&amp;fbclid=IwAR361r54F0C7hA2PhoKpxN3FhxJM_eJ-npg21asolvn_vuAGpkiEihVtbc4\">Jacarand\u00e1<\/a><br \/>\n<\/strong>Rua da S\u00e9, 30<br \/>\n9000-066 Funchal<\/p>\n<p>Rua dos Ferreiros, 71<br \/>\n9000-066 Funchal[\/vc_column_text][\/vc_tta_section][vc_tta_section title=&#8221;Lojas Online&#8221; tab_id=&#8221;1605032743866-e7145283-7f68&#8243;]<a href=\"https:\/\/almadealecrim.pt\/\" title=\"Alma de Alecrim\" target=\"_blank\" class=\"konte-button button-underline text-default align-inline large   underline-full\">Alma de Alecrim<\/a><div class=\"konte-empty-space \" style=\"height: 5px\"><\/div><a href=\"https:\/\/www.andaverportugal.pt\/\" title=\"AndaVer Portugal\" target=\"_blank\" class=\"konte-button button-underline text-default align-inline large   underline-full\">AndaVer Portugal<\/a><div class=\"konte-empty-space \" style=\"height: 5px\"><\/div><a href=\"https:\/\/bluemallsustainable.com\" title=\"Blue Mall Sustainable\" target=\"_blank\" class=\"konte-button button-underline text-default align-inline large   underline-full\">Blue Mall Sustainable<\/a><div class=\"konte-empty-space \" style=\"height: 5px\"><\/div><a href=\"https:\/\/www.fluffyorganicandeco.pt\/\" title=\"Fluffy Organic &amp; Eco\" target=\"_blank\" class=\"konte-button button-underline text-default align-inline large   underline-full\">Fluffy Organic &amp; Eco<\/a><div class=\"konte-empty-space \" style=\"height: 5px\"><\/div><a href=\"https:\/\/pegadaverde.pt\/pt_pt\/\" title=\"Pegada Verde\" target=\"_blank\" class=\"konte-button button-underline text-default align-inline large   underline-full\">Pegada Verde<\/a><div class=\"konte-empty-space \" style=\"height: 5px\"><\/div><a href=\"https:\/\/www.terrabatida.pt\/\" title=\"Terra Batida\" target=\"_blank\" class=\"konte-button button-underline text-default align-inline large   underline-full\">Terra Batida<\/a><div class=\"konte-empty-space \" style=\"height: 5px\"><\/div><a href=\"https:\/\/www.theboxtrend.com\/\" title=\"The Box Trend\" target=\"_blank\" class=\"konte-button button-underline text-default align-inline large   underline-full\">The Box Trend<\/a><div class=\"konte-empty-space \" style=\"height: 5px\"><\/div><a href=\"https:\/\/lojaserdaterra.com\" title=\"Loja Ser da Terra\" target=\"_blank\" class=\"konte-button button-underline text-default align-inline large   underline-full\">Loja Ser da Terra<\/a><div class=\"konte-empty-space \" style=\"height: 5px\"><\/div><a href=\"https:\/\/www.vargem.pt\/\" title=\"Vargem\" target=\"_blank\" class=\"konte-button button-underline text-default align-inline large   underline-full\">Vargem<\/a><div class=\"konte-empty-space \" style=\"height: 5px\"><\/div><a href=\"https:\/\/wiswu.pt\" title=\"Wiswu\" target=\"_blank\" class=\"konte-button button-underline text-default align-inline large   underline-full\">Wiswu<\/a>[\/vc_tta_section][vc_tta_section title=&#8221;Oficina e Showroom&#8221; tab_id=&#8221;1605036931362-4a9dcae9-91e2&#8243;][vc_column_text]<a href=\"https:\/\/www.google.com\/maps\/dir\/?api=1&amp;destination=32.6479799%2C-16.90794&amp;fbclid=IwAR361r54F0C7hA2PhoKpxN3FhxJM_eJ-npg21asolvn_vuAGpkiEihVtbc4\"><strong>Casa de Artes e Of\u00edcios<\/strong><\/a><br \/>\nR. do Ouro, 7460-039<br \/>\nCabe\u00e7o de Vide<br \/>\nFronteira, Portalegre[\/vc_column_text][\/vc_tta_section][\/vc_tta_accordion][\/vc_column][\/vc_row][vc_row][vc_column][vc_column_text]<\/p>\n<h4>Europa<\/h4>\n<p>[\/vc_column_text][\/vc_column][\/vc_row][vc_row][vc_column width=&#8221;1\/2&#8243;][vc_tta_accordion shape=&#8221;square&#8221; color=&#8221;white&#8221; c_position=&#8221;right&#8221; active_section=&#8221;2&#8243; no_fill=&#8221;true&#8221;][vc_tta_section title=&#8221;Espanha&#8221; tab_id=&#8221;1610105504555-54844ddc-e45a&#8221;][vc_column_text]<strong><a href=\"https:\/\/goo.gl\/maps\/7ArbVpk833darJyT6\">Mamasunci\u00f3n<\/a><br \/>\n<\/strong>Rua Trasdeza, 96,<br \/>\nBaixo, 36540 Silleda,<br \/>\nPontevedra, Espanha[\/vc_column_text][\/vc_tta_section][\/vc_tta_accordion][\/vc_column][vc_column width=&#8221;1\/2&#8243;][\/vc_column][\/vc_row]<\/p>\n<\/div>","protected":false},"excerpt":{"rendered":"<p>[vc_row][vc_column width=&#8221;1\/6&#8243;][\/vc_column][vc_column width=&#8221;2\/3&#8243;][vc_column_text] Apesar de termos um showroom na nossa sede em Cabe\u00e7o-de-Vide e termos imenso prazer que nos venham visitar ao Alentejo, sabemos que \u00e9 importante fazermos os poss\u00edveis&hellip;<\/p>\n","protected":false},"author":1,"featured_media":0,"parent":576,"menu_order":0,"comment_status":"closed","ping_status":"closed","template":"","meta":{"footnotes":""},"class_list":["post-2275","page","type-page","status-publish","hentry"],"yoast_head":"<!-- This site is optimized with the Yoast SEO plugin v27.0 - https:\/\/yoast.com\/product\/yoast-seo-wordpress\/ -->\n<title>Localizador de Lojas - \u00e1gua mole<\/title>\n<meta name=\"robots\" content=\"index, follow, max-snippet:-1, max-image-preview:large, max-video-preview:-1\" \/>\n<link rel=\"canonical\" href=\"https:\/\/aguamole.pt\/index.php\/elements\/store-locator\/\" \/>\n<meta property=\"og:locale\" content=\"pt_PT\" \/>\n<meta property=\"og:type\" content=\"article\" \/>\n<meta property=\"og:title\" content=\"Localizador de Lojas - \u00e1gua mole\" \/>\n<meta property=\"og:description\" content=\"[vc_row][vc_column width=&#8221;1\/6&#8243;][\/vc_column][vc_column width=&#8221;2\/3&#8243;][vc_column_text] Apesar de termos um showroom na nossa sede em Cabe\u00e7o-de-Vide e termos imenso prazer que nos venham visitar ao Alentejo, sabemos que \u00e9 importante fazermos os poss\u00edveis&hellip;\" \/>\n<meta property=\"og:url\" content=\"https:\/\/aguamole.pt\/index.php\/elements\/store-locator\/\" \/>\n<meta property=\"og:site_name\" content=\"\u00e1gua mole\" \/>\n<meta property=\"article:publisher\" content=\"https:\/\/www.facebook.com\/agua.mole.essencia\" \/>\n<meta property=\"article:modified_time\" content=\"2021-01-13T17:43:35+00:00\" \/>\n<meta name=\"twitter:card\" content=\"summary_large_image\" \/>\n<meta name=\"twitter:label1\" content=\"Tempo estimado de leitura\" \/>\n\t<meta name=\"twitter:data1\" content=\"6 minutos\" \/>\n<script type=\"application\/ld+json\" class=\"yoast-schema-graph\">{\"@context\":\"https:\/\/schema.org\",\"@graph\":[{\"@type\":\"WebPage\",\"@id\":\"https:\/\/aguamole.pt\/index.php\/elements\/store-locator\/\",\"url\":\"https:\/\/aguamole.pt\/index.php\/elements\/store-locator\/\",\"name\":\"Localizador de Lojas - \u00e1gua mole\",\"isPartOf\":{\"@id\":\"https:\/\/aguamole.pt\/#website\"},\"datePublished\":\"2020-11-10T18:09:25+00:00\",\"dateModified\":\"2021-01-13T17:43:35+00:00\",\"breadcrumb\":{\"@id\":\"https:\/\/aguamole.pt\/index.php\/elements\/store-locator\/#breadcrumb\"},\"inLanguage\":\"pt-PT\",\"potentialAction\":[{\"@type\":\"ReadAction\",\"target\":[\"https:\/\/aguamole.pt\/index.php\/elements\/store-locator\/\"]}]},{\"@type\":\"BreadcrumbList\",\"@id\":\"https:\/\/aguamole.pt\/index.php\/elements\/store-locator\/#breadcrumb\",\"itemListElement\":[{\"@type\":\"ListItem\",\"position\":1,\"name\":\"Home\",\"item\":\"https:\/\/aguamole.pt\/\"},{\"@type\":\"ListItem\",\"position\":2,\"name\":\"Elements\",\"item\":\"https:\/\/aguamole.pt\/index.php\/elements\/\"},{\"@type\":\"ListItem\",\"position\":3,\"name\":\"Localizador de Lojas\"}]},{\"@type\":\"WebSite\",\"@id\":\"https:\/\/aguamole.pt\/#website\",\"url\":\"https:\/\/aguamole.pt\/\",\"name\":\"\u00e1gua mole\",\"description\":\"Produtos de bem-estar naturais para o corpo e para a casa\",\"publisher\":{\"@id\":\"https:\/\/aguamole.pt\/#organization\"},\"potentialAction\":[{\"@type\":\"SearchAction\",\"target\":{\"@type\":\"EntryPoint\",\"urlTemplate\":\"https:\/\/aguamole.pt\/?s={search_term_string}\"},\"query-input\":{\"@type\":\"PropertyValueSpecification\",\"valueRequired\":true,\"valueName\":\"search_term_string\"}}],\"inLanguage\":\"pt-PT\"},{\"@type\":\"Organization\",\"@id\":\"https:\/\/aguamole.pt\/#organization\",\"name\":\"\u00e1gua mole\",\"url\":\"https:\/\/aguamole.pt\/\",\"logo\":{\"@type\":\"ImageObject\",\"inLanguage\":\"pt-PT\",\"@id\":\"https:\/\/aguamole.pt\/#\/schema\/logo\/image\/\",\"url\":\"https:\/\/aguamole.pt\/wp-content\/uploads\/2020\/09\/logo_straight-01.png\",\"contentUrl\":\"https:\/\/aguamole.pt\/wp-content\/uploads\/2020\/09\/logo_straight-01.png\",\"width\":129,\"height\":25,\"caption\":\"\u00e1gua mole\"},\"image\":{\"@id\":\"https:\/\/aguamole.pt\/#\/schema\/logo\/image\/\"},\"sameAs\":[\"https:\/\/www.facebook.com\/agua.mole.essencia\",\"https:\/\/www.instagram.com\/agua.mole\/\"]}]}<\/script>\n<!-- \/ Yoast SEO plugin. -->","yoast_head_json":{"title":"Localizador de Lojas - \u00e1gua mole","robots":{"index":"index","follow":"follow","max-snippet":"max-snippet:-1","max-image-preview":"max-image-preview:large","max-video-preview":"max-video-preview:-1"},"canonical":"https:\/\/aguamole.pt\/index.php\/elements\/store-locator\/","og_locale":"pt_PT","og_type":"article","og_title":"Localizador de Lojas - \u00e1gua mole","og_description":"[vc_row][vc_column width=&#8221;1\/6&#8243;][\/vc_column][vc_column width=&#8221;2\/3&#8243;][vc_column_text] Apesar de termos um showroom na nossa sede em Cabe\u00e7o-de-Vide e termos imenso prazer que nos venham visitar ao Alentejo, sabemos que \u00e9 importante fazermos os poss\u00edveis&hellip;","og_url":"https:\/\/aguamole.pt\/index.php\/elements\/store-locator\/","og_site_name":"\u00e1gua mole","article_publisher":"https:\/\/www.facebook.com\/agua.mole.essencia","article_modified_time":"2021-01-13T17:43:35+00:00","twitter_card":"summary_large_image","twitter_misc":{"Tempo estimado de leitura":"6 minutos"},"schema":{"@context":"https:\/\/schema.org","@graph":[{"@type":"WebPage","@id":"https:\/\/aguamole.pt\/index.php\/elements\/store-locator\/","url":"https:\/\/aguamole.pt\/index.php\/elements\/store-locator\/","name":"Localizador de Lojas - \u00e1gua mole","isPartOf":{"@id":"https:\/\/aguamole.pt\/#website"},"datePublished":"2020-11-10T18:09:25+00:00","dateModified":"2021-01-13T17:43:35+00:00","breadcrumb":{"@id":"https:\/\/aguamole.pt\/index.php\/elements\/store-locator\/#breadcrumb"},"inLanguage":"pt-PT","potentialAction":[{"@type":"ReadAction","target":["https:\/\/aguamole.pt\/index.php\/elements\/store-locator\/"]}]},{"@type":"BreadcrumbList","@id":"https:\/\/aguamole.pt\/index.php\/elements\/store-locator\/#breadcrumb","itemListElement":[{"@type":"ListItem","position":1,"name":"Home","item":"https:\/\/aguamole.pt\/"},{"@type":"ListItem","position":2,"name":"Elements","item":"https:\/\/aguamole.pt\/index.php\/elements\/"},{"@type":"ListItem","position":3,"name":"Localizador de Lojas"}]},{"@type":"WebSite","@id":"https:\/\/aguamole.pt\/#website","url":"https:\/\/aguamole.pt\/","name":"\u00e1gua mole","description":"Produtos de bem-estar naturais para o corpo e para a casa","publisher":{"@id":"https:\/\/aguamole.pt\/#organization"},"potentialAction":[{"@type":"SearchAction","target":{"@type":"EntryPoint","urlTemplate":"https:\/\/aguamole.pt\/?s={search_term_string}"},"query-input":{"@type":"PropertyValueSpecification","valueRequired":true,"valueName":"search_term_string"}}],"inLanguage":"pt-PT"},{"@type":"Organization","@id":"https:\/\/aguamole.pt\/#organization","name":"\u00e1gua mole","url":"https:\/\/aguamole.pt\/","logo":{"@type":"ImageObject","inLanguage":"pt-PT","@id":"https:\/\/aguamole.pt\/#\/schema\/logo\/image\/","url":"https:\/\/aguamole.pt\/wp-content\/uploads\/2020\/09\/logo_straight-01.png","contentUrl":"https:\/\/aguamole.pt\/wp-content\/uploads\/2020\/09\/logo_straight-01.png","width":129,"height":25,"caption":"\u00e1gua mole"},"image":{"@id":"https:\/\/aguamole.pt\/#\/schema\/logo\/image\/"},"sameAs":["https:\/\/www.facebook.com\/agua.mole.essencia","https:\/\/www.instagram.com\/agua.mole\/"]}]}},"jetpack_sharing_enabled":true,"_links":{"self":[{"href":"https:\/\/aguamole.pt\/index.php\/wp-json\/wp\/v2\/pages\/2275","targetHints":{"allow":["GET"]}}],"collection":[{"href":"https:\/\/aguamole.pt\/index.php\/wp-json\/wp\/v2\/pages"}],"about":[{"href":"https:\/\/aguamole.pt\/index.php\/wp-json\/wp\/v2\/types\/page"}],"author":[{"embeddable":true,"href":"https:\/\/aguamole.pt\/index.php\/wp-json\/wp\/v2\/users\/1"}],"replies":[{"embeddable":true,"href":"https:\/\/aguamole.pt\/index.php\/wp-json\/wp\/v2\/comments?post=2275"}],"version-history":[{"count":31,"href":"https:\/\/aguamole.pt\/index.php\/wp-json\/wp\/v2\/pages\/2275\/revisions"}],"predecessor-version":[{"id":2811,"href":"https:\/\/aguamole.pt\/index.php\/wp-json\/wp\/v2\/pages\/2275\/revisions\/2811"}],"up":[{"embeddable":true,"href":"https:\/\/aguamole.pt\/index.php\/wp-json\/wp\/v2\/pages\/576"}],"wp:attachment":[{"href":"https:\/\/aguamole.pt\/index.php\/wp-json\/wp\/v2\/media?parent=2275"}],"curies":[{"name":"wp","href":"https:\/\/api.w.org\/{rel}","templated":true}]}}