{"id":1444,"date":"2020-08-04T11:46:22","date_gmt":"2020-08-04T11:46:22","guid":{"rendered":"https:\/\/aguamole.pt\/index.php\/product\/barra-de-duche-nutritiva\/"},"modified":"2025-12-10T10:46:26","modified_gmt":"2025-12-10T10:46:26","slug":"body-shower-bar","status":"publish","type":"product","link":"https:\/\/aguamole.pt\/index.php\/product\/body-shower-bar\/","title":{"rendered":"Barra de Duche Nutritiva"},"content":{"rendered":"<p class=\"p1\"><span class=\"s1\"><b>Ingredientes Ativos<br \/>\n<\/b><\/span><span class=\"s1\">Manteiga de Karit\u00e9<br \/>\nAmido de Milho<\/span><\/p>\n<p class=\"p1\"><span class=\"s1\"><b>Informa\u00e7\u00f5es<br \/>\n<\/b><\/span><span class=\"s1\">Recicle a embalagem.<br \/>\nUso externo apenas. Evitar contacto com os olhos, mucosas ou pele irritada. Em caso de reac\u00e7\u00e3o, descontinuar uso.<\/span><\/p>\n<p class=\"p1\"><span class=\"s1\">Os nossos produtos s\u00e3o feitos \u00e0 m\u00e3o em pequenos lotes, pelo que ir\u00e3o ocorrer diferencia\u00e7\u00f5es m\u00ednimas na sua forma, packaging e cor. <\/span><\/p>\n","protected":false},"excerpt":{"rendered":"<p><span data-sheets-value=\"{&quot;1&quot;:2,&quot;2&quot;:&quot;Barra de duche \u00e0 base de manteiga de karit\u00e9, nutritiva e hidratante. Uma op\u00e7\u00e3o s\u00f3lida ao gel de duche convencional.&quot;}\" data-sheets-userformat=\"{&quot;2&quot;:15295,&quot;3&quot;:{&quot;1&quot;:0},&quot;4&quot;:{&quot;1&quot;:2,&quot;2&quot;:11982760},&quot;5&quot;:{&quot;1&quot;:[{&quot;1&quot;:2,&quot;2&quot;:0,&quot;5&quot;:{&quot;1&quot;:2,&quot;2&quot;:0}},{&quot;1&quot;:0,&quot;2&quot;:0,&quot;3&quot;:3},{&quot;1&quot;:1,&quot;2&quot;:0,&quot;4&quot;:1}]},&quot;6&quot;:{&quot;1&quot;:[{&quot;1&quot;:2,&quot;2&quot;:0,&quot;5&quot;:{&quot;1&quot;:2,&quot;2&quot;:0}},{&quot;1&quot;:0,&quot;2&quot;:0,&quot;3&quot;:3},{&quot;1&quot;:1,&quot;2&quot;:0,&quot;4&quot;:1}]},&quot;7&quot;:{&quot;1&quot;:[{&quot;1&quot;:2,&quot;2&quot;:0,&quot;5&quot;:{&quot;1&quot;:2,&quot;2&quot;:0}},{&quot;1&quot;:0,&quot;2&quot;:0,&quot;3&quot;:3},{&quot;1&quot;:1,&quot;2&quot;:0,&quot;4&quot;:1}]},&quot;8&quot;:{&quot;1&quot;:[{&quot;1&quot;:2,&quot;2&quot;:0,&quot;5&quot;:{&quot;1&quot;:2,&quot;2&quot;:0}},{&quot;1&quot;:0,&quot;2&quot;:0,&quot;3&quot;:3},{&quot;1&quot;:1,&quot;2&quot;:0,&quot;4&quot;:1}]},&quot;10&quot;:0,&quot;11&quot;:4,&quot;12&quot;:0,&quot;14&quot;:{&quot;1&quot;:2,&quot;2&quot;:0},&quot;15&quot;:&quot;Arial&quot;,&quot;16&quot;:9}\">Barra de duche \u00e0 base de manteiga de karit\u00e9, nutritiva e hidratante. Uma op\u00e7\u00e3o s\u00f3lida ao gel de duche convencional.<\/span><\/p>\n<p><strong>N\u00e3o cont\u00e9m ingredientes de origem animal.<br \/>\nAprox. 80gr.<\/strong><\/p>\n<p><span class=\"s1\"><b>Como Usar:<br \/>\n<\/b><\/span><span class=\"s1\">De forma a ter uma melhor experi\u00eancia, massajar em c\u00edrculos o corpo com a barra.<br \/>\n<\/span><span class=\"s1\">Para uma maior durabilidade, mantenha a barra seca entre lavagens.<\/span><\/p>\n","protected":false},"featured_media":3502,"comment_status":"open","ping_status":"closed","template":"","meta":[],"product_brand":[],"product_cat":[189,186],"product_tag":[165,135,136,164],"class_list":{"0":"post-1444","1":"product","2":"type-product","3":"status-publish","4":"has-post-thumbnail","6":"product_cat-collection-aguamole","7":"product_cat-body","8":"product_tag-barra-duche","9":"product_tag-body","10":"product_tag-corpo","11":"product_tag-shower-bar","13":"first","14":"instock","15":"taxable","16":"shipping-taxable","17":"purchasable","18":"product-type-variable"},"yoast_head":"<!-- This site is optimized with the Yoast SEO plugin v27.0 - https:\/\/yoast.com\/product\/yoast-seo-wordpress\/ -->\n<title>Barra de Duche Nutritiva - \u00e1gua mole<\/title>\n<meta name=\"description\" content=\"Barra de duche \u00e0 base de manteiga de karit\u00e9, nutritiva e hidratante. Uma op\u00e7\u00e3o s\u00f3lida ao gel de duche convencional.\" \/>\n<meta name=\"robots\" content=\"index, follow, max-snippet:-1, max-image-preview:large, max-video-preview:-1\" \/>\n<link rel=\"canonical\" href=\"https:\/\/aguamole.pt\/index.php\/product\/body-shower-bar\/\" \/>\n<meta property=\"og:locale\" content=\"pt_PT\" \/>\n<meta property=\"og:type\" content=\"article\" \/>\n<meta property=\"og:title\" content=\"Barra de Duche Nutritiva - \u00e1gua mole\" \/>\n<meta property=\"og:description\" content=\"Barra de duche \u00e0 base de manteiga de karit\u00e9, nutritiva e hidratante. Uma op\u00e7\u00e3o s\u00f3lida ao gel de duche convencional.\" \/>\n<meta property=\"og:url\" content=\"https:\/\/aguamole.pt\/index.php\/product\/body-shower-bar\/\" \/>\n<meta property=\"og:site_name\" content=\"\u00e1gua mole\" \/>\n<meta property=\"article:publisher\" content=\"https:\/\/www.facebook.com\/agua.mole.essencia\" \/>\n<meta property=\"article:modified_time\" content=\"2025-12-10T10:46:26+00:00\" \/>\n<meta property=\"og:image\" content=\"https:\/\/aguamole.pt\/wp-content\/uploads\/2020\/08\/am_bd_80_conjunto.jpg\" \/>\n\t<meta property=\"og:image:width\" content=\"1400\" \/>\n\t<meta property=\"og:image:height\" content=\"1600\" \/>\n\t<meta property=\"og:image:type\" content=\"image\/jpeg\" \/>\n<meta name=\"twitter:card\" content=\"summary_large_image\" \/>\n<meta name=\"twitter:label1\" content=\"Tempo estimado de leitura\" \/>\n\t<meta name=\"twitter:data1\" content=\"1 minuto\" \/>\n<script type=\"application\/ld+json\" class=\"yoast-schema-graph\">{\"@context\":\"https:\/\/schema.org\",\"@graph\":[{\"@type\":\"WebPage\",\"@id\":\"https:\/\/aguamole.pt\/index.php\/product\/body-shower-bar\/\",\"url\":\"https:\/\/aguamole.pt\/index.php\/product\/body-shower-bar\/\",\"name\":\"Barra de Duche Nutritiva - \u00e1gua mole\",\"isPartOf\":{\"@id\":\"https:\/\/aguamole.pt\/#website\"},\"primaryImageOfPage\":{\"@id\":\"https:\/\/aguamole.pt\/index.php\/product\/body-shower-bar\/#primaryimage\"},\"image\":{\"@id\":\"https:\/\/aguamole.pt\/index.php\/product\/body-shower-bar\/#primaryimage\"},\"thumbnailUrl\":\"https:\/\/aguamole.pt\/wp-content\/uploads\/2020\/08\/am_bd_80_conjunto.jpg\",\"datePublished\":\"2020-08-04T11:46:22+00:00\",\"dateModified\":\"2025-12-10T10:46:26+00:00\",\"description\":\"Barra de duche \u00e0 base de manteiga de karit\u00e9, nutritiva e hidratante. Uma op\u00e7\u00e3o s\u00f3lida ao gel de duche convencional.\",\"breadcrumb\":{\"@id\":\"https:\/\/aguamole.pt\/index.php\/product\/body-shower-bar\/#breadcrumb\"},\"inLanguage\":\"pt-PT\",\"potentialAction\":[{\"@type\":\"ReadAction\",\"target\":[\"https:\/\/aguamole.pt\/index.php\/product\/body-shower-bar\/\"]}]},{\"@type\":\"ImageObject\",\"inLanguage\":\"pt-PT\",\"@id\":\"https:\/\/aguamole.pt\/index.php\/product\/body-shower-bar\/#primaryimage\",\"url\":\"https:\/\/aguamole.pt\/wp-content\/uploads\/2020\/08\/am_bd_80_conjunto.jpg\",\"contentUrl\":\"https:\/\/aguamole.pt\/wp-content\/uploads\/2020\/08\/am_bd_80_conjunto.jpg\",\"width\":1400,\"height\":1600},{\"@type\":\"BreadcrumbList\",\"@id\":\"https:\/\/aguamole.pt\/index.php\/product\/body-shower-bar\/#breadcrumb\",\"itemListElement\":[{\"@type\":\"ListItem\",\"position\":1,\"name\":\"Home\",\"item\":\"https:\/\/aguamole.pt\/\"},{\"@type\":\"ListItem\",\"position\":2,\"name\":\"Loja\",\"item\":\"https:\/\/aguamole.pt\/index.php\/shop\/\"},{\"@type\":\"ListItem\",\"position\":3,\"name\":\"Barra de Duche Nutritiva\"}]},{\"@type\":\"WebSite\",\"@id\":\"https:\/\/aguamole.pt\/#website\",\"url\":\"https:\/\/aguamole.pt\/\",\"name\":\"\u00e1gua mole\",\"description\":\"Produtos de bem-estar naturais para o corpo e para a casa\",\"publisher\":{\"@id\":\"https:\/\/aguamole.pt\/#organization\"},\"potentialAction\":[{\"@type\":\"SearchAction\",\"target\":{\"@type\":\"EntryPoint\",\"urlTemplate\":\"https:\/\/aguamole.pt\/?s={search_term_string}\"},\"query-input\":{\"@type\":\"PropertyValueSpecification\",\"valueRequired\":true,\"valueName\":\"search_term_string\"}}],\"inLanguage\":\"pt-PT\"},{\"@type\":\"Organization\",\"@id\":\"https:\/\/aguamole.pt\/#organization\",\"name\":\"\u00e1gua mole\",\"url\":\"https:\/\/aguamole.pt\/\",\"logo\":{\"@type\":\"ImageObject\",\"inLanguage\":\"pt-PT\",\"@id\":\"https:\/\/aguamole.pt\/#\/schema\/logo\/image\/\",\"url\":\"https:\/\/aguamole.pt\/wp-content\/uploads\/2020\/09\/logo_straight-01.png\",\"contentUrl\":\"https:\/\/aguamole.pt\/wp-content\/uploads\/2020\/09\/logo_straight-01.png\",\"width\":129,\"height\":25,\"caption\":\"\u00e1gua mole\"},\"image\":{\"@id\":\"https:\/\/aguamole.pt\/#\/schema\/logo\/image\/\"},\"sameAs\":[\"https:\/\/www.facebook.com\/agua.mole.essencia\",\"https:\/\/www.instagram.com\/agua.mole\/\"]}]}<\/script>\n<!-- \/ Yoast SEO plugin. -->","yoast_head_json":{"title":"Barra de Duche Nutritiva - \u00e1gua mole","description":"Barra de duche \u00e0 base de manteiga de karit\u00e9, nutritiva e hidratante. Uma op\u00e7\u00e3o s\u00f3lida ao gel de duche convencional.","robots":{"index":"index","follow":"follow","max-snippet":"max-snippet:-1","max-image-preview":"max-image-preview:large","max-video-preview":"max-video-preview:-1"},"canonical":"https:\/\/aguamole.pt\/index.php\/product\/body-shower-bar\/","og_locale":"pt_PT","og_type":"article","og_title":"Barra de Duche Nutritiva - \u00e1gua mole","og_description":"Barra de duche \u00e0 base de manteiga de karit\u00e9, nutritiva e hidratante. Uma op\u00e7\u00e3o s\u00f3lida ao gel de duche convencional.","og_url":"https:\/\/aguamole.pt\/index.php\/product\/body-shower-bar\/","og_site_name":"\u00e1gua mole","article_publisher":"https:\/\/www.facebook.com\/agua.mole.essencia","article_modified_time":"2025-12-10T10:46:26+00:00","og_image":[{"width":1400,"height":1600,"url":"https:\/\/aguamole.pt\/wp-content\/uploads\/2020\/08\/am_bd_80_conjunto.jpg","type":"image\/jpeg"}],"twitter_card":"summary_large_image","twitter_misc":{"Tempo estimado de leitura":"1 minuto"},"schema":{"@context":"https:\/\/schema.org","@graph":[{"@type":"WebPage","@id":"https:\/\/aguamole.pt\/index.php\/product\/body-shower-bar\/","url":"https:\/\/aguamole.pt\/index.php\/product\/body-shower-bar\/","name":"Barra de Duche Nutritiva - \u00e1gua mole","isPartOf":{"@id":"https:\/\/aguamole.pt\/#website"},"primaryImageOfPage":{"@id":"https:\/\/aguamole.pt\/index.php\/product\/body-shower-bar\/#primaryimage"},"image":{"@id":"https:\/\/aguamole.pt\/index.php\/product\/body-shower-bar\/#primaryimage"},"thumbnailUrl":"https:\/\/aguamole.pt\/wp-content\/uploads\/2020\/08\/am_bd_80_conjunto.jpg","datePublished":"2020-08-04T11:46:22+00:00","dateModified":"2025-12-10T10:46:26+00:00","description":"Barra de duche \u00e0 base de manteiga de karit\u00e9, nutritiva e hidratante. Uma op\u00e7\u00e3o s\u00f3lida ao gel de duche convencional.","breadcrumb":{"@id":"https:\/\/aguamole.pt\/index.php\/product\/body-shower-bar\/#breadcrumb"},"inLanguage":"pt-PT","potentialAction":[{"@type":"ReadAction","target":["https:\/\/aguamole.pt\/index.php\/product\/body-shower-bar\/"]}]},{"@type":"ImageObject","inLanguage":"pt-PT","@id":"https:\/\/aguamole.pt\/index.php\/product\/body-shower-bar\/#primaryimage","url":"https:\/\/aguamole.pt\/wp-content\/uploads\/2020\/08\/am_bd_80_conjunto.jpg","contentUrl":"https:\/\/aguamole.pt\/wp-content\/uploads\/2020\/08\/am_bd_80_conjunto.jpg","width":1400,"height":1600},{"@type":"BreadcrumbList","@id":"https:\/\/aguamole.pt\/index.php\/product\/body-shower-bar\/#breadcrumb","itemListElement":[{"@type":"ListItem","position":1,"name":"Home","item":"https:\/\/aguamole.pt\/"},{"@type":"ListItem","position":2,"name":"Loja","item":"https:\/\/aguamole.pt\/index.php\/shop\/"},{"@type":"ListItem","position":3,"name":"Barra de Duche Nutritiva"}]},{"@type":"WebSite","@id":"https:\/\/aguamole.pt\/#website","url":"https:\/\/aguamole.pt\/","name":"\u00e1gua mole","description":"Produtos de bem-estar naturais para o corpo e para a casa","publisher":{"@id":"https:\/\/aguamole.pt\/#organization"},"potentialAction":[{"@type":"SearchAction","target":{"@type":"EntryPoint","urlTemplate":"https:\/\/aguamole.pt\/?s={search_term_string}"},"query-input":{"@type":"PropertyValueSpecification","valueRequired":true,"valueName":"search_term_string"}}],"inLanguage":"pt-PT"},{"@type":"Organization","@id":"https:\/\/aguamole.pt\/#organization","name":"\u00e1gua mole","url":"https:\/\/aguamole.pt\/","logo":{"@type":"ImageObject","inLanguage":"pt-PT","@id":"https:\/\/aguamole.pt\/#\/schema\/logo\/image\/","url":"https:\/\/aguamole.pt\/wp-content\/uploads\/2020\/09\/logo_straight-01.png","contentUrl":"https:\/\/aguamole.pt\/wp-content\/uploads\/2020\/09\/logo_straight-01.png","width":129,"height":25,"caption":"\u00e1gua mole"},"image":{"@id":"https:\/\/aguamole.pt\/#\/schema\/logo\/image\/"},"sameAs":["https:\/\/www.facebook.com\/agua.mole.essencia","https:\/\/www.instagram.com\/agua.mole\/"]}]}},"jetpack_sharing_enabled":true,"_links":{"self":[{"href":"https:\/\/aguamole.pt\/index.php\/wp-json\/wp\/v2\/product\/1444","targetHints":{"allow":["GET"]}}],"collection":[{"href":"https:\/\/aguamole.pt\/index.php\/wp-json\/wp\/v2\/product"}],"about":[{"href":"https:\/\/aguamole.pt\/index.php\/wp-json\/wp\/v2\/types\/product"}],"replies":[{"embeddable":true,"href":"https:\/\/aguamole.pt\/index.php\/wp-json\/wp\/v2\/comments?post=1444"}],"version-history":[{"count":4,"href":"https:\/\/aguamole.pt\/index.php\/wp-json\/wp\/v2\/product\/1444\/revisions"}],"predecessor-version":[{"id":3511,"href":"https:\/\/aguamole.pt\/index.php\/wp-json\/wp\/v2\/product\/1444\/revisions\/3511"}],"wp:featuredmedia":[{"embeddable":true,"href":"https:\/\/aguamole.pt\/index.php\/wp-json\/wp\/v2\/media\/3502"}],"wp:attachment":[{"href":"https:\/\/aguamole.pt\/index.php\/wp-json\/wp\/v2\/media?parent=1444"}],"wp:term":[{"taxonomy":"product_brand","embeddable":true,"href":"https:\/\/aguamole.pt\/index.php\/wp-json\/wp\/v2\/product_brand?post=1444"},{"taxonomy":"product_cat","embeddable":true,"href":"https:\/\/aguamole.pt\/index.php\/wp-json\/wp\/v2\/product_cat?post=1444"},{"taxonomy":"product_tag","embeddable":true,"href":"https:\/\/aguamole.pt\/index.php\/wp-json\/wp\/v2\/product_tag?post=1444"}],"curies":[{"name":"wp","href":"https:\/\/api.w.org\/{rel}","templated":true}]}}