{"id":1452,"date":"2020-08-04T11:47:13","date_gmt":"2020-08-04T11:47:13","guid":{"rendered":"https:\/\/aguamole.pt\/index.php\/product\/desodorizante-solido\/"},"modified":"2026-03-27T16:54:09","modified_gmt":"2026-03-27T16:54:09","slug":"solid-deodorant","status":"publish","type":"product","link":"https:\/\/aguamole.pt\/index.php\/product\/solid-deodorant\/","title":{"rendered":"Desodorizante s\u00f3lido"},"content":{"rendered":"<p class=\"p1\"><span class=\"s1\"><b>Ingredientes Ativos<br \/>\n<\/b><\/span><span class=\"s1\">Cera de Abelha<br \/>\n<\/span><span class=\"s1\">\u00d3leo de C\u00f4co<br \/>\nBicarbonato de S\u00f3dio<\/span><\/p>\n<p class=\"p1\"><span class=\"s1\"><b>Informa\u00e7\u00f5es<br \/>\n<\/b><\/span><span class=\"s1\">Recicle a embalagem.<br \/>\n<\/span><span class=\"s1\">Uso externo apenas. Evitar contacto com os olhos, mucosas ou pele irritada. Em caso de reac\u00e7\u00e3o, descontinuar uso.<\/span><\/p>\n<p class=\"p1\"><span class=\"s1\">Os nossos produtos s\u00e3o feitos \u00e0 m\u00e3o em pequenos lotes, pelo que ir\u00e3o ocorrer diferencia\u00e7\u00f5es m\u00ednimas na sua forma, packaging e cor.<\/span><\/p>\n","protected":false},"excerpt":{"rendered":"<p><span data-sheets-value=\"{&quot;1&quot;:2,&quot;2&quot;:&quot;Desodorizante s\u00f3lido \u00e0 base de \u00f3leo de c\u00f4co, um \u00f3leo nobre e nutritivo. Tanto o \u00f3leo de palmarosa como o de lim\u00e3o apresentam propriedades anti-inflamat\u00f3rias e antimicrobianas sendo complementadas pelo bicarbonato de s\u00f3dio que ajuda na neutraliza\u00e7\u00e3o de odores. &quot;}\" data-sheets-userformat=\"{&quot;2&quot;:15293,&quot;3&quot;:{&quot;1&quot;:0},&quot;5&quot;:{&quot;1&quot;:[{&quot;1&quot;:2,&quot;2&quot;:0,&quot;5&quot;:{&quot;1&quot;:2,&quot;2&quot;:0}},{&quot;1&quot;:0,&quot;2&quot;:0,&quot;3&quot;:3},{&quot;1&quot;:1,&quot;2&quot;:0,&quot;4&quot;:1}]},&quot;6&quot;:{&quot;1&quot;:[{&quot;1&quot;:2,&quot;2&quot;:0,&quot;5&quot;:{&quot;1&quot;:2,&quot;2&quot;:0}},{&quot;1&quot;:0,&quot;2&quot;:0,&quot;3&quot;:3},{&quot;1&quot;:1,&quot;2&quot;:0,&quot;4&quot;:1}]},&quot;7&quot;:{&quot;1&quot;:[{&quot;1&quot;:2,&quot;2&quot;:0,&quot;5&quot;:{&quot;1&quot;:2,&quot;2&quot;:0}},{&quot;1&quot;:0,&quot;2&quot;:0,&quot;3&quot;:3},{&quot;1&quot;:1,&quot;2&quot;:0,&quot;4&quot;:1}]},&quot;8&quot;:{&quot;1&quot;:[{&quot;1&quot;:2,&quot;2&quot;:0,&quot;5&quot;:{&quot;1&quot;:2,&quot;2&quot;:0}},{&quot;1&quot;:0,&quot;2&quot;:0,&quot;3&quot;:3},{&quot;1&quot;:1,&quot;2&quot;:0,&quot;4&quot;:1}]},&quot;10&quot;:0,&quot;11&quot;:4,&quot;12&quot;:0,&quot;14&quot;:{&quot;1&quot;:2,&quot;2&quot;:0},&quot;15&quot;:&quot;Arial&quot;,&quot;16&quot;:9}\">Desodorizante s\u00f3lido \u00e0 base de \u00f3leo de c\u00f4co, um \u00f3leo nobre e nutritivo. Tanto o \u00f3leo de palmarosa como o de lim\u00e3o apresentam propriedades anti-inflamat\u00f3rias e antimicrobianas sendo complementadas pelo bicarbonato de s\u00f3dio que ajuda na neutraliza\u00e7\u00e3o de odores.<\/span><\/p>\n<p><strong>Aprox. 100gr.<\/strong><\/p>\n<p><strong>Sugest\u00e3o:<\/strong><br \/>\nPara uma experi\u00eancia mais nutritiva e suave pode tamb\u00e9m aplicar, previamente ao desodorizante, umas gotas de \u00f3leo de jojoba, rosa mosqueta ou um outro de sua prefer\u00eancia.<\/p>\n","protected":false},"featured_media":4090,"comment_status":"open","ping_status":"closed","template":"","meta":[],"product_brand":[],"product_cat":[189,186],"product_tag":[135,136,160,161,180,181],"class_list":{"0":"post-1452","1":"product","2":"type-product","3":"status-publish","4":"has-post-thumbnail","6":"product_cat-collection-aguamole","7":"product_cat-body","8":"product_tag-body","9":"product_tag-corpo","10":"product_tag-deodorant","11":"product_tag-desodorizante","12":"product_tag-solid","13":"product_tag-solido","15":"first","16":"instock","17":"taxable","18":"shipping-taxable","19":"purchasable","20":"product-type-variable"},"yoast_head":"<!-- This site is optimized with the Yoast SEO plugin v27.0 - https:\/\/yoast.com\/product\/yoast-seo-wordpress\/ -->\n<title>Desodorizante s\u00f3lido - \u00e1gua mole<\/title>\n<meta name=\"description\" content=\"Desodorizante s\u00f3lido \u00e0 base de \u00f3leo de c\u00f4co, um \u00f3leo nobre e nutritivo com propriedades anti-inflamat\u00f3rias e antimicrobianas para a pele, complementado pelo bicarbonato de s\u00f3dio que ajuda na neutraliza\u00e7\u00e3o de odores.\" \/>\n<meta name=\"robots\" content=\"index, follow, max-snippet:-1, max-image-preview:large, max-video-preview:-1\" \/>\n<link rel=\"canonical\" href=\"https:\/\/aguamole.pt\/index.php\/product\/solid-deodorant\/\" \/>\n<meta property=\"og:locale\" content=\"pt_PT\" \/>\n<meta property=\"og:type\" content=\"article\" \/>\n<meta property=\"og:title\" content=\"Desodorizante s\u00f3lido - \u00e1gua mole\" \/>\n<meta property=\"og:description\" content=\"Desodorizante s\u00f3lido \u00e0 base de \u00f3leo de c\u00f4co, um \u00f3leo nobre e nutritivo com propriedades anti-inflamat\u00f3rias e antimicrobianas para a pele, complementado pelo bicarbonato de s\u00f3dio que ajuda na neutraliza\u00e7\u00e3o de odores.\" \/>\n<meta property=\"og:url\" content=\"https:\/\/aguamole.pt\/index.php\/product\/solid-deodorant\/\" \/>\n<meta property=\"og:site_name\" content=\"\u00e1gua mole\" \/>\n<meta property=\"article:publisher\" content=\"https:\/\/www.facebook.com\/agua.mole.essencia\" \/>\n<meta property=\"article:modified_time\" content=\"2026-03-27T16:54:09+00:00\" \/>\n<meta property=\"og:image\" content=\"https:\/\/aguamole.pt\/wp-content\/uploads\/2020\/08\/DS_Ambiente_novo-896x1024.png\" \/>\n\t<meta property=\"og:image:width\" content=\"896\" \/>\n\t<meta property=\"og:image:height\" content=\"1024\" \/>\n\t<meta property=\"og:image:type\" content=\"image\/png\" \/>\n<meta name=\"twitter:card\" content=\"summary_large_image\" \/>\n<meta name=\"twitter:label1\" content=\"Tempo estimado de leitura\" \/>\n\t<meta name=\"twitter:data1\" content=\"1 minuto\" \/>\n<script type=\"application\/ld+json\" class=\"yoast-schema-graph\">{\"@context\":\"https:\/\/schema.org\",\"@graph\":[{\"@type\":\"WebPage\",\"@id\":\"https:\/\/aguamole.pt\/index.php\/product\/solid-deodorant\/\",\"url\":\"https:\/\/aguamole.pt\/index.php\/product\/solid-deodorant\/\",\"name\":\"Desodorizante s\u00f3lido - \u00e1gua mole\",\"isPartOf\":{\"@id\":\"https:\/\/aguamole.pt\/#website\"},\"primaryImageOfPage\":{\"@id\":\"https:\/\/aguamole.pt\/index.php\/product\/solid-deodorant\/#primaryimage\"},\"image\":{\"@id\":\"https:\/\/aguamole.pt\/index.php\/product\/solid-deodorant\/#primaryimage\"},\"thumbnailUrl\":\"https:\/\/aguamole.pt\/wp-content\/uploads\/2020\/08\/DS_Ambiente_novo.png\",\"datePublished\":\"2020-08-04T11:47:13+00:00\",\"dateModified\":\"2026-03-27T16:54:09+00:00\",\"description\":\"Desodorizante s\u00f3lido \u00e0 base de \u00f3leo de c\u00f4co, um \u00f3leo nobre e nutritivo com propriedades anti-inflamat\u00f3rias e antimicrobianas para a pele, complementado pelo bicarbonato de s\u00f3dio que ajuda na neutraliza\u00e7\u00e3o de odores.\",\"breadcrumb\":{\"@id\":\"https:\/\/aguamole.pt\/index.php\/product\/solid-deodorant\/#breadcrumb\"},\"inLanguage\":\"pt-PT\",\"potentialAction\":[{\"@type\":\"ReadAction\",\"target\":[\"https:\/\/aguamole.pt\/index.php\/product\/solid-deodorant\/\"]}]},{\"@type\":\"ImageObject\",\"inLanguage\":\"pt-PT\",\"@id\":\"https:\/\/aguamole.pt\/index.php\/product\/solid-deodorant\/#primaryimage\",\"url\":\"https:\/\/aguamole.pt\/wp-content\/uploads\/2020\/08\/DS_Ambiente_novo.png\",\"contentUrl\":\"https:\/\/aguamole.pt\/wp-content\/uploads\/2020\/08\/DS_Ambiente_novo.png\",\"width\":1400,\"height\":1600},{\"@type\":\"BreadcrumbList\",\"@id\":\"https:\/\/aguamole.pt\/index.php\/product\/solid-deodorant\/#breadcrumb\",\"itemListElement\":[{\"@type\":\"ListItem\",\"position\":1,\"name\":\"Home\",\"item\":\"https:\/\/aguamole.pt\/\"},{\"@type\":\"ListItem\",\"position\":2,\"name\":\"Loja\",\"item\":\"https:\/\/aguamole.pt\/index.php\/shop\/\"},{\"@type\":\"ListItem\",\"position\":3,\"name\":\"Desodorizante s\u00f3lido\"}]},{\"@type\":\"WebSite\",\"@id\":\"https:\/\/aguamole.pt\/#website\",\"url\":\"https:\/\/aguamole.pt\/\",\"name\":\"\u00e1gua mole\",\"description\":\"Produtos de bem-estar naturais para o corpo e para a casa\",\"publisher\":{\"@id\":\"https:\/\/aguamole.pt\/#organization\"},\"potentialAction\":[{\"@type\":\"SearchAction\",\"target\":{\"@type\":\"EntryPoint\",\"urlTemplate\":\"https:\/\/aguamole.pt\/?s={search_term_string}\"},\"query-input\":{\"@type\":\"PropertyValueSpecification\",\"valueRequired\":true,\"valueName\":\"search_term_string\"}}],\"inLanguage\":\"pt-PT\"},{\"@type\":\"Organization\",\"@id\":\"https:\/\/aguamole.pt\/#organization\",\"name\":\"\u00e1gua mole\",\"url\":\"https:\/\/aguamole.pt\/\",\"logo\":{\"@type\":\"ImageObject\",\"inLanguage\":\"pt-PT\",\"@id\":\"https:\/\/aguamole.pt\/#\/schema\/logo\/image\/\",\"url\":\"https:\/\/aguamole.pt\/wp-content\/uploads\/2020\/09\/logo_straight-01.png\",\"contentUrl\":\"https:\/\/aguamole.pt\/wp-content\/uploads\/2020\/09\/logo_straight-01.png\",\"width\":129,\"height\":25,\"caption\":\"\u00e1gua mole\"},\"image\":{\"@id\":\"https:\/\/aguamole.pt\/#\/schema\/logo\/image\/\"},\"sameAs\":[\"https:\/\/www.facebook.com\/agua.mole.essencia\",\"https:\/\/www.instagram.com\/agua.mole\/\"]}]}<\/script>\n<!-- \/ Yoast SEO plugin. -->","yoast_head_json":{"title":"Desodorizante s\u00f3lido - \u00e1gua mole","description":"Desodorizante s\u00f3lido \u00e0 base de \u00f3leo de c\u00f4co, um \u00f3leo nobre e nutritivo com propriedades anti-inflamat\u00f3rias e antimicrobianas para a pele, complementado pelo bicarbonato de s\u00f3dio que ajuda na neutraliza\u00e7\u00e3o de odores.","robots":{"index":"index","follow":"follow","max-snippet":"max-snippet:-1","max-image-preview":"max-image-preview:large","max-video-preview":"max-video-preview:-1"},"canonical":"https:\/\/aguamole.pt\/index.php\/product\/solid-deodorant\/","og_locale":"pt_PT","og_type":"article","og_title":"Desodorizante s\u00f3lido - \u00e1gua mole","og_description":"Desodorizante s\u00f3lido \u00e0 base de \u00f3leo de c\u00f4co, um \u00f3leo nobre e nutritivo com propriedades anti-inflamat\u00f3rias e antimicrobianas para a pele, complementado pelo bicarbonato de s\u00f3dio que ajuda na neutraliza\u00e7\u00e3o de odores.","og_url":"https:\/\/aguamole.pt\/index.php\/product\/solid-deodorant\/","og_site_name":"\u00e1gua mole","article_publisher":"https:\/\/www.facebook.com\/agua.mole.essencia","article_modified_time":"2026-03-27T16:54:09+00:00","og_image":[{"width":896,"height":1024,"url":"https:\/\/aguamole.pt\/wp-content\/uploads\/2020\/08\/DS_Ambiente_novo-896x1024.png","type":"image\/png"}],"twitter_card":"summary_large_image","twitter_misc":{"Tempo estimado de leitura":"1 minuto"},"schema":{"@context":"https:\/\/schema.org","@graph":[{"@type":"WebPage","@id":"https:\/\/aguamole.pt\/index.php\/product\/solid-deodorant\/","url":"https:\/\/aguamole.pt\/index.php\/product\/solid-deodorant\/","name":"Desodorizante s\u00f3lido - \u00e1gua mole","isPartOf":{"@id":"https:\/\/aguamole.pt\/#website"},"primaryImageOfPage":{"@id":"https:\/\/aguamole.pt\/index.php\/product\/solid-deodorant\/#primaryimage"},"image":{"@id":"https:\/\/aguamole.pt\/index.php\/product\/solid-deodorant\/#primaryimage"},"thumbnailUrl":"https:\/\/aguamole.pt\/wp-content\/uploads\/2020\/08\/DS_Ambiente_novo.png","datePublished":"2020-08-04T11:47:13+00:00","dateModified":"2026-03-27T16:54:09+00:00","description":"Desodorizante s\u00f3lido \u00e0 base de \u00f3leo de c\u00f4co, um \u00f3leo nobre e nutritivo com propriedades anti-inflamat\u00f3rias e antimicrobianas para a pele, complementado pelo bicarbonato de s\u00f3dio que ajuda na neutraliza\u00e7\u00e3o de odores.","breadcrumb":{"@id":"https:\/\/aguamole.pt\/index.php\/product\/solid-deodorant\/#breadcrumb"},"inLanguage":"pt-PT","potentialAction":[{"@type":"ReadAction","target":["https:\/\/aguamole.pt\/index.php\/product\/solid-deodorant\/"]}]},{"@type":"ImageObject","inLanguage":"pt-PT","@id":"https:\/\/aguamole.pt\/index.php\/product\/solid-deodorant\/#primaryimage","url":"https:\/\/aguamole.pt\/wp-content\/uploads\/2020\/08\/DS_Ambiente_novo.png","contentUrl":"https:\/\/aguamole.pt\/wp-content\/uploads\/2020\/08\/DS_Ambiente_novo.png","width":1400,"height":1600},{"@type":"BreadcrumbList","@id":"https:\/\/aguamole.pt\/index.php\/product\/solid-deodorant\/#breadcrumb","itemListElement":[{"@type":"ListItem","position":1,"name":"Home","item":"https:\/\/aguamole.pt\/"},{"@type":"ListItem","position":2,"name":"Loja","item":"https:\/\/aguamole.pt\/index.php\/shop\/"},{"@type":"ListItem","position":3,"name":"Desodorizante s\u00f3lido"}]},{"@type":"WebSite","@id":"https:\/\/aguamole.pt\/#website","url":"https:\/\/aguamole.pt\/","name":"\u00e1gua mole","description":"Produtos de bem-estar naturais para o corpo e para a casa","publisher":{"@id":"https:\/\/aguamole.pt\/#organization"},"potentialAction":[{"@type":"SearchAction","target":{"@type":"EntryPoint","urlTemplate":"https:\/\/aguamole.pt\/?s={search_term_string}"},"query-input":{"@type":"PropertyValueSpecification","valueRequired":true,"valueName":"search_term_string"}}],"inLanguage":"pt-PT"},{"@type":"Organization","@id":"https:\/\/aguamole.pt\/#organization","name":"\u00e1gua mole","url":"https:\/\/aguamole.pt\/","logo":{"@type":"ImageObject","inLanguage":"pt-PT","@id":"https:\/\/aguamole.pt\/#\/schema\/logo\/image\/","url":"https:\/\/aguamole.pt\/wp-content\/uploads\/2020\/09\/logo_straight-01.png","contentUrl":"https:\/\/aguamole.pt\/wp-content\/uploads\/2020\/09\/logo_straight-01.png","width":129,"height":25,"caption":"\u00e1gua mole"},"image":{"@id":"https:\/\/aguamole.pt\/#\/schema\/logo\/image\/"},"sameAs":["https:\/\/www.facebook.com\/agua.mole.essencia","https:\/\/www.instagram.com\/agua.mole\/"]}]}},"jetpack_sharing_enabled":true,"_links":{"self":[{"href":"https:\/\/aguamole.pt\/index.php\/wp-json\/wp\/v2\/product\/1452","targetHints":{"allow":["GET"]}}],"collection":[{"href":"https:\/\/aguamole.pt\/index.php\/wp-json\/wp\/v2\/product"}],"about":[{"href":"https:\/\/aguamole.pt\/index.php\/wp-json\/wp\/v2\/types\/product"}],"replies":[{"embeddable":true,"href":"https:\/\/aguamole.pt\/index.php\/wp-json\/wp\/v2\/comments?post=1452"}],"version-history":[{"count":3,"href":"https:\/\/aguamole.pt\/index.php\/wp-json\/wp\/v2\/product\/1452\/revisions"}],"predecessor-version":[{"id":4091,"href":"https:\/\/aguamole.pt\/index.php\/wp-json\/wp\/v2\/product\/1452\/revisions\/4091"}],"wp:featuredmedia":[{"embeddable":true,"href":"https:\/\/aguamole.pt\/index.php\/wp-json\/wp\/v2\/media\/4090"}],"wp:attachment":[{"href":"https:\/\/aguamole.pt\/index.php\/wp-json\/wp\/v2\/media?parent=1452"}],"wp:term":[{"taxonomy":"product_brand","embeddable":true,"href":"https:\/\/aguamole.pt\/index.php\/wp-json\/wp\/v2\/product_brand?post=1452"},{"taxonomy":"product_cat","embeddable":true,"href":"https:\/\/aguamole.pt\/index.php\/wp-json\/wp\/v2\/product_cat?post=1452"},{"taxonomy":"product_tag","embeddable":true,"href":"https:\/\/aguamole.pt\/index.php\/wp-json\/wp\/v2\/product_tag?post=1452"}],"curies":[{"name":"wp","href":"https:\/\/api.w.org\/{rel}","templated":true}]}}