{"id":1463,"date":"2020-08-04T11:48:16","date_gmt":"2020-08-04T11:48:16","guid":{"rendered":"https:\/\/aguamole.pt\/index.php\/product\/creme-hidratante-termal\/"},"modified":"2026-03-22T14:19:06","modified_gmt":"2026-03-22T14:19:06","slug":"thermal-cream","status":"publish","type":"product","link":"https:\/\/aguamole.pt\/index.php\/product\/thermal-cream\/","title":{"rendered":"Creme Hidratante Termal"},"content":{"rendered":"<p><strong>Ingredientes Ativos<\/strong><br \/>\n\u00c1gua termal<br \/>\n\u00d3leo de Arg\u00e3o<br \/>\nManteiga de Karit\u00e9<br \/>\n\u00d3leo de Am\u00eandoas Doces<\/p>\n<p><strong>Origem da \u00e1gua e Ph<br \/>\n<\/strong>Ph11<br \/>\nTermas da Sulf\u00farea, Cabe\u00e7o-de-Vide<\/p>\n<p class=\"p1\"><span class=\"s1\"><b>Informa\u00e7\u00f5es<\/b><\/span><span class=\"s1\"><br \/>\n<\/span><span class=\"s1\">Uso externo apenas. Evitar contacto com os olhos, mucosas ou pele irritada. Em caso de reac\u00e7\u00e3o, descontinuar uso.<\/span><\/p>\n<p class=\"p1\"><span class=\"s1\">Os nossos produtos s\u00e3o feitos \u00e0 m\u00e3o em pequenos lotes, pelo que ir\u00e3o ocorrer diferencia\u00e7\u00f5es m\u00ednimas na sua forma, packaging e cor.<\/span><\/p>\n","protected":false},"excerpt":{"rendered":"<p><span data-sheets-value=\"{&quot;1&quot;:2,&quot;2&quot;:&quot;Creme hidratante \u00e0 base \u00e1gua termal, \u00f3leo de arg\u00e3o e manteiga de karit\u00e9 para uma hidrata\u00e7\u00e3o e repara\u00e7\u00e3o profunda com efeitos duradouros.\\nA predomin\u00e2ncia da \u00e1gua na sua composi\u00e7\u00e3o, faz do nosso creme um produto vers\u00e1til tanto para peles secas como oleosas. Pode ser aplicado tanto na cara como no corpo. Como \u00e9 um creme \u00e0 base de \u00e1gua, n\u00e3o necessita de aplicar muita quantidade. \\nSugest\u00e3o de utiliza\u00e7\u00e3o limpeza facial\\nFazer a limpeza com o sabonete termal de manh\u00e3 e \u00e0 noite. Secar a pele e, de seguida, aplicar o creme.&quot;}\" data-sheets-userformat=\"{&quot;2&quot;:15295,&quot;3&quot;:{&quot;1&quot;:0},&quot;4&quot;:{&quot;1&quot;:2,&quot;2&quot;:13689059},&quot;5&quot;:{&quot;1&quot;:[{&quot;1&quot;:2,&quot;2&quot;:0,&quot;5&quot;:{&quot;1&quot;:2,&quot;2&quot;:0}},{&quot;1&quot;:0,&quot;2&quot;:0,&quot;3&quot;:3},{&quot;1&quot;:1,&quot;2&quot;:0,&quot;4&quot;:1}]},&quot;6&quot;:{&quot;1&quot;:[{&quot;1&quot;:2,&quot;2&quot;:0,&quot;5&quot;:{&quot;1&quot;:2,&quot;2&quot;:0}},{&quot;1&quot;:0,&quot;2&quot;:0,&quot;3&quot;:3},{&quot;1&quot;:1,&quot;2&quot;:0,&quot;4&quot;:1}]},&quot;7&quot;:{&quot;1&quot;:[{&quot;1&quot;:2,&quot;2&quot;:0,&quot;5&quot;:{&quot;1&quot;:2,&quot;2&quot;:0}},{&quot;1&quot;:0,&quot;2&quot;:0,&quot;3&quot;:3},{&quot;1&quot;:1,&quot;2&quot;:0,&quot;4&quot;:1}]},&quot;8&quot;:{&quot;1&quot;:[{&quot;1&quot;:2,&quot;2&quot;:0,&quot;5&quot;:{&quot;1&quot;:2,&quot;2&quot;:0}},{&quot;1&quot;:0,&quot;2&quot;:0,&quot;3&quot;:3},{&quot;1&quot;:1,&quot;2&quot;:0,&quot;4&quot;:1}]},&quot;10&quot;:0,&quot;11&quot;:4,&quot;12&quot;:0,&quot;14&quot;:{&quot;1&quot;:2,&quot;2&quot;:0},&quot;15&quot;:&quot;Arial&quot;,&quot;16&quot;:10}\" data-sheets-textstyleruns=\"{&quot;1&quot;:0}\uee10{&quot;1&quot;:379,&quot;2&quot;:{&quot;5&quot;:1}}\uee10{&quot;1&quot;:417}\">Creme hidratante \u00e0 base \u00e1gua termal, \u00f3leo de arg\u00e3o e manteiga de karit\u00e9 para uma hidrata\u00e7\u00e3o e repara\u00e7\u00e3o profunda com efeitos duradouros.<br \/>\nA predomin\u00e2ncia da \u00e1gua na sua composi\u00e7\u00e3o, faz do nosso creme um produto vers\u00e1til tanto para peles secas como oleosas. Pode ser aplicado tanto na cara como no corpo. Como \u00e9 um creme \u00e0 base de \u00e1gua, n\u00e3o necessita de aplicar muita quantidade. <\/span><\/p>\n<p><strong>Vegan<br \/>\nAprox. 100gr.<\/strong><\/p>\n<p><span data-sheets-value=\"{&quot;1&quot;:2,&quot;2&quot;:&quot;Creme hidratante \u00e0 base \u00e1gua termal, \u00f3leo de arg\u00e3o e manteiga de karit\u00e9 para uma hidrata\u00e7\u00e3o e repara\u00e7\u00e3o profunda com efeitos duradouros.\\nA predomin\u00e2ncia da \u00e1gua na sua composi\u00e7\u00e3o, faz do nosso creme um produto vers\u00e1til tanto para peles secas como oleosas. Pode ser aplicado tanto na cara como no corpo. Como \u00e9 um creme \u00e0 base de \u00e1gua, n\u00e3o necessita de aplicar muita quantidade. \\nSugest\u00e3o de utiliza\u00e7\u00e3o limpeza facial\\nFazer a limpeza com o sabonete termal de manh\u00e3 e \u00e0 noite. Secar a pele e, de seguida, aplicar o creme.&quot;}\" data-sheets-userformat=\"{&quot;2&quot;:15295,&quot;3&quot;:{&quot;1&quot;:0},&quot;4&quot;:{&quot;1&quot;:2,&quot;2&quot;:13689059},&quot;5&quot;:{&quot;1&quot;:[{&quot;1&quot;:2,&quot;2&quot;:0,&quot;5&quot;:{&quot;1&quot;:2,&quot;2&quot;:0}},{&quot;1&quot;:0,&quot;2&quot;:0,&quot;3&quot;:3},{&quot;1&quot;:1,&quot;2&quot;:0,&quot;4&quot;:1}]},&quot;6&quot;:{&quot;1&quot;:[{&quot;1&quot;:2,&quot;2&quot;:0,&quot;5&quot;:{&quot;1&quot;:2,&quot;2&quot;:0}},{&quot;1&quot;:0,&quot;2&quot;:0,&quot;3&quot;:3},{&quot;1&quot;:1,&quot;2&quot;:0,&quot;4&quot;:1}]},&quot;7&quot;:{&quot;1&quot;:[{&quot;1&quot;:2,&quot;2&quot;:0,&quot;5&quot;:{&quot;1&quot;:2,&quot;2&quot;:0}},{&quot;1&quot;:0,&quot;2&quot;:0,&quot;3&quot;:3},{&quot;1&quot;:1,&quot;2&quot;:0,&quot;4&quot;:1}]},&quot;8&quot;:{&quot;1&quot;:[{&quot;1&quot;:2,&quot;2&quot;:0,&quot;5&quot;:{&quot;1&quot;:2,&quot;2&quot;:0}},{&quot;1&quot;:0,&quot;2&quot;:0,&quot;3&quot;:3},{&quot;1&quot;:1,&quot;2&quot;:0,&quot;4&quot;:1}]},&quot;10&quot;:0,&quot;11&quot;:4,&quot;12&quot;:0,&quot;14&quot;:{&quot;1&quot;:2,&quot;2&quot;:0},&quot;15&quot;:&quot;Arial&quot;,&quot;16&quot;:10}\" data-sheets-textstyleruns=\"{&quot;1&quot;:0}\uee10{&quot;1&quot;:379,&quot;2&quot;:{&quot;5&quot;:1}}\uee10{&quot;1&quot;:417}\"><br \/>\n<strong>Sugest\u00e3o de utiliza\u00e7\u00e3o limpeza facial:<\/strong><br \/>\nFazer a limpeza com o sabonete termal de manh\u00e3 e \u00e0 noite.<br \/>\nSecar a pele e, de seguida, aplicar o creme.<\/span><\/p>\n","protected":false},"featured_media":2194,"comment_status":"open","ping_status":"closed","template":"","meta":[],"product_brand":[],"product_cat":[97,186],"product_tag":[135,136,124,176,177],"class_list":{"0":"post-1463","1":"product","2":"type-product","3":"status-publish","4":"has-post-thumbnail","6":"product_cat-collection-pura","7":"product_cat-body","8":"product_tag-body","9":"product_tag-corpo","10":"product_tag-cream","11":"product_tag-termal","12":"product_tag-thermal","14":"first","15":"instock","16":"taxable","17":"shipping-taxable","18":"purchasable","19":"product-type-variable"},"yoast_head":"<!-- This site is optimized with the Yoast SEO plugin v27.0 - https:\/\/yoast.com\/product\/yoast-seo-wordpress\/ -->\n<title>Creme Hidratante Termal - \u00e1gua mole<\/title>\n<meta name=\"description\" content=\"Creme hidratante \u00e0 base \u00e1gua termal, \u00f3leo de arg\u00e3o e manteiga de karit\u00e9 para uma hidrata\u00e7\u00e3o e repara\u00e7\u00e3o profunda com efeitos duradouros.\" \/>\n<meta name=\"robots\" content=\"index, follow, max-snippet:-1, max-image-preview:large, max-video-preview:-1\" \/>\n<link rel=\"canonical\" href=\"https:\/\/aguamole.pt\/index.php\/product\/thermal-cream\/\" \/>\n<meta property=\"og:locale\" content=\"pt_PT\" \/>\n<meta property=\"og:type\" content=\"article\" \/>\n<meta property=\"og:title\" content=\"Creme Hidratante Termal - \u00e1gua mole\" \/>\n<meta property=\"og:description\" content=\"Creme hidratante \u00e0 base \u00e1gua termal, \u00f3leo de arg\u00e3o e manteiga de karit\u00e9 para uma hidrata\u00e7\u00e3o e repara\u00e7\u00e3o profunda com efeitos duradouros.\" \/>\n<meta property=\"og:url\" content=\"https:\/\/aguamole.pt\/index.php\/product\/thermal-cream\/\" \/>\n<meta property=\"og:site_name\" content=\"\u00e1gua mole\" \/>\n<meta property=\"article:publisher\" content=\"https:\/\/www.facebook.com\/agua.mole.essencia\" \/>\n<meta property=\"article:modified_time\" content=\"2026-03-22T14:19:06+00:00\" \/>\n<meta property=\"og:image\" content=\"https:\/\/aguamole.pt\/wp-content\/uploads\/2020\/08\/PCH_all.jpg\" \/>\n\t<meta property=\"og:image:width\" content=\"1400\" \/>\n\t<meta property=\"og:image:height\" content=\"1600\" \/>\n\t<meta property=\"og:image:type\" content=\"image\/jpeg\" \/>\n<meta name=\"twitter:card\" content=\"summary_large_image\" \/>\n<meta name=\"twitter:label1\" content=\"Tempo estimado de leitura\" \/>\n\t<meta name=\"twitter:data1\" content=\"1 minuto\" \/>\n<script type=\"application\/ld+json\" class=\"yoast-schema-graph\">{\"@context\":\"https:\/\/schema.org\",\"@graph\":[{\"@type\":\"WebPage\",\"@id\":\"https:\/\/aguamole.pt\/index.php\/product\/thermal-cream\/\",\"url\":\"https:\/\/aguamole.pt\/index.php\/product\/thermal-cream\/\",\"name\":\"Creme Hidratante Termal - \u00e1gua mole\",\"isPartOf\":{\"@id\":\"https:\/\/aguamole.pt\/#website\"},\"primaryImageOfPage\":{\"@id\":\"https:\/\/aguamole.pt\/index.php\/product\/thermal-cream\/#primaryimage\"},\"image\":{\"@id\":\"https:\/\/aguamole.pt\/index.php\/product\/thermal-cream\/#primaryimage\"},\"thumbnailUrl\":\"https:\/\/aguamole.pt\/wp-content\/uploads\/2020\/08\/PCH_all.jpg\",\"datePublished\":\"2020-08-04T11:48:16+00:00\",\"dateModified\":\"2026-03-22T14:19:06+00:00\",\"description\":\"Creme hidratante \u00e0 base \u00e1gua termal, \u00f3leo de arg\u00e3o e manteiga de karit\u00e9 para uma hidrata\u00e7\u00e3o e repara\u00e7\u00e3o profunda com efeitos duradouros.\",\"breadcrumb\":{\"@id\":\"https:\/\/aguamole.pt\/index.php\/product\/thermal-cream\/#breadcrumb\"},\"inLanguage\":\"pt-PT\",\"potentialAction\":[{\"@type\":\"ReadAction\",\"target\":[\"https:\/\/aguamole.pt\/index.php\/product\/thermal-cream\/\"]}]},{\"@type\":\"ImageObject\",\"inLanguage\":\"pt-PT\",\"@id\":\"https:\/\/aguamole.pt\/index.php\/product\/thermal-cream\/#primaryimage\",\"url\":\"https:\/\/aguamole.pt\/wp-content\/uploads\/2020\/08\/PCH_all.jpg\",\"contentUrl\":\"https:\/\/aguamole.pt\/wp-content\/uploads\/2020\/08\/PCH_all.jpg\",\"width\":1400,\"height\":1600},{\"@type\":\"BreadcrumbList\",\"@id\":\"https:\/\/aguamole.pt\/index.php\/product\/thermal-cream\/#breadcrumb\",\"itemListElement\":[{\"@type\":\"ListItem\",\"position\":1,\"name\":\"Home\",\"item\":\"https:\/\/aguamole.pt\/\"},{\"@type\":\"ListItem\",\"position\":2,\"name\":\"Loja\",\"item\":\"https:\/\/aguamole.pt\/index.php\/shop\/\"},{\"@type\":\"ListItem\",\"position\":3,\"name\":\"Creme Hidratante Termal\"}]},{\"@type\":\"WebSite\",\"@id\":\"https:\/\/aguamole.pt\/#website\",\"url\":\"https:\/\/aguamole.pt\/\",\"name\":\"\u00e1gua mole\",\"description\":\"Produtos de bem-estar naturais para o corpo e para a casa\",\"publisher\":{\"@id\":\"https:\/\/aguamole.pt\/#organization\"},\"potentialAction\":[{\"@type\":\"SearchAction\",\"target\":{\"@type\":\"EntryPoint\",\"urlTemplate\":\"https:\/\/aguamole.pt\/?s={search_term_string}\"},\"query-input\":{\"@type\":\"PropertyValueSpecification\",\"valueRequired\":true,\"valueName\":\"search_term_string\"}}],\"inLanguage\":\"pt-PT\"},{\"@type\":\"Organization\",\"@id\":\"https:\/\/aguamole.pt\/#organization\",\"name\":\"\u00e1gua mole\",\"url\":\"https:\/\/aguamole.pt\/\",\"logo\":{\"@type\":\"ImageObject\",\"inLanguage\":\"pt-PT\",\"@id\":\"https:\/\/aguamole.pt\/#\/schema\/logo\/image\/\",\"url\":\"https:\/\/aguamole.pt\/wp-content\/uploads\/2020\/09\/logo_straight-01.png\",\"contentUrl\":\"https:\/\/aguamole.pt\/wp-content\/uploads\/2020\/09\/logo_straight-01.png\",\"width\":129,\"height\":25,\"caption\":\"\u00e1gua mole\"},\"image\":{\"@id\":\"https:\/\/aguamole.pt\/#\/schema\/logo\/image\/\"},\"sameAs\":[\"https:\/\/www.facebook.com\/agua.mole.essencia\",\"https:\/\/www.instagram.com\/agua.mole\/\"]}]}<\/script>\n<!-- \/ Yoast SEO plugin. -->","yoast_head_json":{"title":"Creme Hidratante Termal - \u00e1gua mole","description":"Creme hidratante \u00e0 base \u00e1gua termal, \u00f3leo de arg\u00e3o e manteiga de karit\u00e9 para uma hidrata\u00e7\u00e3o e repara\u00e7\u00e3o profunda com efeitos duradouros.","robots":{"index":"index","follow":"follow","max-snippet":"max-snippet:-1","max-image-preview":"max-image-preview:large","max-video-preview":"max-video-preview:-1"},"canonical":"https:\/\/aguamole.pt\/index.php\/product\/thermal-cream\/","og_locale":"pt_PT","og_type":"article","og_title":"Creme Hidratante Termal - \u00e1gua mole","og_description":"Creme hidratante \u00e0 base \u00e1gua termal, \u00f3leo de arg\u00e3o e manteiga de karit\u00e9 para uma hidrata\u00e7\u00e3o e repara\u00e7\u00e3o profunda com efeitos duradouros.","og_url":"https:\/\/aguamole.pt\/index.php\/product\/thermal-cream\/","og_site_name":"\u00e1gua mole","article_publisher":"https:\/\/www.facebook.com\/agua.mole.essencia","article_modified_time":"2026-03-22T14:19:06+00:00","og_image":[{"width":1400,"height":1600,"url":"https:\/\/aguamole.pt\/wp-content\/uploads\/2020\/08\/PCH_all.jpg","type":"image\/jpeg"}],"twitter_card":"summary_large_image","twitter_misc":{"Tempo estimado de leitura":"1 minuto"},"schema":{"@context":"https:\/\/schema.org","@graph":[{"@type":"WebPage","@id":"https:\/\/aguamole.pt\/index.php\/product\/thermal-cream\/","url":"https:\/\/aguamole.pt\/index.php\/product\/thermal-cream\/","name":"Creme Hidratante Termal - \u00e1gua mole","isPartOf":{"@id":"https:\/\/aguamole.pt\/#website"},"primaryImageOfPage":{"@id":"https:\/\/aguamole.pt\/index.php\/product\/thermal-cream\/#primaryimage"},"image":{"@id":"https:\/\/aguamole.pt\/index.php\/product\/thermal-cream\/#primaryimage"},"thumbnailUrl":"https:\/\/aguamole.pt\/wp-content\/uploads\/2020\/08\/PCH_all.jpg","datePublished":"2020-08-04T11:48:16+00:00","dateModified":"2026-03-22T14:19:06+00:00","description":"Creme hidratante \u00e0 base \u00e1gua termal, \u00f3leo de arg\u00e3o e manteiga de karit\u00e9 para uma hidrata\u00e7\u00e3o e repara\u00e7\u00e3o profunda com efeitos duradouros.","breadcrumb":{"@id":"https:\/\/aguamole.pt\/index.php\/product\/thermal-cream\/#breadcrumb"},"inLanguage":"pt-PT","potentialAction":[{"@type":"ReadAction","target":["https:\/\/aguamole.pt\/index.php\/product\/thermal-cream\/"]}]},{"@type":"ImageObject","inLanguage":"pt-PT","@id":"https:\/\/aguamole.pt\/index.php\/product\/thermal-cream\/#primaryimage","url":"https:\/\/aguamole.pt\/wp-content\/uploads\/2020\/08\/PCH_all.jpg","contentUrl":"https:\/\/aguamole.pt\/wp-content\/uploads\/2020\/08\/PCH_all.jpg","width":1400,"height":1600},{"@type":"BreadcrumbList","@id":"https:\/\/aguamole.pt\/index.php\/product\/thermal-cream\/#breadcrumb","itemListElement":[{"@type":"ListItem","position":1,"name":"Home","item":"https:\/\/aguamole.pt\/"},{"@type":"ListItem","position":2,"name":"Loja","item":"https:\/\/aguamole.pt\/index.php\/shop\/"},{"@type":"ListItem","position":3,"name":"Creme Hidratante Termal"}]},{"@type":"WebSite","@id":"https:\/\/aguamole.pt\/#website","url":"https:\/\/aguamole.pt\/","name":"\u00e1gua mole","description":"Produtos de bem-estar naturais para o corpo e para a casa","publisher":{"@id":"https:\/\/aguamole.pt\/#organization"},"potentialAction":[{"@type":"SearchAction","target":{"@type":"EntryPoint","urlTemplate":"https:\/\/aguamole.pt\/?s={search_term_string}"},"query-input":{"@type":"PropertyValueSpecification","valueRequired":true,"valueName":"search_term_string"}}],"inLanguage":"pt-PT"},{"@type":"Organization","@id":"https:\/\/aguamole.pt\/#organization","name":"\u00e1gua mole","url":"https:\/\/aguamole.pt\/","logo":{"@type":"ImageObject","inLanguage":"pt-PT","@id":"https:\/\/aguamole.pt\/#\/schema\/logo\/image\/","url":"https:\/\/aguamole.pt\/wp-content\/uploads\/2020\/09\/logo_straight-01.png","contentUrl":"https:\/\/aguamole.pt\/wp-content\/uploads\/2020\/09\/logo_straight-01.png","width":129,"height":25,"caption":"\u00e1gua mole"},"image":{"@id":"https:\/\/aguamole.pt\/#\/schema\/logo\/image\/"},"sameAs":["https:\/\/www.facebook.com\/agua.mole.essencia","https:\/\/www.instagram.com\/agua.mole\/"]}]}},"jetpack_sharing_enabled":true,"_links":{"self":[{"href":"https:\/\/aguamole.pt\/index.php\/wp-json\/wp\/v2\/product\/1463","targetHints":{"allow":["GET"]}}],"collection":[{"href":"https:\/\/aguamole.pt\/index.php\/wp-json\/wp\/v2\/product"}],"about":[{"href":"https:\/\/aguamole.pt\/index.php\/wp-json\/wp\/v2\/types\/product"}],"replies":[{"embeddable":true,"href":"https:\/\/aguamole.pt\/index.php\/wp-json\/wp\/v2\/comments?post=1463"}],"version-history":[{"count":1,"href":"https:\/\/aguamole.pt\/index.php\/wp-json\/wp\/v2\/product\/1463\/revisions"}],"predecessor-version":[{"id":2576,"href":"https:\/\/aguamole.pt\/index.php\/wp-json\/wp\/v2\/product\/1463\/revisions\/2576"}],"wp:featuredmedia":[{"embeddable":true,"href":"https:\/\/aguamole.pt\/index.php\/wp-json\/wp\/v2\/media\/2194"}],"wp:attachment":[{"href":"https:\/\/aguamole.pt\/index.php\/wp-json\/wp\/v2\/media?parent=1463"}],"wp:term":[{"taxonomy":"product_brand","embeddable":true,"href":"https:\/\/aguamole.pt\/index.php\/wp-json\/wp\/v2\/product_brand?post=1463"},{"taxonomy":"product_cat","embeddable":true,"href":"https:\/\/aguamole.pt\/index.php\/wp-json\/wp\/v2\/product_cat?post=1463"},{"taxonomy":"product_tag","embeddable":true,"href":"https:\/\/aguamole.pt\/index.php\/wp-json\/wp\/v2\/product_tag?post=1463"}],"curies":[{"name":"wp","href":"https:\/\/api.w.org\/{rel}","templated":true}]}}