{"id":1657,"date":"2020-08-08T12:00:59","date_gmt":"2020-08-08T12:00:59","guid":{"rendered":"https:\/\/aguamole.pt\/?post_type=product&#038;p=1657"},"modified":"2026-03-22T18:18:05","modified_gmt":"2026-03-22T18:18:05","slug":"wooden-air-freshener","status":"publish","type":"product","link":"https:\/\/aguamole.pt\/index.php\/product\/wooden-air-freshener\/","title":{"rendered":"Ambientador em Madeira"},"content":{"rendered":"<p><strong>Fragr\u00e2ncias dispon\u00edveis<br \/>\n<\/strong>Tons frescos &#8211; V\u00e9ritas e Lim\u00e3o ou Ger\u00e2nium<br \/>\nTons florais &#8211; Rosa e Jasmim, Jasmim, Lavanda ou Figo<br \/>\nTons quentes &#8211; Laranja e Canela, Cravo e Canela, Rom\u00e3 ou Baunilha<\/p>\n<p><strong>Informa\u00e7\u00f5es<br \/>\n<\/strong><span data-sheets-value=\"{&quot;1&quot;:2,&quot;2&quot;:&quot;Uso externo apenas. Evitar contacto com os olhos, mucosas ou pele irritada. Em caso de reac\u00e7\u00e3o, descontinuar uso.\\nOs nossos produtos s\u00e3o feitos \u00e0 m\u00e3o em pequenos lotes, pelo que ir\u00e3o ocorrer diferencia\u00e7\u00f5es m\u00ednimas na sua forma, packaging e cor.&quot;}\" data-sheets-userformat=\"{&quot;2&quot;:15293,&quot;3&quot;:{&quot;1&quot;:0},&quot;5&quot;:{&quot;1&quot;:[{&quot;1&quot;:2,&quot;2&quot;:0,&quot;5&quot;:{&quot;1&quot;:2,&quot;2&quot;:0}},{&quot;1&quot;:0,&quot;2&quot;:0,&quot;3&quot;:3},{&quot;1&quot;:1,&quot;2&quot;:0,&quot;4&quot;:1}]},&quot;6&quot;:{&quot;1&quot;:[{&quot;1&quot;:2,&quot;2&quot;:0,&quot;5&quot;:{&quot;1&quot;:2,&quot;2&quot;:0}},{&quot;1&quot;:0,&quot;2&quot;:0,&quot;3&quot;:3},{&quot;1&quot;:1,&quot;2&quot;:0,&quot;4&quot;:1}]},&quot;7&quot;:{&quot;1&quot;:[{&quot;1&quot;:2,&quot;2&quot;:0,&quot;5&quot;:{&quot;1&quot;:2,&quot;2&quot;:0}},{&quot;1&quot;:0,&quot;2&quot;:0,&quot;3&quot;:3},{&quot;1&quot;:1,&quot;2&quot;:0,&quot;4&quot;:1}]},&quot;8&quot;:{&quot;1&quot;:[{&quot;1&quot;:2,&quot;2&quot;:0,&quot;5&quot;:{&quot;1&quot;:2,&quot;2&quot;:0}},{&quot;1&quot;:0,&quot;2&quot;:0,&quot;3&quot;:3},{&quot;1&quot;:1,&quot;2&quot;:0,&quot;4&quot;:1}]},&quot;10&quot;:0,&quot;11&quot;:4,&quot;12&quot;:0,&quot;14&quot;:{&quot;1&quot;:2,&quot;2&quot;:0},&quot;15&quot;:&quot;Arial&quot;,&quot;16&quot;:9}\">Uso externo apenas.<br \/>\nOs nossos produtos s\u00e3o feitos \u00e0 m\u00e3o em pequenos lotes, pelo que ir\u00e3o ocorrer diferencia\u00e7\u00f5es m\u00ednimas na sua forma, packaging e cor.<\/span><\/p>\n","protected":false},"excerpt":{"rendered":"<p>Ambientador em madeira \u00f3ptimo para espa\u00e7os pequenos com uma durabilidade razo\u00e1vel, como carros, roupeiros ou c\u00f3modas.<\/p>\n<p><strong>Como usar:<\/strong><br \/>\nPendure o ambientador no espa\u00e7o que pretende. Ap\u00f3s perder o cheiro, aplique o \u00f3leo essencial \u00e0 sua escolha at\u00e9 cobrir toda a madeira.<\/p>\n","protected":false},"featured_media":3724,"comment_status":"open","ping_status":"closed","template":"","meta":[],"product_brand":[],"product_cat":[179,189,188],"product_tag":[130,145,146,144,154,95],"class_list":{"0":"post-1657","1":"product","2":"type-product","3":"status-publish","4":"has-post-thumbnail","6":"product_cat-accessories","7":"product_cat-collection-aguamole","8":"product_cat-spaces","9":"product_tag-air-freshener","10":"product_tag-casa","11":"product_tag-espacos","12":"product_tag-home","13":"product_tag-spaces","14":"product_tag-wood","16":"first","17":"instock","18":"taxable","19":"shipping-taxable","20":"purchasable","21":"product-type-variable"},"yoast_head":"<!-- This site is optimized with the Yoast SEO plugin v27.0 - https:\/\/yoast.com\/product\/yoast-seo-wordpress\/ -->\n<title>Ambientador em Madeira - \u00e1gua mole<\/title>\n<meta name=\"description\" content=\"Ambientador em madeira \u00f3ptimo para espa\u00e7os pequenos com uma durabilidade razo\u00e1vel, como carros, roupeiros ou c\u00f3modas.\" \/>\n<meta name=\"robots\" content=\"index, follow, max-snippet:-1, max-image-preview:large, max-video-preview:-1\" \/>\n<link rel=\"canonical\" href=\"https:\/\/aguamole.pt\/index.php\/product\/wooden-air-freshener\/\" \/>\n<meta property=\"og:locale\" content=\"pt_PT\" \/>\n<meta property=\"og:type\" content=\"article\" \/>\n<meta property=\"og:title\" content=\"Ambientador em Madeira - \u00e1gua mole\" \/>\n<meta property=\"og:description\" content=\"Ambientador em madeira \u00f3ptimo para espa\u00e7os pequenos com uma durabilidade razo\u00e1vel, como carros, roupeiros ou c\u00f3modas.\" \/>\n<meta property=\"og:url\" content=\"https:\/\/aguamole.pt\/index.php\/product\/wooden-air-freshener\/\" \/>\n<meta property=\"og:site_name\" content=\"\u00e1gua mole\" \/>\n<meta property=\"article:publisher\" content=\"https:\/\/www.facebook.com\/agua.mole.essencia\" \/>\n<meta property=\"article:modified_time\" content=\"2026-03-22T18:18:05+00:00\" \/>\n<meta property=\"og:image\" content=\"https:\/\/aguamole.pt\/wp-content\/uploads\/2020\/08\/am_shop_1-896x1024.png\" \/>\n\t<meta property=\"og:image:width\" content=\"896\" \/>\n\t<meta property=\"og:image:height\" content=\"1024\" \/>\n\t<meta property=\"og:image:type\" content=\"image\/png\" \/>\n<meta name=\"twitter:card\" content=\"summary_large_image\" \/>\n<meta name=\"twitter:label1\" content=\"Tempo estimado de leitura\" \/>\n\t<meta name=\"twitter:data1\" content=\"1 minuto\" \/>\n<script type=\"application\/ld+json\" class=\"yoast-schema-graph\">{\"@context\":\"https:\/\/schema.org\",\"@graph\":[{\"@type\":\"WebPage\",\"@id\":\"https:\/\/aguamole.pt\/index.php\/product\/wooden-air-freshener\/\",\"url\":\"https:\/\/aguamole.pt\/index.php\/product\/wooden-air-freshener\/\",\"name\":\"Ambientador em Madeira - \u00e1gua mole\",\"isPartOf\":{\"@id\":\"https:\/\/aguamole.pt\/#website\"},\"primaryImageOfPage\":{\"@id\":\"https:\/\/aguamole.pt\/index.php\/product\/wooden-air-freshener\/#primaryimage\"},\"image\":{\"@id\":\"https:\/\/aguamole.pt\/index.php\/product\/wooden-air-freshener\/#primaryimage\"},\"thumbnailUrl\":\"https:\/\/aguamole.pt\/wp-content\/uploads\/2020\/08\/am_shop_1.png\",\"datePublished\":\"2020-08-08T12:00:59+00:00\",\"dateModified\":\"2026-03-22T18:18:05+00:00\",\"description\":\"Ambientador em madeira \u00f3ptimo para espa\u00e7os pequenos com uma durabilidade razo\u00e1vel, como carros, roupeiros ou c\u00f3modas.\",\"breadcrumb\":{\"@id\":\"https:\/\/aguamole.pt\/index.php\/product\/wooden-air-freshener\/#breadcrumb\"},\"inLanguage\":\"pt-PT\",\"potentialAction\":[{\"@type\":\"ReadAction\",\"target\":[\"https:\/\/aguamole.pt\/index.php\/product\/wooden-air-freshener\/\"]}]},{\"@type\":\"ImageObject\",\"inLanguage\":\"pt-PT\",\"@id\":\"https:\/\/aguamole.pt\/index.php\/product\/wooden-air-freshener\/#primaryimage\",\"url\":\"https:\/\/aguamole.pt\/wp-content\/uploads\/2020\/08\/am_shop_1.png\",\"contentUrl\":\"https:\/\/aguamole.pt\/wp-content\/uploads\/2020\/08\/am_shop_1.png\",\"width\":1400,\"height\":1600},{\"@type\":\"BreadcrumbList\",\"@id\":\"https:\/\/aguamole.pt\/index.php\/product\/wooden-air-freshener\/#breadcrumb\",\"itemListElement\":[{\"@type\":\"ListItem\",\"position\":1,\"name\":\"Home\",\"item\":\"https:\/\/aguamole.pt\/\"},{\"@type\":\"ListItem\",\"position\":2,\"name\":\"Loja\",\"item\":\"https:\/\/aguamole.pt\/index.php\/shop\/\"},{\"@type\":\"ListItem\",\"position\":3,\"name\":\"Ambientador em Madeira\"}]},{\"@type\":\"WebSite\",\"@id\":\"https:\/\/aguamole.pt\/#website\",\"url\":\"https:\/\/aguamole.pt\/\",\"name\":\"\u00e1gua mole\",\"description\":\"Produtos de bem-estar naturais para o corpo e para a casa\",\"publisher\":{\"@id\":\"https:\/\/aguamole.pt\/#organization\"},\"potentialAction\":[{\"@type\":\"SearchAction\",\"target\":{\"@type\":\"EntryPoint\",\"urlTemplate\":\"https:\/\/aguamole.pt\/?s={search_term_string}\"},\"query-input\":{\"@type\":\"PropertyValueSpecification\",\"valueRequired\":true,\"valueName\":\"search_term_string\"}}],\"inLanguage\":\"pt-PT\"},{\"@type\":\"Organization\",\"@id\":\"https:\/\/aguamole.pt\/#organization\",\"name\":\"\u00e1gua mole\",\"url\":\"https:\/\/aguamole.pt\/\",\"logo\":{\"@type\":\"ImageObject\",\"inLanguage\":\"pt-PT\",\"@id\":\"https:\/\/aguamole.pt\/#\/schema\/logo\/image\/\",\"url\":\"https:\/\/aguamole.pt\/wp-content\/uploads\/2020\/09\/logo_straight-01.png\",\"contentUrl\":\"https:\/\/aguamole.pt\/wp-content\/uploads\/2020\/09\/logo_straight-01.png\",\"width\":129,\"height\":25,\"caption\":\"\u00e1gua mole\"},\"image\":{\"@id\":\"https:\/\/aguamole.pt\/#\/schema\/logo\/image\/\"},\"sameAs\":[\"https:\/\/www.facebook.com\/agua.mole.essencia\",\"https:\/\/www.instagram.com\/agua.mole\/\"]}]}<\/script>\n<!-- \/ Yoast SEO plugin. -->","yoast_head_json":{"title":"Ambientador em Madeira - \u00e1gua mole","description":"Ambientador em madeira \u00f3ptimo para espa\u00e7os pequenos com uma durabilidade razo\u00e1vel, como carros, roupeiros ou c\u00f3modas.","robots":{"index":"index","follow":"follow","max-snippet":"max-snippet:-1","max-image-preview":"max-image-preview:large","max-video-preview":"max-video-preview:-1"},"canonical":"https:\/\/aguamole.pt\/index.php\/product\/wooden-air-freshener\/","og_locale":"pt_PT","og_type":"article","og_title":"Ambientador em Madeira - \u00e1gua mole","og_description":"Ambientador em madeira \u00f3ptimo para espa\u00e7os pequenos com uma durabilidade razo\u00e1vel, como carros, roupeiros ou c\u00f3modas.","og_url":"https:\/\/aguamole.pt\/index.php\/product\/wooden-air-freshener\/","og_site_name":"\u00e1gua mole","article_publisher":"https:\/\/www.facebook.com\/agua.mole.essencia","article_modified_time":"2026-03-22T18:18:05+00:00","og_image":[{"width":896,"height":1024,"url":"https:\/\/aguamole.pt\/wp-content\/uploads\/2020\/08\/am_shop_1-896x1024.png","type":"image\/png"}],"twitter_card":"summary_large_image","twitter_misc":{"Tempo estimado de leitura":"1 minuto"},"schema":{"@context":"https:\/\/schema.org","@graph":[{"@type":"WebPage","@id":"https:\/\/aguamole.pt\/index.php\/product\/wooden-air-freshener\/","url":"https:\/\/aguamole.pt\/index.php\/product\/wooden-air-freshener\/","name":"Ambientador em Madeira - \u00e1gua mole","isPartOf":{"@id":"https:\/\/aguamole.pt\/#website"},"primaryImageOfPage":{"@id":"https:\/\/aguamole.pt\/index.php\/product\/wooden-air-freshener\/#primaryimage"},"image":{"@id":"https:\/\/aguamole.pt\/index.php\/product\/wooden-air-freshener\/#primaryimage"},"thumbnailUrl":"https:\/\/aguamole.pt\/wp-content\/uploads\/2020\/08\/am_shop_1.png","datePublished":"2020-08-08T12:00:59+00:00","dateModified":"2026-03-22T18:18:05+00:00","description":"Ambientador em madeira \u00f3ptimo para espa\u00e7os pequenos com uma durabilidade razo\u00e1vel, como carros, roupeiros ou c\u00f3modas.","breadcrumb":{"@id":"https:\/\/aguamole.pt\/index.php\/product\/wooden-air-freshener\/#breadcrumb"},"inLanguage":"pt-PT","potentialAction":[{"@type":"ReadAction","target":["https:\/\/aguamole.pt\/index.php\/product\/wooden-air-freshener\/"]}]},{"@type":"ImageObject","inLanguage":"pt-PT","@id":"https:\/\/aguamole.pt\/index.php\/product\/wooden-air-freshener\/#primaryimage","url":"https:\/\/aguamole.pt\/wp-content\/uploads\/2020\/08\/am_shop_1.png","contentUrl":"https:\/\/aguamole.pt\/wp-content\/uploads\/2020\/08\/am_shop_1.png","width":1400,"height":1600},{"@type":"BreadcrumbList","@id":"https:\/\/aguamole.pt\/index.php\/product\/wooden-air-freshener\/#breadcrumb","itemListElement":[{"@type":"ListItem","position":1,"name":"Home","item":"https:\/\/aguamole.pt\/"},{"@type":"ListItem","position":2,"name":"Loja","item":"https:\/\/aguamole.pt\/index.php\/shop\/"},{"@type":"ListItem","position":3,"name":"Ambientador em Madeira"}]},{"@type":"WebSite","@id":"https:\/\/aguamole.pt\/#website","url":"https:\/\/aguamole.pt\/","name":"\u00e1gua mole","description":"Produtos de bem-estar naturais para o corpo e para a casa","publisher":{"@id":"https:\/\/aguamole.pt\/#organization"},"potentialAction":[{"@type":"SearchAction","target":{"@type":"EntryPoint","urlTemplate":"https:\/\/aguamole.pt\/?s={search_term_string}"},"query-input":{"@type":"PropertyValueSpecification","valueRequired":true,"valueName":"search_term_string"}}],"inLanguage":"pt-PT"},{"@type":"Organization","@id":"https:\/\/aguamole.pt\/#organization","name":"\u00e1gua mole","url":"https:\/\/aguamole.pt\/","logo":{"@type":"ImageObject","inLanguage":"pt-PT","@id":"https:\/\/aguamole.pt\/#\/schema\/logo\/image\/","url":"https:\/\/aguamole.pt\/wp-content\/uploads\/2020\/09\/logo_straight-01.png","contentUrl":"https:\/\/aguamole.pt\/wp-content\/uploads\/2020\/09\/logo_straight-01.png","width":129,"height":25,"caption":"\u00e1gua mole"},"image":{"@id":"https:\/\/aguamole.pt\/#\/schema\/logo\/image\/"},"sameAs":["https:\/\/www.facebook.com\/agua.mole.essencia","https:\/\/www.instagram.com\/agua.mole\/"]}]}},"jetpack_sharing_enabled":true,"_links":{"self":[{"href":"https:\/\/aguamole.pt\/index.php\/wp-json\/wp\/v2\/product\/1657","targetHints":{"allow":["GET"]}}],"collection":[{"href":"https:\/\/aguamole.pt\/index.php\/wp-json\/wp\/v2\/product"}],"about":[{"href":"https:\/\/aguamole.pt\/index.php\/wp-json\/wp\/v2\/types\/product"}],"replies":[{"embeddable":true,"href":"https:\/\/aguamole.pt\/index.php\/wp-json\/wp\/v2\/comments?post=1657"}],"version-history":[{"count":2,"href":"https:\/\/aguamole.pt\/index.php\/wp-json\/wp\/v2\/product\/1657\/revisions"}],"predecessor-version":[{"id":1772,"href":"https:\/\/aguamole.pt\/index.php\/wp-json\/wp\/v2\/product\/1657\/revisions\/1772"}],"wp:featuredmedia":[{"embeddable":true,"href":"https:\/\/aguamole.pt\/index.php\/wp-json\/wp\/v2\/media\/3724"}],"wp:attachment":[{"href":"https:\/\/aguamole.pt\/index.php\/wp-json\/wp\/v2\/media?parent=1657"}],"wp:term":[{"taxonomy":"product_brand","embeddable":true,"href":"https:\/\/aguamole.pt\/index.php\/wp-json\/wp\/v2\/product_brand?post=1657"},{"taxonomy":"product_cat","embeddable":true,"href":"https:\/\/aguamole.pt\/index.php\/wp-json\/wp\/v2\/product_cat?post=1657"},{"taxonomy":"product_tag","embeddable":true,"href":"https:\/\/aguamole.pt\/index.php\/wp-json\/wp\/v2\/product_tag?post=1657"}],"curies":[{"name":"wp","href":"https:\/\/api.w.org\/{rel}","templated":true}]}}