{"id":2224,"date":"2020-11-10T12:49:11","date_gmt":"2020-11-10T12:49:11","guid":{"rendered":"https:\/\/aguamole.pt\/?post_type=product&#038;p=2224"},"modified":"2024-11-25T12:54:25","modified_gmt":"2024-11-25T12:54:25","slug":"queimador-de-essencia","status":"publish","type":"product","link":"https:\/\/aguamole.pt\/index.php\/product\/queimador-de-essencia\/","title":{"rendered":"Base em Cer\u00e2mica para Vela"},"content":{"rendered":"<p>As velas n\u00e3o est\u00e3o inclu\u00eddas.<\/p>\n<p>Os nossos produtos s\u00e3o feitos \u00e0 m\u00e3o em pequenos lotes, pelo que ir\u00e3o ocorrer diferencia\u00e7\u00f5es m\u00ednimas na sua forma, packaging e cor.<\/p>\n","protected":false},"excerpt":{"rendered":"<p>Base para vela em cer\u00e2mica.<br \/>\nProduto artesanal, cada pe\u00e7a \u00e9 \u00fanica.<\/p>\n<p><strong>Outras cores dispon\u00edveis, mediante contacto: encomendas@aguamole.pt\u00a0<\/strong><\/p>\n<p>&nbsp;<\/p>\n","protected":false},"featured_media":2473,"comment_status":"open","ping_status":"closed","template":"","meta":[],"product_brand":[],"product_cat":[189,97,188],"product_tag":[213,145,204,203,146,144,212,214,215,143],"class_list":{"0":"post-2224","1":"product","2":"type-product","3":"status-publish","4":"has-post-thumbnail","6":"product_cat-collection-aguamole","7":"product_cat-collection-pura","8":"product_cat-spaces","9":"product_tag-candle-plate","10":"product_tag-casa","11":"product_tag-ceramica","12":"product_tag-ceramics","13":"product_tag-espacos","14":"product_tag-home","15":"product_tag-plate","16":"product_tag-prato","17":"product_tag-prato-vela","18":"product_tag-space","20":"first","21":"onbackorder","22":"taxable","23":"shipping-taxable","24":"purchasable","25":"product-type-variable"},"yoast_head":"<!-- This site is optimized with the Yoast SEO plugin v27.0 - https:\/\/yoast.com\/product\/yoast-seo-wordpress\/ -->\n<title>Base em Cer\u00e2mica para Vela - \u00e1gua mole<\/title>\n<meta name=\"description\" content=\"Vela perfumada \u00e0 base de cera vegetal sem parafina ou lanolina. Tons frescos, florais e quentes disponive\u00eds nas diversas fragr\u00e2ncias \u00e0 sua escolha.\" \/>\n<meta name=\"robots\" content=\"index, follow, max-snippet:-1, max-image-preview:large, max-video-preview:-1\" \/>\n<link rel=\"canonical\" href=\"https:\/\/aguamole.pt\/index.php\/product\/queimador-de-essencia\/\" \/>\n<meta property=\"og:locale\" content=\"pt_PT\" \/>\n<meta property=\"og:type\" content=\"article\" \/>\n<meta property=\"og:title\" content=\"Base em Cer\u00e2mica para Vela - \u00e1gua mole\" \/>\n<meta property=\"og:description\" content=\"Vela perfumada \u00e0 base de cera vegetal sem parafina ou lanolina. Tons frescos, florais e quentes disponive\u00eds nas diversas fragr\u00e2ncias \u00e0 sua escolha.\" \/>\n<meta property=\"og:url\" content=\"https:\/\/aguamole.pt\/index.php\/product\/queimador-de-essencia\/\" \/>\n<meta property=\"og:site_name\" content=\"\u00e1gua mole\" \/>\n<meta property=\"article:publisher\" content=\"https:\/\/www.facebook.com\/agua.mole.essencia\" \/>\n<meta property=\"article:modified_time\" content=\"2024-11-25T12:54:25+00:00\" \/>\n<meta property=\"og:image\" content=\"https:\/\/aguamole.pt\/wp-content\/uploads\/2020\/11\/prato_turquesa_main.jpg\" \/>\n\t<meta property=\"og:image:width\" content=\"1400\" \/>\n\t<meta property=\"og:image:height\" content=\"1600\" \/>\n\t<meta property=\"og:image:type\" content=\"image\/jpeg\" \/>\n<meta name=\"twitter:card\" content=\"summary_large_image\" \/>\n<meta name=\"twitter:label1\" content=\"Tempo estimado de leitura\" \/>\n\t<meta name=\"twitter:data1\" content=\"1 minuto\" \/>\n<script type=\"application\/ld+json\" class=\"yoast-schema-graph\">{\"@context\":\"https:\/\/schema.org\",\"@graph\":[{\"@type\":\"WebPage\",\"@id\":\"https:\/\/aguamole.pt\/index.php\/product\/queimador-de-essencia\/\",\"url\":\"https:\/\/aguamole.pt\/index.php\/product\/queimador-de-essencia\/\",\"name\":\"Base em Cer\u00e2mica para Vela - \u00e1gua mole\",\"isPartOf\":{\"@id\":\"https:\/\/aguamole.pt\/#website\"},\"primaryImageOfPage\":{\"@id\":\"https:\/\/aguamole.pt\/index.php\/product\/queimador-de-essencia\/#primaryimage\"},\"image\":{\"@id\":\"https:\/\/aguamole.pt\/index.php\/product\/queimador-de-essencia\/#primaryimage\"},\"thumbnailUrl\":\"https:\/\/aguamole.pt\/wp-content\/uploads\/2020\/11\/prato_turquesa_main.jpg\",\"datePublished\":\"2020-11-10T12:49:11+00:00\",\"dateModified\":\"2024-11-25T12:54:25+00:00\",\"description\":\"Vela perfumada \u00e0 base de cera vegetal sem parafina ou lanolina. Tons frescos, florais e quentes disponive\u00eds nas diversas fragr\u00e2ncias \u00e0 sua escolha.\",\"breadcrumb\":{\"@id\":\"https:\/\/aguamole.pt\/index.php\/product\/queimador-de-essencia\/#breadcrumb\"},\"inLanguage\":\"pt-PT\",\"potentialAction\":[{\"@type\":\"ReadAction\",\"target\":[\"https:\/\/aguamole.pt\/index.php\/product\/queimador-de-essencia\/\"]}]},{\"@type\":\"ImageObject\",\"inLanguage\":\"pt-PT\",\"@id\":\"https:\/\/aguamole.pt\/index.php\/product\/queimador-de-essencia\/#primaryimage\",\"url\":\"https:\/\/aguamole.pt\/wp-content\/uploads\/2020\/11\/prato_turquesa_main.jpg\",\"contentUrl\":\"https:\/\/aguamole.pt\/wp-content\/uploads\/2020\/11\/prato_turquesa_main.jpg\",\"width\":1400,\"height\":1600},{\"@type\":\"BreadcrumbList\",\"@id\":\"https:\/\/aguamole.pt\/index.php\/product\/queimador-de-essencia\/#breadcrumb\",\"itemListElement\":[{\"@type\":\"ListItem\",\"position\":1,\"name\":\"Home\",\"item\":\"https:\/\/aguamole.pt\/\"},{\"@type\":\"ListItem\",\"position\":2,\"name\":\"Loja\",\"item\":\"https:\/\/aguamole.pt\/index.php\/shop\/\"},{\"@type\":\"ListItem\",\"position\":3,\"name\":\"Base em Cer\u00e2mica para Vela\"}]},{\"@type\":\"WebSite\",\"@id\":\"https:\/\/aguamole.pt\/#website\",\"url\":\"https:\/\/aguamole.pt\/\",\"name\":\"\u00e1gua mole\",\"description\":\"Produtos de bem-estar naturais para o corpo e para a casa\",\"publisher\":{\"@id\":\"https:\/\/aguamole.pt\/#organization\"},\"potentialAction\":[{\"@type\":\"SearchAction\",\"target\":{\"@type\":\"EntryPoint\",\"urlTemplate\":\"https:\/\/aguamole.pt\/?s={search_term_string}\"},\"query-input\":{\"@type\":\"PropertyValueSpecification\",\"valueRequired\":true,\"valueName\":\"search_term_string\"}}],\"inLanguage\":\"pt-PT\"},{\"@type\":\"Organization\",\"@id\":\"https:\/\/aguamole.pt\/#organization\",\"name\":\"\u00e1gua mole\",\"url\":\"https:\/\/aguamole.pt\/\",\"logo\":{\"@type\":\"ImageObject\",\"inLanguage\":\"pt-PT\",\"@id\":\"https:\/\/aguamole.pt\/#\/schema\/logo\/image\/\",\"url\":\"https:\/\/aguamole.pt\/wp-content\/uploads\/2020\/09\/logo_straight-01.png\",\"contentUrl\":\"https:\/\/aguamole.pt\/wp-content\/uploads\/2020\/09\/logo_straight-01.png\",\"width\":129,\"height\":25,\"caption\":\"\u00e1gua mole\"},\"image\":{\"@id\":\"https:\/\/aguamole.pt\/#\/schema\/logo\/image\/\"},\"sameAs\":[\"https:\/\/www.facebook.com\/agua.mole.essencia\",\"https:\/\/www.instagram.com\/agua.mole\/\"]}]}<\/script>\n<!-- \/ Yoast SEO plugin. -->","yoast_head_json":{"title":"Base em Cer\u00e2mica para Vela - \u00e1gua mole","description":"Vela perfumada \u00e0 base de cera vegetal sem parafina ou lanolina. Tons frescos, florais e quentes disponive\u00eds nas diversas fragr\u00e2ncias \u00e0 sua escolha.","robots":{"index":"index","follow":"follow","max-snippet":"max-snippet:-1","max-image-preview":"max-image-preview:large","max-video-preview":"max-video-preview:-1"},"canonical":"https:\/\/aguamole.pt\/index.php\/product\/queimador-de-essencia\/","og_locale":"pt_PT","og_type":"article","og_title":"Base em Cer\u00e2mica para Vela - \u00e1gua mole","og_description":"Vela perfumada \u00e0 base de cera vegetal sem parafina ou lanolina. Tons frescos, florais e quentes disponive\u00eds nas diversas fragr\u00e2ncias \u00e0 sua escolha.","og_url":"https:\/\/aguamole.pt\/index.php\/product\/queimador-de-essencia\/","og_site_name":"\u00e1gua mole","article_publisher":"https:\/\/www.facebook.com\/agua.mole.essencia","article_modified_time":"2024-11-25T12:54:25+00:00","og_image":[{"width":1400,"height":1600,"url":"https:\/\/aguamole.pt\/wp-content\/uploads\/2020\/11\/prato_turquesa_main.jpg","type":"image\/jpeg"}],"twitter_card":"summary_large_image","twitter_misc":{"Tempo estimado de leitura":"1 minuto"},"schema":{"@context":"https:\/\/schema.org","@graph":[{"@type":"WebPage","@id":"https:\/\/aguamole.pt\/index.php\/product\/queimador-de-essencia\/","url":"https:\/\/aguamole.pt\/index.php\/product\/queimador-de-essencia\/","name":"Base em Cer\u00e2mica para Vela - \u00e1gua mole","isPartOf":{"@id":"https:\/\/aguamole.pt\/#website"},"primaryImageOfPage":{"@id":"https:\/\/aguamole.pt\/index.php\/product\/queimador-de-essencia\/#primaryimage"},"image":{"@id":"https:\/\/aguamole.pt\/index.php\/product\/queimador-de-essencia\/#primaryimage"},"thumbnailUrl":"https:\/\/aguamole.pt\/wp-content\/uploads\/2020\/11\/prato_turquesa_main.jpg","datePublished":"2020-11-10T12:49:11+00:00","dateModified":"2024-11-25T12:54:25+00:00","description":"Vela perfumada \u00e0 base de cera vegetal sem parafina ou lanolina. Tons frescos, florais e quentes disponive\u00eds nas diversas fragr\u00e2ncias \u00e0 sua escolha.","breadcrumb":{"@id":"https:\/\/aguamole.pt\/index.php\/product\/queimador-de-essencia\/#breadcrumb"},"inLanguage":"pt-PT","potentialAction":[{"@type":"ReadAction","target":["https:\/\/aguamole.pt\/index.php\/product\/queimador-de-essencia\/"]}]},{"@type":"ImageObject","inLanguage":"pt-PT","@id":"https:\/\/aguamole.pt\/index.php\/product\/queimador-de-essencia\/#primaryimage","url":"https:\/\/aguamole.pt\/wp-content\/uploads\/2020\/11\/prato_turquesa_main.jpg","contentUrl":"https:\/\/aguamole.pt\/wp-content\/uploads\/2020\/11\/prato_turquesa_main.jpg","width":1400,"height":1600},{"@type":"BreadcrumbList","@id":"https:\/\/aguamole.pt\/index.php\/product\/queimador-de-essencia\/#breadcrumb","itemListElement":[{"@type":"ListItem","position":1,"name":"Home","item":"https:\/\/aguamole.pt\/"},{"@type":"ListItem","position":2,"name":"Loja","item":"https:\/\/aguamole.pt\/index.php\/shop\/"},{"@type":"ListItem","position":3,"name":"Base em Cer\u00e2mica para Vela"}]},{"@type":"WebSite","@id":"https:\/\/aguamole.pt\/#website","url":"https:\/\/aguamole.pt\/","name":"\u00e1gua mole","description":"Produtos de bem-estar naturais para o corpo e para a casa","publisher":{"@id":"https:\/\/aguamole.pt\/#organization"},"potentialAction":[{"@type":"SearchAction","target":{"@type":"EntryPoint","urlTemplate":"https:\/\/aguamole.pt\/?s={search_term_string}"},"query-input":{"@type":"PropertyValueSpecification","valueRequired":true,"valueName":"search_term_string"}}],"inLanguage":"pt-PT"},{"@type":"Organization","@id":"https:\/\/aguamole.pt\/#organization","name":"\u00e1gua mole","url":"https:\/\/aguamole.pt\/","logo":{"@type":"ImageObject","inLanguage":"pt-PT","@id":"https:\/\/aguamole.pt\/#\/schema\/logo\/image\/","url":"https:\/\/aguamole.pt\/wp-content\/uploads\/2020\/09\/logo_straight-01.png","contentUrl":"https:\/\/aguamole.pt\/wp-content\/uploads\/2020\/09\/logo_straight-01.png","width":129,"height":25,"caption":"\u00e1gua mole"},"image":{"@id":"https:\/\/aguamole.pt\/#\/schema\/logo\/image\/"},"sameAs":["https:\/\/www.facebook.com\/agua.mole.essencia","https:\/\/www.instagram.com\/agua.mole\/"]}]}},"jetpack_sharing_enabled":true,"_links":{"self":[{"href":"https:\/\/aguamole.pt\/index.php\/wp-json\/wp\/v2\/product\/2224","targetHints":{"allow":["GET"]}}],"collection":[{"href":"https:\/\/aguamole.pt\/index.php\/wp-json\/wp\/v2\/product"}],"about":[{"href":"https:\/\/aguamole.pt\/index.php\/wp-json\/wp\/v2\/types\/product"}],"replies":[{"embeddable":true,"href":"https:\/\/aguamole.pt\/index.php\/wp-json\/wp\/v2\/comments?post=2224"}],"version-history":[{"count":0,"href":"https:\/\/aguamole.pt\/index.php\/wp-json\/wp\/v2\/product\/2224\/revisions"}],"wp:featuredmedia":[{"embeddable":true,"href":"https:\/\/aguamole.pt\/index.php\/wp-json\/wp\/v2\/media\/2473"}],"wp:attachment":[{"href":"https:\/\/aguamole.pt\/index.php\/wp-json\/wp\/v2\/media?parent=2224"}],"wp:term":[{"taxonomy":"product_brand","embeddable":true,"href":"https:\/\/aguamole.pt\/index.php\/wp-json\/wp\/v2\/product_brand?post=2224"},{"taxonomy":"product_cat","embeddable":true,"href":"https:\/\/aguamole.pt\/index.php\/wp-json\/wp\/v2\/product_cat?post=2224"},{"taxonomy":"product_tag","embeddable":true,"href":"https:\/\/aguamole.pt\/index.php\/wp-json\/wp\/v2\/product_tag?post=2224"}],"curies":[{"name":"wp","href":"https:\/\/api.w.org\/{rel}","templated":true}]}}