{"id":2360,"date":"2020-11-13T19:51:07","date_gmt":"2020-11-13T19:51:07","guid":{"rendered":"https:\/\/aguamole.pt\/?post_type=product&#038;p=2360"},"modified":"2023-02-22T23:25:24","modified_gmt":"2023-02-22T23:25:24","slug":"vela-viagens-roma-e-bergamota","status":"publish","type":"product","link":"https:\/\/aguamole.pt\/index.php\/product\/vela-viagens-roma-e-bergamota\/","title":{"rendered":"Vela Viagens 60h &#8211; Rom\u00e3 e Bergamota"},"content":{"rendered":"<p><strong>Cuidados a ter:<\/strong><br \/>\nColoque a vela numa superf\u00edcie suficientemente resistente ao calor. N\u00e3o deixe uma vela acesa durante mais de 4 horas. Nunca deixe a vela arder at\u00e9 ao fim. Nunca deixar sem vigil\u00e2ncia e perto de objectos facilmente inflam\u00e1veis. N\u00e3o deixar o produto ao alcance de crian\u00e7as e\/ou animais de estima\u00e7\u00e3o.<\/p>\n<p>&nbsp;<\/p>\n","protected":false},"excerpt":{"rendered":"<p>Uma pe\u00e7a de autor, uma experi\u00eancia sem igual. Esta \u00e9 uma das velas integrantes do projeto &#8220;Viagens&#8221; em parceria com a oficina de cer\u00e2mica Torre do Sino, com o intuito de criar uma viagem \u00fanica seja pelo aroma ou pelas mem\u00f3rias que dele surjam.<\/p>\n<p>Quando a sua vela acabar, ter\u00e1 um pote bel\u00edssimo e \u00fanico que pode utilizar para guardar os seus items pessoais.<\/p>\n<p><strong>Aprox. 370gr<br \/>\nDura\u00e7\u00e3o at\u00e9 60h<br \/>\n<\/strong><\/p>\n","protected":false},"featured_media":2361,"comment_status":"open","ping_status":"closed","template":"","meta":[],"product_brand":[],"product_cat":[190,188],"product_tag":[145,204,203,202,146,144,143,131],"class_list":{"0":"post-2360","1":"product","2":"type-product","3":"status-publish","4":"has-post-thumbnail","6":"product_cat-collection-viagens","7":"product_cat-spaces","8":"product_tag-casa","9":"product_tag-ceramica","10":"product_tag-ceramics","11":"product_tag-collab","12":"product_tag-espacos","13":"product_tag-home","14":"product_tag-space","15":"product_tag-candle","17":"first","18":"instock","19":"taxable","20":"shipping-taxable","21":"purchasable","22":"product-type-simple"},"yoast_head":"<!-- This site is optimized with the Yoast SEO plugin v27.0 - https:\/\/yoast.com\/product\/yoast-seo-wordpress\/ -->\n<title>Vela Viagens 60h - Rom\u00e3 e Bergamota - \u00e1gua mole<\/title>\n<meta name=\"description\" content=\"Vela perfumada \u00e0 base de cera vegetal sem parafina ou lanolina. Tons frescos, florais e quentes disponive\u00eds nas diversas fragr\u00e2ncias \u00e0 sua escolha.\" \/>\n<meta name=\"robots\" content=\"index, follow, max-snippet:-1, max-image-preview:large, max-video-preview:-1\" \/>\n<link rel=\"canonical\" href=\"https:\/\/aguamole.pt\/index.php\/product\/vela-viagens-roma-e-bergamota\/\" \/>\n<meta property=\"og:locale\" content=\"pt_PT\" \/>\n<meta property=\"og:type\" content=\"article\" \/>\n<meta property=\"og:title\" content=\"Vela Viagens 60h - Rom\u00e3 e Bergamota - \u00e1gua mole\" \/>\n<meta property=\"og:description\" content=\"Vela perfumada \u00e0 base de cera vegetal sem parafina ou lanolina. Tons frescos, florais e quentes disponive\u00eds nas diversas fragr\u00e2ncias \u00e0 sua escolha.\" \/>\n<meta property=\"og:url\" content=\"https:\/\/aguamole.pt\/index.php\/product\/vela-viagens-roma-e-bergamota\/\" \/>\n<meta property=\"og:site_name\" content=\"\u00e1gua mole\" \/>\n<meta property=\"article:publisher\" content=\"https:\/\/www.facebook.com\/agua.mole.essencia\" \/>\n<meta property=\"article:modified_time\" content=\"2023-02-22T23:25:24+00:00\" \/>\n<meta property=\"og:image\" content=\"https:\/\/aguamole.pt\/wp-content\/uploads\/2020\/11\/viagens_flordarosa_2.jpg\" \/>\n\t<meta property=\"og:image:width\" content=\"1400\" \/>\n\t<meta property=\"og:image:height\" content=\"1600\" \/>\n\t<meta property=\"og:image:type\" content=\"image\/jpeg\" \/>\n<meta name=\"twitter:card\" content=\"summary_large_image\" \/>\n<script type=\"application\/ld+json\" class=\"yoast-schema-graph\">{\"@context\":\"https:\/\/schema.org\",\"@graph\":[{\"@type\":\"WebPage\",\"@id\":\"https:\/\/aguamole.pt\/index.php\/product\/vela-viagens-roma-e-bergamota\/\",\"url\":\"https:\/\/aguamole.pt\/index.php\/product\/vela-viagens-roma-e-bergamota\/\",\"name\":\"Vela Viagens 60h - Rom\u00e3 e Bergamota - \u00e1gua mole\",\"isPartOf\":{\"@id\":\"https:\/\/aguamole.pt\/#website\"},\"primaryImageOfPage\":{\"@id\":\"https:\/\/aguamole.pt\/index.php\/product\/vela-viagens-roma-e-bergamota\/#primaryimage\"},\"image\":{\"@id\":\"https:\/\/aguamole.pt\/index.php\/product\/vela-viagens-roma-e-bergamota\/#primaryimage\"},\"thumbnailUrl\":\"https:\/\/aguamole.pt\/wp-content\/uploads\/2020\/11\/viagens_flordarosa_2.jpg\",\"datePublished\":\"2020-11-13T19:51:07+00:00\",\"dateModified\":\"2023-02-22T23:25:24+00:00\",\"description\":\"Vela perfumada \u00e0 base de cera vegetal sem parafina ou lanolina. Tons frescos, florais e quentes disponive\u00eds nas diversas fragr\u00e2ncias \u00e0 sua escolha.\",\"breadcrumb\":{\"@id\":\"https:\/\/aguamole.pt\/index.php\/product\/vela-viagens-roma-e-bergamota\/#breadcrumb\"},\"inLanguage\":\"pt-PT\",\"potentialAction\":[{\"@type\":\"ReadAction\",\"target\":[\"https:\/\/aguamole.pt\/index.php\/product\/vela-viagens-roma-e-bergamota\/\"]}]},{\"@type\":\"ImageObject\",\"inLanguage\":\"pt-PT\",\"@id\":\"https:\/\/aguamole.pt\/index.php\/product\/vela-viagens-roma-e-bergamota\/#primaryimage\",\"url\":\"https:\/\/aguamole.pt\/wp-content\/uploads\/2020\/11\/viagens_flordarosa_2.jpg\",\"contentUrl\":\"https:\/\/aguamole.pt\/wp-content\/uploads\/2020\/11\/viagens_flordarosa_2.jpg\",\"width\":1400,\"height\":1600},{\"@type\":\"BreadcrumbList\",\"@id\":\"https:\/\/aguamole.pt\/index.php\/product\/vela-viagens-roma-e-bergamota\/#breadcrumb\",\"itemListElement\":[{\"@type\":\"ListItem\",\"position\":1,\"name\":\"Home\",\"item\":\"https:\/\/aguamole.pt\/\"},{\"@type\":\"ListItem\",\"position\":2,\"name\":\"Loja\",\"item\":\"https:\/\/aguamole.pt\/index.php\/shop\/\"},{\"@type\":\"ListItem\",\"position\":3,\"name\":\"Vela Viagens 60h &#8211; Rom\u00e3 e Bergamota\"}]},{\"@type\":\"WebSite\",\"@id\":\"https:\/\/aguamole.pt\/#website\",\"url\":\"https:\/\/aguamole.pt\/\",\"name\":\"\u00e1gua mole\",\"description\":\"Produtos de bem-estar naturais para o corpo e para a casa\",\"publisher\":{\"@id\":\"https:\/\/aguamole.pt\/#organization\"},\"potentialAction\":[{\"@type\":\"SearchAction\",\"target\":{\"@type\":\"EntryPoint\",\"urlTemplate\":\"https:\/\/aguamole.pt\/?s={search_term_string}\"},\"query-input\":{\"@type\":\"PropertyValueSpecification\",\"valueRequired\":true,\"valueName\":\"search_term_string\"}}],\"inLanguage\":\"pt-PT\"},{\"@type\":\"Organization\",\"@id\":\"https:\/\/aguamole.pt\/#organization\",\"name\":\"\u00e1gua mole\",\"url\":\"https:\/\/aguamole.pt\/\",\"logo\":{\"@type\":\"ImageObject\",\"inLanguage\":\"pt-PT\",\"@id\":\"https:\/\/aguamole.pt\/#\/schema\/logo\/image\/\",\"url\":\"https:\/\/aguamole.pt\/wp-content\/uploads\/2020\/09\/logo_straight-01.png\",\"contentUrl\":\"https:\/\/aguamole.pt\/wp-content\/uploads\/2020\/09\/logo_straight-01.png\",\"width\":129,\"height\":25,\"caption\":\"\u00e1gua mole\"},\"image\":{\"@id\":\"https:\/\/aguamole.pt\/#\/schema\/logo\/image\/\"},\"sameAs\":[\"https:\/\/www.facebook.com\/agua.mole.essencia\",\"https:\/\/www.instagram.com\/agua.mole\/\"]}]}<\/script>\n<!-- \/ Yoast SEO plugin. -->","yoast_head_json":{"title":"Vela Viagens 60h - Rom\u00e3 e Bergamota - \u00e1gua mole","description":"Vela perfumada \u00e0 base de cera vegetal sem parafina ou lanolina. Tons frescos, florais e quentes disponive\u00eds nas diversas fragr\u00e2ncias \u00e0 sua escolha.","robots":{"index":"index","follow":"follow","max-snippet":"max-snippet:-1","max-image-preview":"max-image-preview:large","max-video-preview":"max-video-preview:-1"},"canonical":"https:\/\/aguamole.pt\/index.php\/product\/vela-viagens-roma-e-bergamota\/","og_locale":"pt_PT","og_type":"article","og_title":"Vela Viagens 60h - Rom\u00e3 e Bergamota - \u00e1gua mole","og_description":"Vela perfumada \u00e0 base de cera vegetal sem parafina ou lanolina. Tons frescos, florais e quentes disponive\u00eds nas diversas fragr\u00e2ncias \u00e0 sua escolha.","og_url":"https:\/\/aguamole.pt\/index.php\/product\/vela-viagens-roma-e-bergamota\/","og_site_name":"\u00e1gua mole","article_publisher":"https:\/\/www.facebook.com\/agua.mole.essencia","article_modified_time":"2023-02-22T23:25:24+00:00","og_image":[{"width":1400,"height":1600,"url":"https:\/\/aguamole.pt\/wp-content\/uploads\/2020\/11\/viagens_flordarosa_2.jpg","type":"image\/jpeg"}],"twitter_card":"summary_large_image","schema":{"@context":"https:\/\/schema.org","@graph":[{"@type":"WebPage","@id":"https:\/\/aguamole.pt\/index.php\/product\/vela-viagens-roma-e-bergamota\/","url":"https:\/\/aguamole.pt\/index.php\/product\/vela-viagens-roma-e-bergamota\/","name":"Vela Viagens 60h - Rom\u00e3 e Bergamota - \u00e1gua mole","isPartOf":{"@id":"https:\/\/aguamole.pt\/#website"},"primaryImageOfPage":{"@id":"https:\/\/aguamole.pt\/index.php\/product\/vela-viagens-roma-e-bergamota\/#primaryimage"},"image":{"@id":"https:\/\/aguamole.pt\/index.php\/product\/vela-viagens-roma-e-bergamota\/#primaryimage"},"thumbnailUrl":"https:\/\/aguamole.pt\/wp-content\/uploads\/2020\/11\/viagens_flordarosa_2.jpg","datePublished":"2020-11-13T19:51:07+00:00","dateModified":"2023-02-22T23:25:24+00:00","description":"Vela perfumada \u00e0 base de cera vegetal sem parafina ou lanolina. Tons frescos, florais e quentes disponive\u00eds nas diversas fragr\u00e2ncias \u00e0 sua escolha.","breadcrumb":{"@id":"https:\/\/aguamole.pt\/index.php\/product\/vela-viagens-roma-e-bergamota\/#breadcrumb"},"inLanguage":"pt-PT","potentialAction":[{"@type":"ReadAction","target":["https:\/\/aguamole.pt\/index.php\/product\/vela-viagens-roma-e-bergamota\/"]}]},{"@type":"ImageObject","inLanguage":"pt-PT","@id":"https:\/\/aguamole.pt\/index.php\/product\/vela-viagens-roma-e-bergamota\/#primaryimage","url":"https:\/\/aguamole.pt\/wp-content\/uploads\/2020\/11\/viagens_flordarosa_2.jpg","contentUrl":"https:\/\/aguamole.pt\/wp-content\/uploads\/2020\/11\/viagens_flordarosa_2.jpg","width":1400,"height":1600},{"@type":"BreadcrumbList","@id":"https:\/\/aguamole.pt\/index.php\/product\/vela-viagens-roma-e-bergamota\/#breadcrumb","itemListElement":[{"@type":"ListItem","position":1,"name":"Home","item":"https:\/\/aguamole.pt\/"},{"@type":"ListItem","position":2,"name":"Loja","item":"https:\/\/aguamole.pt\/index.php\/shop\/"},{"@type":"ListItem","position":3,"name":"Vela Viagens 60h &#8211; Rom\u00e3 e Bergamota"}]},{"@type":"WebSite","@id":"https:\/\/aguamole.pt\/#website","url":"https:\/\/aguamole.pt\/","name":"\u00e1gua mole","description":"Produtos de bem-estar naturais para o corpo e para a casa","publisher":{"@id":"https:\/\/aguamole.pt\/#organization"},"potentialAction":[{"@type":"SearchAction","target":{"@type":"EntryPoint","urlTemplate":"https:\/\/aguamole.pt\/?s={search_term_string}"},"query-input":{"@type":"PropertyValueSpecification","valueRequired":true,"valueName":"search_term_string"}}],"inLanguage":"pt-PT"},{"@type":"Organization","@id":"https:\/\/aguamole.pt\/#organization","name":"\u00e1gua mole","url":"https:\/\/aguamole.pt\/","logo":{"@type":"ImageObject","inLanguage":"pt-PT","@id":"https:\/\/aguamole.pt\/#\/schema\/logo\/image\/","url":"https:\/\/aguamole.pt\/wp-content\/uploads\/2020\/09\/logo_straight-01.png","contentUrl":"https:\/\/aguamole.pt\/wp-content\/uploads\/2020\/09\/logo_straight-01.png","width":129,"height":25,"caption":"\u00e1gua mole"},"image":{"@id":"https:\/\/aguamole.pt\/#\/schema\/logo\/image\/"},"sameAs":["https:\/\/www.facebook.com\/agua.mole.essencia","https:\/\/www.instagram.com\/agua.mole\/"]}]}},"jetpack_sharing_enabled":true,"_links":{"self":[{"href":"https:\/\/aguamole.pt\/index.php\/wp-json\/wp\/v2\/product\/2360","targetHints":{"allow":["GET"]}}],"collection":[{"href":"https:\/\/aguamole.pt\/index.php\/wp-json\/wp\/v2\/product"}],"about":[{"href":"https:\/\/aguamole.pt\/index.php\/wp-json\/wp\/v2\/types\/product"}],"replies":[{"embeddable":true,"href":"https:\/\/aguamole.pt\/index.php\/wp-json\/wp\/v2\/comments?post=2360"}],"version-history":[{"count":1,"href":"https:\/\/aguamole.pt\/index.php\/wp-json\/wp\/v2\/product\/2360\/revisions"}],"predecessor-version":[{"id":2396,"href":"https:\/\/aguamole.pt\/index.php\/wp-json\/wp\/v2\/product\/2360\/revisions\/2396"}],"wp:featuredmedia":[{"embeddable":true,"href":"https:\/\/aguamole.pt\/index.php\/wp-json\/wp\/v2\/media\/2361"}],"wp:attachment":[{"href":"https:\/\/aguamole.pt\/index.php\/wp-json\/wp\/v2\/media?parent=2360"}],"wp:term":[{"taxonomy":"product_brand","embeddable":true,"href":"https:\/\/aguamole.pt\/index.php\/wp-json\/wp\/v2\/product_brand?post=2360"},{"taxonomy":"product_cat","embeddable":true,"href":"https:\/\/aguamole.pt\/index.php\/wp-json\/wp\/v2\/product_cat?post=2360"},{"taxonomy":"product_tag","embeddable":true,"href":"https:\/\/aguamole.pt\/index.php\/wp-json\/wp\/v2\/product_tag?post=2360"}],"curies":[{"name":"wp","href":"https:\/\/api.w.org\/{rel}","templated":true}]}}