{"id":2628,"date":"2020-11-19T16:49:35","date_gmt":"2020-11-19T16:49:35","guid":{"rendered":"https:\/\/aguamole.pt\/?post_type=product&#038;p=2628"},"modified":"2024-11-25T12:54:42","modified_gmt":"2024-11-25T12:54:42","slug":"lencinhos-novos-comecos","status":"publish","type":"product","link":"https:\/\/aguamole.pt\/index.php\/product\/lencinhos-novos-comecos\/","title":{"rendered":"Lencinhos Novos Come\u00e7os"},"content":{"rendered":"<p><strong>Nota:<\/strong><br \/>\nO padr\u00e3o do tecido do lencinho poder\u00e1 derivar, em caso de ruptura de <em>stock<\/em>.<br \/>\nAssim que tal acontecer colocaremos fotografias dos novos tecidos assim que poss\u00edvel.<\/p>\n<p>Os nossos produtos s\u00e3o feitos \u00e0 m\u00e3o em pequenos lotes, pelo que ir\u00e3o ocorrer diferencia\u00e7\u00f5es m\u00ednimas na sua forma, packaging e cor.<\/p>\n","protected":false},"excerpt":{"rendered":"<p>Lencinho com produtos da nossa linha \u00e1gua mole, para quem nunca se aventurou no mundo dos s\u00f3lidos. Come\u00e7amos 2021 em grande?<\/p>\n<p>Como n\u00e3o damos ponto sem n\u00f3, tanto os talegos como os lencinhos foram pensados para este conjunto de modo a que pudessem ter uma segunda vida ap\u00f3s o desembrulhar do presente.<br \/>\nO lencinho pode ser re-aproveitado, como acess\u00f3rio para cabelo ou pesco\u00e7o ou at\u00e9 para levar a merenda.<br \/>\nO taleigo pode ser re-aproveitado como <em>necessaire <\/em>ou at\u00e9 mesmo nas vossas idas \u00e0 frutaria e \u00e0 padaria. \ud83d\ude42<\/p>\n<p>&nbsp;<\/p>\n","protected":false},"featured_media":2620,"comment_status":"open","ping_status":"closed","template":"","meta":[],"product_brand":[],"product_cat":[98,207],"product_tag":[220,225,224,227,226,155],"class_list":{"0":"post-2628","1":"product","2":"type-product","3":"status-publish","4":"has-post-thumbnail","6":"product_cat-bundles","7":"product_cat-lencinhos","8":"product_tag-aromatico","9":"product_tag-conjuntos","10":"product_tag-experiencias","11":"product_tag-lencinho","12":"product_tag-presentes","13":"product_tag-spa","15":"first","16":"instock","17":"taxable","18":"shipping-taxable","19":"purchasable","20":"product-type-variable"},"yoast_head":"<!-- This site is optimized with the Yoast SEO plugin v27.0 - https:\/\/yoast.com\/product\/yoast-seo-wordpress\/ -->\n<title>Lencinhos Novos Come\u00e7os - \u00e1gua mole<\/title>\n<meta name=\"description\" content=\"Lencinho com produtos da nossa linha \u00e1gua mole, para quem nunca se aventurou no mundo dos s\u00f3lidos. Come\u00e7amos 2021 em grande?\" \/>\n<meta name=\"robots\" content=\"index, follow, max-snippet:-1, max-image-preview:large, max-video-preview:-1\" \/>\n<link rel=\"canonical\" href=\"https:\/\/aguamole.pt\/index.php\/product\/lencinhos-novos-comecos\/\" \/>\n<meta property=\"og:locale\" content=\"pt_PT\" \/>\n<meta property=\"og:type\" content=\"article\" \/>\n<meta property=\"og:title\" content=\"Lencinhos Novos Come\u00e7os - \u00e1gua mole\" \/>\n<meta property=\"og:description\" content=\"Lencinho com produtos da nossa linha \u00e1gua mole, para quem nunca se aventurou no mundo dos s\u00f3lidos. Come\u00e7amos 2021 em grande?\" \/>\n<meta property=\"og:url\" content=\"https:\/\/aguamole.pt\/index.php\/product\/lencinhos-novos-comecos\/\" \/>\n<meta property=\"og:site_name\" content=\"\u00e1gua mole\" \/>\n<meta property=\"article:publisher\" content=\"https:\/\/www.facebook.com\/agua.mole.essencia\" \/>\n<meta property=\"article:modified_time\" content=\"2024-11-25T12:54:42+00:00\" \/>\n<meta property=\"og:image\" content=\"https:\/\/aguamole.pt\/wp-content\/uploads\/2020\/11\/Lencinho_Limoeiro.jpg\" \/>\n\t<meta property=\"og:image:width\" content=\"1400\" \/>\n\t<meta property=\"og:image:height\" content=\"1600\" \/>\n\t<meta property=\"og:image:type\" content=\"image\/jpeg\" \/>\n<meta name=\"twitter:card\" content=\"summary_large_image\" \/>\n<script type=\"application\/ld+json\" class=\"yoast-schema-graph\">{\"@context\":\"https:\/\/schema.org\",\"@graph\":[{\"@type\":\"WebPage\",\"@id\":\"https:\/\/aguamole.pt\/index.php\/product\/lencinhos-novos-comecos\/\",\"url\":\"https:\/\/aguamole.pt\/index.php\/product\/lencinhos-novos-comecos\/\",\"name\":\"Lencinhos Novos Come\u00e7os - \u00e1gua mole\",\"isPartOf\":{\"@id\":\"https:\/\/aguamole.pt\/#website\"},\"primaryImageOfPage\":{\"@id\":\"https:\/\/aguamole.pt\/index.php\/product\/lencinhos-novos-comecos\/#primaryimage\"},\"image\":{\"@id\":\"https:\/\/aguamole.pt\/index.php\/product\/lencinhos-novos-comecos\/#primaryimage\"},\"thumbnailUrl\":\"https:\/\/aguamole.pt\/wp-content\/uploads\/2020\/11\/Lencinho_Limoeiro.jpg\",\"datePublished\":\"2020-11-19T16:49:35+00:00\",\"dateModified\":\"2024-11-25T12:54:42+00:00\",\"description\":\"Lencinho com produtos da nossa linha \u00e1gua mole, para quem nunca se aventurou no mundo dos s\u00f3lidos. Come\u00e7amos 2021 em grande?\",\"breadcrumb\":{\"@id\":\"https:\/\/aguamole.pt\/index.php\/product\/lencinhos-novos-comecos\/#breadcrumb\"},\"inLanguage\":\"pt-PT\",\"potentialAction\":[{\"@type\":\"ReadAction\",\"target\":[\"https:\/\/aguamole.pt\/index.php\/product\/lencinhos-novos-comecos\/\"]}]},{\"@type\":\"ImageObject\",\"inLanguage\":\"pt-PT\",\"@id\":\"https:\/\/aguamole.pt\/index.php\/product\/lencinhos-novos-comecos\/#primaryimage\",\"url\":\"https:\/\/aguamole.pt\/wp-content\/uploads\/2020\/11\/Lencinho_Limoeiro.jpg\",\"contentUrl\":\"https:\/\/aguamole.pt\/wp-content\/uploads\/2020\/11\/Lencinho_Limoeiro.jpg\",\"width\":1400,\"height\":1600},{\"@type\":\"BreadcrumbList\",\"@id\":\"https:\/\/aguamole.pt\/index.php\/product\/lencinhos-novos-comecos\/#breadcrumb\",\"itemListElement\":[{\"@type\":\"ListItem\",\"position\":1,\"name\":\"Home\",\"item\":\"https:\/\/aguamole.pt\/\"},{\"@type\":\"ListItem\",\"position\":2,\"name\":\"Loja\",\"item\":\"https:\/\/aguamole.pt\/index.php\/shop\/\"},{\"@type\":\"ListItem\",\"position\":3,\"name\":\"Lencinhos Novos Come\u00e7os\"}]},{\"@type\":\"WebSite\",\"@id\":\"https:\/\/aguamole.pt\/#website\",\"url\":\"https:\/\/aguamole.pt\/\",\"name\":\"\u00e1gua mole\",\"description\":\"Produtos de bem-estar naturais para o corpo e para a casa\",\"publisher\":{\"@id\":\"https:\/\/aguamole.pt\/#organization\"},\"potentialAction\":[{\"@type\":\"SearchAction\",\"target\":{\"@type\":\"EntryPoint\",\"urlTemplate\":\"https:\/\/aguamole.pt\/?s={search_term_string}\"},\"query-input\":{\"@type\":\"PropertyValueSpecification\",\"valueRequired\":true,\"valueName\":\"search_term_string\"}}],\"inLanguage\":\"pt-PT\"},{\"@type\":\"Organization\",\"@id\":\"https:\/\/aguamole.pt\/#organization\",\"name\":\"\u00e1gua mole\",\"url\":\"https:\/\/aguamole.pt\/\",\"logo\":{\"@type\":\"ImageObject\",\"inLanguage\":\"pt-PT\",\"@id\":\"https:\/\/aguamole.pt\/#\/schema\/logo\/image\/\",\"url\":\"https:\/\/aguamole.pt\/wp-content\/uploads\/2020\/09\/logo_straight-01.png\",\"contentUrl\":\"https:\/\/aguamole.pt\/wp-content\/uploads\/2020\/09\/logo_straight-01.png\",\"width\":129,\"height\":25,\"caption\":\"\u00e1gua mole\"},\"image\":{\"@id\":\"https:\/\/aguamole.pt\/#\/schema\/logo\/image\/\"},\"sameAs\":[\"https:\/\/www.facebook.com\/agua.mole.essencia\",\"https:\/\/www.instagram.com\/agua.mole\/\"]}]}<\/script>\n<!-- \/ Yoast SEO plugin. -->","yoast_head_json":{"title":"Lencinhos Novos Come\u00e7os - \u00e1gua mole","description":"Lencinho com produtos da nossa linha \u00e1gua mole, para quem nunca se aventurou no mundo dos s\u00f3lidos. Come\u00e7amos 2021 em grande?","robots":{"index":"index","follow":"follow","max-snippet":"max-snippet:-1","max-image-preview":"max-image-preview:large","max-video-preview":"max-video-preview:-1"},"canonical":"https:\/\/aguamole.pt\/index.php\/product\/lencinhos-novos-comecos\/","og_locale":"pt_PT","og_type":"article","og_title":"Lencinhos Novos Come\u00e7os - \u00e1gua mole","og_description":"Lencinho com produtos da nossa linha \u00e1gua mole, para quem nunca se aventurou no mundo dos s\u00f3lidos. Come\u00e7amos 2021 em grande?","og_url":"https:\/\/aguamole.pt\/index.php\/product\/lencinhos-novos-comecos\/","og_site_name":"\u00e1gua mole","article_publisher":"https:\/\/www.facebook.com\/agua.mole.essencia","article_modified_time":"2024-11-25T12:54:42+00:00","og_image":[{"width":1400,"height":1600,"url":"https:\/\/aguamole.pt\/wp-content\/uploads\/2020\/11\/Lencinho_Limoeiro.jpg","type":"image\/jpeg"}],"twitter_card":"summary_large_image","schema":{"@context":"https:\/\/schema.org","@graph":[{"@type":"WebPage","@id":"https:\/\/aguamole.pt\/index.php\/product\/lencinhos-novos-comecos\/","url":"https:\/\/aguamole.pt\/index.php\/product\/lencinhos-novos-comecos\/","name":"Lencinhos Novos Come\u00e7os - \u00e1gua mole","isPartOf":{"@id":"https:\/\/aguamole.pt\/#website"},"primaryImageOfPage":{"@id":"https:\/\/aguamole.pt\/index.php\/product\/lencinhos-novos-comecos\/#primaryimage"},"image":{"@id":"https:\/\/aguamole.pt\/index.php\/product\/lencinhos-novos-comecos\/#primaryimage"},"thumbnailUrl":"https:\/\/aguamole.pt\/wp-content\/uploads\/2020\/11\/Lencinho_Limoeiro.jpg","datePublished":"2020-11-19T16:49:35+00:00","dateModified":"2024-11-25T12:54:42+00:00","description":"Lencinho com produtos da nossa linha \u00e1gua mole, para quem nunca se aventurou no mundo dos s\u00f3lidos. Come\u00e7amos 2021 em grande?","breadcrumb":{"@id":"https:\/\/aguamole.pt\/index.php\/product\/lencinhos-novos-comecos\/#breadcrumb"},"inLanguage":"pt-PT","potentialAction":[{"@type":"ReadAction","target":["https:\/\/aguamole.pt\/index.php\/product\/lencinhos-novos-comecos\/"]}]},{"@type":"ImageObject","inLanguage":"pt-PT","@id":"https:\/\/aguamole.pt\/index.php\/product\/lencinhos-novos-comecos\/#primaryimage","url":"https:\/\/aguamole.pt\/wp-content\/uploads\/2020\/11\/Lencinho_Limoeiro.jpg","contentUrl":"https:\/\/aguamole.pt\/wp-content\/uploads\/2020\/11\/Lencinho_Limoeiro.jpg","width":1400,"height":1600},{"@type":"BreadcrumbList","@id":"https:\/\/aguamole.pt\/index.php\/product\/lencinhos-novos-comecos\/#breadcrumb","itemListElement":[{"@type":"ListItem","position":1,"name":"Home","item":"https:\/\/aguamole.pt\/"},{"@type":"ListItem","position":2,"name":"Loja","item":"https:\/\/aguamole.pt\/index.php\/shop\/"},{"@type":"ListItem","position":3,"name":"Lencinhos Novos Come\u00e7os"}]},{"@type":"WebSite","@id":"https:\/\/aguamole.pt\/#website","url":"https:\/\/aguamole.pt\/","name":"\u00e1gua mole","description":"Produtos de bem-estar naturais para o corpo e para a casa","publisher":{"@id":"https:\/\/aguamole.pt\/#organization"},"potentialAction":[{"@type":"SearchAction","target":{"@type":"EntryPoint","urlTemplate":"https:\/\/aguamole.pt\/?s={search_term_string}"},"query-input":{"@type":"PropertyValueSpecification","valueRequired":true,"valueName":"search_term_string"}}],"inLanguage":"pt-PT"},{"@type":"Organization","@id":"https:\/\/aguamole.pt\/#organization","name":"\u00e1gua mole","url":"https:\/\/aguamole.pt\/","logo":{"@type":"ImageObject","inLanguage":"pt-PT","@id":"https:\/\/aguamole.pt\/#\/schema\/logo\/image\/","url":"https:\/\/aguamole.pt\/wp-content\/uploads\/2020\/09\/logo_straight-01.png","contentUrl":"https:\/\/aguamole.pt\/wp-content\/uploads\/2020\/09\/logo_straight-01.png","width":129,"height":25,"caption":"\u00e1gua mole"},"image":{"@id":"https:\/\/aguamole.pt\/#\/schema\/logo\/image\/"},"sameAs":["https:\/\/www.facebook.com\/agua.mole.essencia","https:\/\/www.instagram.com\/agua.mole\/"]}]}},"jetpack_sharing_enabled":true,"_links":{"self":[{"href":"https:\/\/aguamole.pt\/index.php\/wp-json\/wp\/v2\/product\/2628","targetHints":{"allow":["GET"]}}],"collection":[{"href":"https:\/\/aguamole.pt\/index.php\/wp-json\/wp\/v2\/product"}],"about":[{"href":"https:\/\/aguamole.pt\/index.php\/wp-json\/wp\/v2\/types\/product"}],"replies":[{"embeddable":true,"href":"https:\/\/aguamole.pt\/index.php\/wp-json\/wp\/v2\/comments?post=2628"}],"version-history":[{"count":1,"href":"https:\/\/aguamole.pt\/index.php\/wp-json\/wp\/v2\/product\/2628\/revisions"}],"predecessor-version":[{"id":2770,"href":"https:\/\/aguamole.pt\/index.php\/wp-json\/wp\/v2\/product\/2628\/revisions\/2770"}],"wp:featuredmedia":[{"embeddable":true,"href":"https:\/\/aguamole.pt\/index.php\/wp-json\/wp\/v2\/media\/2620"}],"wp:attachment":[{"href":"https:\/\/aguamole.pt\/index.php\/wp-json\/wp\/v2\/media?parent=2628"}],"wp:term":[{"taxonomy":"product_brand","embeddable":true,"href":"https:\/\/aguamole.pt\/index.php\/wp-json\/wp\/v2\/product_brand?post=2628"},{"taxonomy":"product_cat","embeddable":true,"href":"https:\/\/aguamole.pt\/index.php\/wp-json\/wp\/v2\/product_cat?post=2628"},{"taxonomy":"product_tag","embeddable":true,"href":"https:\/\/aguamole.pt\/index.php\/wp-json\/wp\/v2\/product_tag?post=2628"}],"curies":[{"name":"wp","href":"https:\/\/api.w.org\/{rel}","templated":true}]}}